{"id":243581,"date":"2025-03-20T14:57:34","date_gmt":"2025-03-20T14:57:34","guid":{"rendered":"https:\/\/aromasentia.com\/product\/10x-10ml-pine-sylvestris-essential-oil-unlabelled\/"},"modified":"2025-12-30T20:43:51","modified_gmt":"2025-12-30T20:43:51","slug":"waldkiefer-aetherische-oele-ohne-etiketten-in-der-10er-box","status":"publish","type":"product","link":"https:\/\/aromasentia.com\/de\/waldkiefer-aetherische-oele-ohne-etiketten-in-der-10er-box\/","title":{"rendered":"Waldkiefer \u00c4therische \u00d6le (Ohne Etiketten) in der 10er-Box"},"content":{"rendered":"<p>Holen Sie sich den Wald ins Haus mit diesem unbeschrifteten 10er-Pack mit 10 ml \u00e4therischem \u00d6l der Kiefer Sylvestris. Dieses \u00d6l f\u00e4ngt das frische, frische, balsamische und harzige Aroma eines Kiefernwaldes ein und wirkt wunderbar belebend und reinigend. Die Sylvestris-Kiefer ist bekannt f\u00fcr ihre F\u00e4higkeit, die Gesundheit der Atemwege zu unterst\u00fctzen, Stauungen zu beseitigen und den Geist zu beleben. Sein sauberer, belebender Duft kann auch dazu beitragen, Ger\u00fcche zu neutralisieren und eine erfrischende Atmosph\u00e4re zu schaffen. Ideal zum Zerst\u00e4uben, um ein Gef\u00fchl von Weite und nat\u00fcrlicher Vitalit\u00e4t zu erwecken.<\/p>\n","protected":false},"excerpt":{"rendered":"<p>Holen Sie sich den Wald ins Haus mit diesem unbeschrifteten 10er-Pack mit 10 ml \u00e4therischem \u00d6l der Kiefer Sylvestris. Dieses \u00d6l f\u00e4ngt das frische, frische, balsamische und harzige Aroma eines Kiefernwaldes ein und wirkt wunderbar belebend und reinigend. Die Sylvestris-Kiefer ist bekannt f\u00fcr ihre F\u00e4higkeit, die Gesundheit der Atemwege zu unterst\u00fctzen, Stauungen zu beseitigen und [&hellip;]<\/p>\n","protected":false},"featured_media":264098,"comment_status":"closed","ping_status":"open","template":"","meta":{"_angie_page":false},"product_brand":[27090],"product_cat":[16455,23649,25841,26896,26348],"product_tag":[],"class_list":{"0":"post-243581","1":"product","2":"type-product","3":"status-publish","4":"has-post-thumbnail","6":"product_brand-ancient-wisdom","7":"product_cat-aromatherapie-und-raumdufte","8":"product_cat-atherische-ole","9":"product_cat-dufte-aromen","10":"product_cat-holzig","11":"product_cat-waldkiefer-pinus-sylvestris","12":"pa_collection-gifts-unbranded-essential-oils-de","13":"pa_made-in-serbien","14":"pa_size-10ml","16":"first","17":"instock","18":"purchasable","19":"product-type-simple"},"supplier_id":null,"supplier_sku":"EOUL-45","barcode":null,"atum_controlled":true,"out_stock_date":null,"out_stock_threshold":null,"inheritable":false,"inbound_stock":null,"stock_on_hold":0,"sold_today":0,"sales_last_days":0,"reserved_stock":null,"customer_returns":null,"warehouse_damage":null,"lost_in_post":null,"other_logs":null,"out_stock_days":9,"lost_sales":0,"has_location":null,"update_date":"2026-04-27T07:01:53","atum_locations":[],"atum_stock_status":"instock","restock_status":false,"low_stock_amount":"","sales_update_date":"2026-01-30T01:24:56","calc_backorders":null,"_links":{"self":[{"href":"https:\/\/aromasentia.com\/de\/wp-json\/wp\/v2\/product\/243581","targetHints":{"allow":["GET"]}}],"collection":[{"href":"https:\/\/aromasentia.com\/de\/wp-json\/wp\/v2\/product"}],"about":[{"href":"https:\/\/aromasentia.com\/de\/wp-json\/wp\/v2\/types\/product"}],"replies":[{"embeddable":true,"href":"https:\/\/aromasentia.com\/de\/wp-json\/wp\/v2\/comments?post=243581"}],"version-history":[{"count":0,"href":"https:\/\/aromasentia.com\/de\/wp-json\/wp\/v2\/product\/243581\/revisions"}],"wp:featuredmedia":[{"embeddable":true,"href":"https:\/\/aromasentia.com\/de\/wp-json\/wp\/v2\/media\/264098"}],"wp:attachment":[{"href":"https:\/\/aromasentia.com\/de\/wp-json\/wp\/v2\/media?parent=243581"}],"wp:term":[{"taxonomy":"product_brand","embeddable":true,"href":"https:\/\/aromasentia.com\/de\/wp-json\/wp\/v2\/product_brand?post=243581"},{"taxonomy":"product_cat","embeddable":true,"href":"https:\/\/aromasentia.com\/de\/wp-json\/wp\/v2\/product_cat?post=243581"},{"taxonomy":"product_tag","embeddable":true,"href":"https:\/\/aromasentia.com\/de\/wp-json\/wp\/v2\/product_tag?post=243581"}],"curies":[{"name":"wp","href":"https:\/\/api.w.org\/{rel}","templated":true}]}}