{"id":243565,"date":"2025-03-20T14:57:34","date_gmt":"2025-03-20T14:57:34","guid":{"rendered":"https:\/\/aromasentia.com\/product\/10x-10ml-myrrh-essential-oil-unlabelled\/"},"modified":"2025-12-30T20:43:51","modified_gmt":"2025-12-30T20:43:51","slug":"myrre-aetherische-oele-ohne-etiketten-in-der-10er-box","status":"publish","type":"product","link":"https:\/\/aromasentia.com\/de\/myrre-aetherische-oele-ohne-etiketten-in-der-10er-box\/","title":{"rendered":"Myrre \u00c4therische \u00d6le (Ohne Etiketten) in der 10er-Box"},"content":{"rendered":"<p>Genie\u00dfen Sie die heilige Ruhe mit diesem unbeschrifteten 10er-Pack mit 10 ml \u00e4therischem Myrrhe\u00f6l. Mit ihrem warmen, erdigen, balsamischen und leicht rauchigen Aroma wird die Myrrhe seit Jahrtausenden in spirituellen Praktiken und der traditionellen Medizin verwendet. Sie ist bekannt f\u00fcr ihre erdenden, meditativen und reinigenden Eigenschaften. In der Hautpflege wird sie f\u00fcr ihre F\u00e4higkeit gesch\u00e4tzt, rissige Haut zu beruhigen, die Heilung zu f\u00f6rdern und den reifen Teint zu verj\u00fcngen. Ein \u00d6l mit tiefer Resonanz f\u00fcr spirituelle Verbindung, tiefe Ruhe und Wiederherstellung der Haut, bereit f\u00fcr Ihr einzigartiges Branding.<\/p>\n","protected":false},"excerpt":{"rendered":"<p>Genie\u00dfen Sie die heilige Ruhe mit diesem unbeschrifteten 10er-Pack mit 10 ml \u00e4therischem Myrrhe\u00f6l. Mit ihrem warmen, erdigen, balsamischen und leicht rauchigen Aroma wird die Myrrhe seit Jahrtausenden in spirituellen Praktiken und der traditionellen Medizin verwendet. Sie ist bekannt f\u00fcr ihre erdenden, meditativen und reinigenden Eigenschaften. In der Hautpflege wird sie f\u00fcr ihre F\u00e4higkeit gesch\u00e4tzt, [&hellip;]<\/p>\n","protected":false},"featured_media":264062,"comment_status":"closed","ping_status":"open","template":"","meta":{"_angie_page":false},"product_brand":[27090],"product_cat":[16455,23649,25841,26882,26284],"product_tag":[],"class_list":{"0":"post-243565","1":"product","2":"type-product","3":"status-publish","4":"has-post-thumbnail","6":"product_brand-ancient-wisdom","7":"product_cat-aromatherapie-und-raumdufte","8":"product_cat-atherische-ole","9":"product_cat-dufte-aromen","10":"product_cat-harzig-balsamisch","11":"product_cat-myrrh","12":"pa_collection-gifts-unbranded-essential-oils-de","13":"pa_made-in-somalia","14":"pa_size-10ml","16":"first","17":"instock","18":"purchasable","19":"product-type-simple"},"supplier_id":null,"supplier_sku":"EOUL-40","barcode":null,"atum_controlled":true,"out_stock_date":null,"out_stock_threshold":null,"inheritable":false,"inbound_stock":null,"stock_on_hold":0,"sold_today":0,"sales_last_days":0,"reserved_stock":null,"customer_returns":null,"warehouse_damage":null,"lost_in_post":null,"other_logs":null,"out_stock_days":9,"lost_sales":0,"has_location":null,"update_date":"2026-04-27T07:01:53","atum_locations":[],"atum_stock_status":"instock","restock_status":false,"low_stock_amount":"","sales_update_date":"2026-01-30T01:24:53","calc_backorders":null,"_links":{"self":[{"href":"https:\/\/aromasentia.com\/de\/wp-json\/wp\/v2\/product\/243565","targetHints":{"allow":["GET"]}}],"collection":[{"href":"https:\/\/aromasentia.com\/de\/wp-json\/wp\/v2\/product"}],"about":[{"href":"https:\/\/aromasentia.com\/de\/wp-json\/wp\/v2\/types\/product"}],"replies":[{"embeddable":true,"href":"https:\/\/aromasentia.com\/de\/wp-json\/wp\/v2\/comments?post=243565"}],"version-history":[{"count":0,"href":"https:\/\/aromasentia.com\/de\/wp-json\/wp\/v2\/product\/243565\/revisions"}],"wp:featuredmedia":[{"embeddable":true,"href":"https:\/\/aromasentia.com\/de\/wp-json\/wp\/v2\/media\/264062"}],"wp:attachment":[{"href":"https:\/\/aromasentia.com\/de\/wp-json\/wp\/v2\/media?parent=243565"}],"wp:term":[{"taxonomy":"product_brand","embeddable":true,"href":"https:\/\/aromasentia.com\/de\/wp-json\/wp\/v2\/product_brand?post=243565"},{"taxonomy":"product_cat","embeddable":true,"href":"https:\/\/aromasentia.com\/de\/wp-json\/wp\/v2\/product_cat?post=243565"},{"taxonomy":"product_tag","embeddable":true,"href":"https:\/\/aromasentia.com\/de\/wp-json\/wp\/v2\/product_tag?post=243565"}],"curies":[{"name":"wp","href":"https:\/\/api.w.org\/{rel}","templated":true}]}}