{"id":243549,"date":"2025-03-20T14:57:34","date_gmt":"2025-03-20T14:57:34","guid":{"rendered":"https:\/\/aromasentia.com\/product\/10x-10ml-orange-essential-oil-unlabelled\/"},"modified":"2025-12-30T20:43:44","modified_gmt":"2025-12-30T20:43:44","slug":"orange-aetherische-oele-ohne-etiketten-in-der-10er-box","status":"publish","type":"product","link":"https:\/\/aromasentia.com\/de\/orange-aetherische-oele-ohne-etiketten-in-der-10er-box\/","title":{"rendered":"Orange \u00c4therische \u00d6le (Ohne Etiketten) in der 10er-Box"},"content":{"rendered":"<p>Verbreiten Sie gute Laune mit diesem unbeschrifteten 10er-Pack mit 10 ml \u00e4therischem Orangen\u00f6l. Mit seinem s\u00fc\u00dfen, frischen und herrlich fruchtigen Zitrusaroma ist S\u00fc\u00dforangen\u00f6l wie Sonnenschein in einer Flasche. Es ist bekannt f\u00fcr seine aufmunternden, stimmungsaufhellenden und stressabbauenden Eigenschaften, die zu einer gl\u00fccklichen und entspannten Atmosph\u00e4re beitragen. Sein sanfter, fr\u00f6hlicher Duft wird von allen Altersgruppen geliebt und eignet sich hervorragend zur Luftreinigung oder als helle Note in Hautpflege- und Reinigungsmischungen. Ein vielseitiges und fr\u00f6hliches \u00d6l f\u00fcr das t\u00e4gliche Wohlbefinden.<\/p>\n","protected":false},"excerpt":{"rendered":"<p>Verbreiten Sie gute Laune mit diesem unbeschrifteten 10er-Pack mit 10 ml \u00e4therischem Orangen\u00f6l. Mit seinem s\u00fc\u00dfen, frischen und herrlich fruchtigen Zitrusaroma ist S\u00fc\u00dforangen\u00f6l wie Sonnenschein in einer Flasche. Es ist bekannt f\u00fcr seine aufmunternden, stimmungsaufhellenden und stressabbauenden Eigenschaften, die zu einer gl\u00fccklichen und entspannten Atmosph\u00e4re beitragen. Sein sanfter, fr\u00f6hlicher Duft wird von allen Altersgruppen geliebt [&hellip;]<\/p>\n","protected":false},"featured_media":264026,"comment_status":"closed","ping_status":"open","template":"","meta":{"_angie_page":false},"product_brand":[27090],"product_cat":[16455,23649,25841,26308],"product_tag":[],"class_list":{"0":"post-243549","1":"product","2":"type-product","3":"status-publish","4":"has-post-thumbnail","6":"product_brand-ancient-wisdom","7":"product_cat-aromatherapie-und-raumdufte","8":"product_cat-atherische-ole","9":"product_cat-dufte-aromen","10":"product_cat-orange","11":"pa_collection-gifts-unbranded-essential-oils-de","12":"pa_made-in-brasilien","13":"pa_size-10ml","15":"first","16":"instock","17":"purchasable","18":"product-type-simple"},"supplier_id":null,"supplier_sku":"EOUL-35","barcode":null,"atum_controlled":true,"out_stock_date":null,"out_stock_threshold":null,"inheritable":false,"inbound_stock":null,"stock_on_hold":0,"sold_today":0,"sales_last_days":0,"reserved_stock":null,"customer_returns":null,"warehouse_damage":null,"lost_in_post":null,"other_logs":null,"out_stock_days":0,"lost_sales":0,"has_location":null,"update_date":"2026-04-27T07:01:47","atum_locations":[],"atum_stock_status":"instock","restock_status":false,"low_stock_amount":"","sales_update_date":"2026-01-30T01:26:19","calc_backorders":null,"_links":{"self":[{"href":"https:\/\/aromasentia.com\/de\/wp-json\/wp\/v2\/product\/243549","targetHints":{"allow":["GET"]}}],"collection":[{"href":"https:\/\/aromasentia.com\/de\/wp-json\/wp\/v2\/product"}],"about":[{"href":"https:\/\/aromasentia.com\/de\/wp-json\/wp\/v2\/types\/product"}],"replies":[{"embeddable":true,"href":"https:\/\/aromasentia.com\/de\/wp-json\/wp\/v2\/comments?post=243549"}],"version-history":[{"count":0,"href":"https:\/\/aromasentia.com\/de\/wp-json\/wp\/v2\/product\/243549\/revisions"}],"wp:featuredmedia":[{"embeddable":true,"href":"https:\/\/aromasentia.com\/de\/wp-json\/wp\/v2\/media\/264026"}],"wp:attachment":[{"href":"https:\/\/aromasentia.com\/de\/wp-json\/wp\/v2\/media?parent=243549"}],"wp:term":[{"taxonomy":"product_brand","embeddable":true,"href":"https:\/\/aromasentia.com\/de\/wp-json\/wp\/v2\/product_brand?post=243549"},{"taxonomy":"product_cat","embeddable":true,"href":"https:\/\/aromasentia.com\/de\/wp-json\/wp\/v2\/product_cat?post=243549"},{"taxonomy":"product_tag","embeddable":true,"href":"https:\/\/aromasentia.com\/de\/wp-json\/wp\/v2\/product_tag?post=243549"}],"curies":[{"name":"wp","href":"https:\/\/api.w.org\/{rel}","templated":true}]}}