{"id":243541,"date":"2025-03-20T14:57:34","date_gmt":"2025-03-20T14:57:34","guid":{"rendered":"https:\/\/aromasentia.com\/product\/10x-10ml-neroli-dilute-essential-oil-unlabelled\/"},"modified":"2025-12-30T20:43:44","modified_gmt":"2025-12-30T20:43:44","slug":"neroli-verduennt-aetherische-oele-ohne-etiketten-in-der-10er-box","status":"publish","type":"product","link":"https:\/\/aromasentia.com\/de\/neroli-verduennt-aetherische-oele-ohne-etiketten-in-der-10er-box\/","title":{"rendered":"Neroli (verd\u00fcnnt) \u00c4therische \u00d6le (Ohne Etiketten) in der 10er-Box"},"content":{"rendered":"<p>Genie\u00dfen Sie das exquisite und erhebende Aroma dieses unbeschrifteten 10er-Packs mit 10 ml verd\u00fcnntem \u00e4therischem Neroli\u00f6l. Das aus Bitterorangenbl\u00fcten gewonnene Neroli bietet einen intensiv blumigen, s\u00fc\u00dfen, zitrusartigen und leicht gr\u00fcnen Duft, der f\u00fcr seine F\u00e4higkeit bekannt ist, die Nerven zu beruhigen, \u00c4ngste zu reduzieren und den Geist zu erheben. Diese verd\u00fcnnte Version macht seine luxuri\u00f6sen und emotional unterst\u00fctzenden Eigenschaften besser zug\u00e4nglich. Es eignet sich perfekt f\u00fcr die Parf\u00fcmerie, f\u00f6rdert die Entspannung und verj\u00fcngt die Haut &#8211; ein wirklich kostbares und sch\u00f6nes \u00d6l.<\/p>\n","protected":false},"excerpt":{"rendered":"<p>Genie\u00dfen Sie das exquisite und erhebende Aroma dieses unbeschrifteten 10er-Packs mit 10 ml verd\u00fcnntem \u00e4therischem Neroli\u00f6l. Das aus Bitterorangenbl\u00fcten gewonnene Neroli bietet einen intensiv blumigen, s\u00fc\u00dfen, zitrusartigen und leicht gr\u00fcnen Duft, der f\u00fcr seine F\u00e4higkeit bekannt ist, die Nerven zu beruhigen, \u00c4ngste zu reduzieren und den Geist zu erheben. Diese verd\u00fcnnte Version macht seine luxuri\u00f6sen [&hellip;]<\/p>\n","protected":false},"featured_media":264008,"comment_status":"closed","ping_status":"open","template":"","meta":{"_angie_page":false},"product_brand":[27090],"product_cat":[16455,23649,26833,25841,26294],"product_tag":[],"class_list":{"0":"post-243541","1":"product","2":"type-product","3":"status-publish","4":"has-post-thumbnail","6":"product_brand-ancient-wisdom","7":"product_cat-aromatherapie-und-raumdufte","8":"product_cat-atherische-ole","9":"product_cat-blumig","10":"product_cat-dufte-aromen","11":"product_cat-neroli","12":"pa_collection-gifts-unbranded-essential-oils-de","13":"pa_made-in-tunesien","14":"pa_size-10ml","16":"first","17":"outofstock","18":"purchasable","19":"product-type-simple"},"supplier_id":null,"supplier_sku":"EOUL-32","barcode":null,"atum_controlled":true,"out_stock_date":"2026-04-25 15:12:12","out_stock_threshold":null,"inheritable":false,"inbound_stock":null,"stock_on_hold":0,"sold_today":0,"sales_last_days":0,"reserved_stock":null,"customer_returns":null,"warehouse_damage":null,"lost_in_post":null,"other_logs":null,"out_stock_days":0,"lost_sales":0,"has_location":null,"update_date":"2026-04-27T07:01:47","atum_locations":[],"atum_stock_status":"outofstock","restock_status":false,"low_stock_amount":"","sales_update_date":"2026-02-06T00:01:47","calc_backorders":null,"_links":{"self":[{"href":"https:\/\/aromasentia.com\/de\/wp-json\/wp\/v2\/product\/243541","targetHints":{"allow":["GET"]}}],"collection":[{"href":"https:\/\/aromasentia.com\/de\/wp-json\/wp\/v2\/product"}],"about":[{"href":"https:\/\/aromasentia.com\/de\/wp-json\/wp\/v2\/types\/product"}],"replies":[{"embeddable":true,"href":"https:\/\/aromasentia.com\/de\/wp-json\/wp\/v2\/comments?post=243541"}],"version-history":[{"count":0,"href":"https:\/\/aromasentia.com\/de\/wp-json\/wp\/v2\/product\/243541\/revisions"}],"wp:featuredmedia":[{"embeddable":true,"href":"https:\/\/aromasentia.com\/de\/wp-json\/wp\/v2\/media\/264008"}],"wp:attachment":[{"href":"https:\/\/aromasentia.com\/de\/wp-json\/wp\/v2\/media?parent=243541"}],"wp:term":[{"taxonomy":"product_brand","embeddable":true,"href":"https:\/\/aromasentia.com\/de\/wp-json\/wp\/v2\/product_brand?post=243541"},{"taxonomy":"product_cat","embeddable":true,"href":"https:\/\/aromasentia.com\/de\/wp-json\/wp\/v2\/product_cat?post=243541"},{"taxonomy":"product_tag","embeddable":true,"href":"https:\/\/aromasentia.com\/de\/wp-json\/wp\/v2\/product_tag?post=243541"}],"curies":[{"name":"wp","href":"https:\/\/api.w.org\/{rel}","templated":true}]}}