{"id":243529,"date":"2025-03-20T14:58:02","date_gmt":"2025-03-20T14:58:02","guid":{"rendered":"https:\/\/aromasentia.com\/product\/10x-10ml-melissa-blend-essential-oil-unlabelled\/"},"modified":"2025-12-30T20:43:44","modified_gmt":"2025-12-30T20:43:44","slug":"melisse-mischung-aetherische-oele-ohne-etiketten-in-der-10er-box","status":"publish","type":"product","link":"https:\/\/aromasentia.com\/de\/melisse-mischung-aetherische-oele-ohne-etiketten-in-der-10er-box\/","title":{"rendered":"Melisse (Mischung) \u00c4therische \u00d6le (Ohne Etiketten) in der 10er-Box"},"content":{"rendered":"<p>Beleben und erfrischen Sie sich mit diesem unbeschrifteten 10er-Pack mit 10 ml \u00e4therischem Melissen\u00f6l (Mischung). Oft auch als Zitronenmelisse bekannt, hat Melisse ein leichtes, frisches, zitronig-s\u00fc\u00dfes Aroma, das f\u00fcr seine beruhigenden und stimmungsaufhellenden Eigenschaften gesch\u00e4tzt wird. Diese Mischung f\u00e4ngt ihre fr\u00f6hliche Essenz ein, die perfekt ist, um nerv\u00f6se Spannungen zu lindern, emotionales Wohlbefinden zu f\u00f6rdern und eine helle, fr\u00f6hliche Atmosph\u00e4re zu schaffen. Richtig verd\u00fcnnt ist sie ideal f\u00fcr die Diffusion oder die sanfte topische Anwendung und bringt einen Hauch von Sonnenschein und Heiterkeit in Ihren Tag, bereit f\u00fcr Ihr einzigartiges Branding.<\/p>\n","protected":false},"excerpt":{"rendered":"<p>Beleben und erfrischen Sie sich mit diesem unbeschrifteten 10er-Pack mit 10 ml \u00e4therischem Melissen\u00f6l (Mischung). Oft auch als Zitronenmelisse bekannt, hat Melisse ein leichtes, frisches, zitronig-s\u00fc\u00dfes Aroma, das f\u00fcr seine beruhigenden und stimmungsaufhellenden Eigenschaften gesch\u00e4tzt wird. Diese Mischung f\u00e4ngt ihre fr\u00f6hliche Essenz ein, die perfekt ist, um nerv\u00f6se Spannungen zu lindern, emotionales Wohlbefinden zu f\u00f6rdern [&hellip;]<\/p>\n","protected":false},"featured_media":264215,"comment_status":"closed","ping_status":"open","template":"","meta":{"_angie_page":false},"product_brand":[27090],"product_cat":[16455,23649,26650,25841,26861,26280],"product_tag":[],"class_list":{"0":"post-243529","1":"product","2":"type-product","3":"status-publish","4":"has-post-thumbnail","6":"product_brand-ancient-wisdom","7":"product_cat-aromatherapie-und-raumdufte","8":"product_cat-atherische-ole","9":"product_cat-atherische-olmischungen","10":"product_cat-dufte-aromen","11":"product_cat-krauter-aromatisch","12":"product_cat-melisse-mischung","13":"pa_collection-gifts-unbranded-essential-oils-de","14":"pa_made-in-vereinigtes-koenigreich","15":"pa_size-10ml","17":"first","18":"instock","19":"purchasable","20":"product-type-simple"},"supplier_id":null,"supplier_sku":"EOUL-61","barcode":null,"atum_controlled":true,"out_stock_date":null,"out_stock_threshold":null,"inheritable":false,"inbound_stock":null,"stock_on_hold":0,"sold_today":0,"sales_last_days":0,"reserved_stock":null,"customer_returns":null,"warehouse_damage":null,"lost_in_post":null,"other_logs":null,"out_stock_days":0,"lost_sales":0,"has_location":null,"update_date":"2026-05-04T00:02:52","atum_locations":[],"atum_stock_status":"instock","restock_status":false,"low_stock_amount":"","sales_update_date":"2026-02-06T00:02:50","calc_backorders":null,"_links":{"self":[{"href":"https:\/\/aromasentia.com\/de\/wp-json\/wp\/v2\/product\/243529","targetHints":{"allow":["GET"]}}],"collection":[{"href":"https:\/\/aromasentia.com\/de\/wp-json\/wp\/v2\/product"}],"about":[{"href":"https:\/\/aromasentia.com\/de\/wp-json\/wp\/v2\/types\/product"}],"replies":[{"embeddable":true,"href":"https:\/\/aromasentia.com\/de\/wp-json\/wp\/v2\/comments?post=243529"}],"version-history":[{"count":0,"href":"https:\/\/aromasentia.com\/de\/wp-json\/wp\/v2\/product\/243529\/revisions"}],"wp:featuredmedia":[{"embeddable":true,"href":"https:\/\/aromasentia.com\/de\/wp-json\/wp\/v2\/media\/264215"}],"wp:attachment":[{"href":"https:\/\/aromasentia.com\/de\/wp-json\/wp\/v2\/media?parent=243529"}],"wp:term":[{"taxonomy":"product_brand","embeddable":true,"href":"https:\/\/aromasentia.com\/de\/wp-json\/wp\/v2\/product_brand?post=243529"},{"taxonomy":"product_cat","embeddable":true,"href":"https:\/\/aromasentia.com\/de\/wp-json\/wp\/v2\/product_cat?post=243529"},{"taxonomy":"product_tag","embeddable":true,"href":"https:\/\/aromasentia.com\/de\/wp-json\/wp\/v2\/product_tag?post=243529"}],"curies":[{"name":"wp","href":"https:\/\/api.w.org\/{rel}","templated":true}]}}