{"id":243517,"date":"2025-03-20T14:58:02","date_gmt":"2025-03-20T14:58:02","guid":{"rendered":"https:\/\/aromasentia.com\/product\/10x-10ml-dill-seed-essential-oil-unlabelled\/"},"modified":"2025-12-30T20:43:37","modified_gmt":"2025-12-30T20:43:37","slug":"dillsamen-aetherische-oele-ohne-etiketten-in-der-10er-box","status":"publish","type":"product","link":"https:\/\/aromasentia.com\/de\/dillsamen-aetherische-oele-ohne-etiketten-in-der-10er-box\/","title":{"rendered":"Dillsamen \u00c4therische \u00d6le (Ohne Etiketten) in der 10er-Box"},"content":{"rendered":"<p>Beruhigen und beruhigen Sie sich mit diesem unbeschrifteten 10er-Pack mit 10 ml \u00e4therischem Dillsamen\u00f6l. Dieses \u00d6l hat ein unverwechselbar krautiges, leicht w\u00fcrziges und s\u00fc\u00dfes Aroma, das an frischen Dill erinnert. Traditionell ist Dillsamen\u00f6l f\u00fcr seine karminativen Eigenschaften bekannt, die helfen, Verdauungsbeschwerden, Bl\u00e4hungen und Bl\u00e4hungen zu lindern. Sein beruhigender Duft kann auch \u00fcberraschend entspannend wirken und helfen, nerv\u00f6se Spannungen zu lindern. Ein einzigartiges und sanftes \u00d6l zur F\u00f6rderung des Wohlbefindens der Verdauungsorgane und des Gef\u00fchls der Ruhe, bereit f\u00fcr Ihre individuelle Etikettierung.<\/p>\n","protected":false},"excerpt":{"rendered":"<p>Beruhigen und beruhigen Sie sich mit diesem unbeschrifteten 10er-Pack mit 10 ml \u00e4therischem Dillsamen\u00f6l. Dieses \u00d6l hat ein unverwechselbar krautiges, leicht w\u00fcrziges und s\u00fc\u00dfes Aroma, das an frischen Dill erinnert. Traditionell ist Dillsamen\u00f6l f\u00fcr seine karminativen Eigenschaften bekannt, die helfen, Verdauungsbeschwerden, Bl\u00e4hungen und Bl\u00e4hungen zu lindern. Sein beruhigender Duft kann auch \u00fcberraschend entspannend wirken und [&hellip;]<\/p>\n","protected":false},"featured_media":264188,"comment_status":"closed","ping_status":"open","template":"","meta":{"_angie_page":false},"product_brand":[27090],"product_cat":[16455,23649,26173,25841,26861],"product_tag":[],"class_list":{"0":"post-243517","1":"product","2":"type-product","3":"status-publish","4":"has-post-thumbnail","6":"product_brand-ancient-wisdom","7":"product_cat-aromatherapie-und-raumdufte","8":"product_cat-atherische-ole","9":"product_cat-dillsamen","10":"product_cat-dufte-aromen","11":"product_cat-krauter-aromatisch","12":"pa_collection-gifts-unbranded-essential-oils-de","13":"pa_made-in-ungarn","14":"pa_size-10ml","16":"first","17":"instock","18":"purchasable","19":"product-type-simple"},"supplier_id":null,"supplier_sku":"EOUL-58","barcode":null,"atum_controlled":true,"out_stock_date":null,"out_stock_threshold":null,"inheritable":false,"inbound_stock":null,"stock_on_hold":0,"sold_today":0,"sales_last_days":0,"reserved_stock":null,"customer_returns":null,"warehouse_damage":null,"lost_in_post":null,"other_logs":null,"out_stock_days":0,"lost_sales":0,"has_location":null,"update_date":"2026-04-27T07:01:53","atum_locations":[],"atum_stock_status":"instock","restock_status":false,"low_stock_amount":"","sales_update_date":"2025-09-05T00:16:42","calc_backorders":null,"_links":{"self":[{"href":"https:\/\/aromasentia.com\/de\/wp-json\/wp\/v2\/product\/243517","targetHints":{"allow":["GET"]}}],"collection":[{"href":"https:\/\/aromasentia.com\/de\/wp-json\/wp\/v2\/product"}],"about":[{"href":"https:\/\/aromasentia.com\/de\/wp-json\/wp\/v2\/types\/product"}],"replies":[{"embeddable":true,"href":"https:\/\/aromasentia.com\/de\/wp-json\/wp\/v2\/comments?post=243517"}],"version-history":[{"count":0,"href":"https:\/\/aromasentia.com\/de\/wp-json\/wp\/v2\/product\/243517\/revisions"}],"wp:featuredmedia":[{"embeddable":true,"href":"https:\/\/aromasentia.com\/de\/wp-json\/wp\/v2\/media\/264188"}],"wp:attachment":[{"href":"https:\/\/aromasentia.com\/de\/wp-json\/wp\/v2\/media?parent=243517"}],"wp:term":[{"taxonomy":"product_brand","embeddable":true,"href":"https:\/\/aromasentia.com\/de\/wp-json\/wp\/v2\/product_brand?post=243517"},{"taxonomy":"product_cat","embeddable":true,"href":"https:\/\/aromasentia.com\/de\/wp-json\/wp\/v2\/product_cat?post=243517"},{"taxonomy":"product_tag","embeddable":true,"href":"https:\/\/aromasentia.com\/de\/wp-json\/wp\/v2\/product_tag?post=243517"}],"curies":[{"name":"wp","href":"https:\/\/api.w.org\/{rel}","templated":true}]}}