{"id":243513,"date":"2025-03-20T14:58:02","date_gmt":"2025-03-20T14:58:02","guid":{"rendered":"https:\/\/aromasentia.com\/product\/10x-10ml-white-camphor-essential-oil-unlabelled\/"},"modified":"2025-12-30T20:43:37","modified_gmt":"2025-12-30T20:43:37","slug":"weisser-kampfer-aetherische-oele-ohne-etiketten-in-der-10er-box","status":"publish","type":"product","link":"https:\/\/aromasentia.com\/de\/weisser-kampfer-aetherische-oele-ohne-etiketten-in-der-10er-box\/","title":{"rendered":"Wei\u00dfer Kampfer \u00c4therische \u00d6le (Ohne Etiketten) in der 10er-Box"},"content":{"rendered":"<p>Erleben Sie das starke, kl\u00e4rende Aroma dieses unbeschrifteten 10er-Packs mit 10 ml \u00e4therischem \u00d6l von White Camphor. Mit seinem starken, durchdringenden und medizinischen Duft wird Wei\u00dfer Kampfer traditionell f\u00fcr seine stimulierende, abschwellende und schmerzlindernde Wirkung verwendet. Es kann besonders in Mischungen zur Unterst\u00fctzung der Atmungsfunktion, zur Linderung von Muskelschmerzen oder als nat\u00fcrliches Insektenschutzmittel eingesetzt werden. Sein scharfer, anregender Duft hilft auch dabei, den Geist zu kl\u00e4ren und die geistige Wachheit zu f\u00f6rdern. Ein klassisches therapeutisches \u00d6l.<\/p>\n","protected":false},"excerpt":{"rendered":"<p>Erleben Sie das starke, kl\u00e4rende Aroma dieses unbeschrifteten 10er-Packs mit 10 ml \u00e4therischem \u00d6l von White Camphor. Mit seinem starken, durchdringenden und medizinischen Duft wird Wei\u00dfer Kampfer traditionell f\u00fcr seine stimulierende, abschwellende und schmerzlindernde Wirkung verwendet. Es kann besonders in Mischungen zur Unterst\u00fctzung der Atmungsfunktion, zur Linderung von Muskelschmerzen oder als nat\u00fcrliches Insektenschutzmittel eingesetzt werden. [&hellip;]<\/p>\n","protected":false},"featured_media":264179,"comment_status":"closed","ping_status":"open","template":"","meta":{"_angie_page":false},"product_brand":[27090],"product_cat":[16455,23649,25841,26868,26435],"product_tag":[],"class_list":{"0":"post-243513","1":"product","2":"type-product","3":"status-publish","4":"has-post-thumbnail","6":"product_brand-ancient-wisdom","7":"product_cat-aromatherapie-und-raumdufte","8":"product_cat-atherische-ole","9":"product_cat-dufte-aromen","10":"product_cat-medizinisch-kampferartig","11":"product_cat-weiber-kampfer","12":"pa_collection-gifts-unbranded-essential-oils-de","13":"pa_made-in-china","14":"pa_size-10ml","16":"first","17":"instock","18":"purchasable","19":"product-type-simple"},"supplier_id":null,"supplier_sku":"EOUL-57","barcode":null,"atum_controlled":true,"out_stock_date":null,"out_stock_threshold":null,"inheritable":false,"inbound_stock":null,"stock_on_hold":0,"sold_today":0,"sales_last_days":0,"reserved_stock":null,"customer_returns":null,"warehouse_damage":null,"lost_in_post":null,"other_logs":null,"out_stock_days":0,"lost_sales":0,"has_location":null,"update_date":"2026-05-08T05:08:28","atum_locations":[],"atum_stock_status":"instock","restock_status":false,"low_stock_amount":"","sales_update_date":"2026-01-30T01:25:52","calc_backorders":null,"_links":{"self":[{"href":"https:\/\/aromasentia.com\/de\/wp-json\/wp\/v2\/product\/243513","targetHints":{"allow":["GET"]}}],"collection":[{"href":"https:\/\/aromasentia.com\/de\/wp-json\/wp\/v2\/product"}],"about":[{"href":"https:\/\/aromasentia.com\/de\/wp-json\/wp\/v2\/types\/product"}],"replies":[{"embeddable":true,"href":"https:\/\/aromasentia.com\/de\/wp-json\/wp\/v2\/comments?post=243513"}],"version-history":[{"count":0,"href":"https:\/\/aromasentia.com\/de\/wp-json\/wp\/v2\/product\/243513\/revisions"}],"wp:featuredmedia":[{"embeddable":true,"href":"https:\/\/aromasentia.com\/de\/wp-json\/wp\/v2\/media\/264179"}],"wp:attachment":[{"href":"https:\/\/aromasentia.com\/de\/wp-json\/wp\/v2\/media?parent=243513"}],"wp:term":[{"taxonomy":"product_brand","embeddable":true,"href":"https:\/\/aromasentia.com\/de\/wp-json\/wp\/v2\/product_brand?post=243513"},{"taxonomy":"product_cat","embeddable":true,"href":"https:\/\/aromasentia.com\/de\/wp-json\/wp\/v2\/product_cat?post=243513"},{"taxonomy":"product_tag","embeddable":true,"href":"https:\/\/aromasentia.com\/de\/wp-json\/wp\/v2\/product_tag?post=243513"}],"curies":[{"name":"wp","href":"https:\/\/api.w.org\/{rel}","templated":true}]}}