{"id":243505,"date":"2025-03-20T14:58:02","date_gmt":"2025-03-20T14:58:02","guid":{"rendered":"https:\/\/aromasentia.com\/product\/10x-10ml-carrot-seed-essential-oil-unlabelled\/"},"modified":"2025-12-30T20:43:37","modified_gmt":"2025-12-30T20:43:37","slug":"karottensamen-aetherische-oele-ohne-etiketten-in-der-10er-box","status":"publish","type":"product","link":"https:\/\/aromasentia.com\/de\/karottensamen-aetherische-oele-ohne-etiketten-in-der-10er-box\/","title":{"rendered":"Karottensamen \u00c4therische \u00d6le (Ohne Etiketten) in der 10er-Box"},"content":{"rendered":"<p>Verj\u00fcngen und reparieren Sie mit diesem unbeschrifteten 10er-Pack mit 10 ml \u00e4therischem Karottensamen\u00f6l. Dieses \u00d6l besitzt ein einzigartiges trockenes, erdiges, holziges und leicht s\u00fc\u00dfes Aroma. Karottensamen wird in der Hautpflege wegen seiner stark verj\u00fcngenden, tonisierenden und antioxidativen Eigenschaften sehr gesch\u00e4tzt. Er hilft, einen fahlen Teint zu revitalisieren, die Elastizit\u00e4t zu verbessern und die Heilung von gesch\u00e4digter Haut zu unterst\u00fctzen. Es eignet sich hervorragend f\u00fcr reife oder durch Umwelteinfl\u00fcsse gestresste Haut und f\u00f6rdert ein gesundes, lebendiges Strahlen. Ein spezielles \u00d6l f\u00fcr fortschrittliche Hautpflegeformulierungen, bereit f\u00fcr Ihr Branding.<\/p>\n","protected":false},"excerpt":{"rendered":"<p>Verj\u00fcngen und reparieren Sie mit diesem unbeschrifteten 10er-Pack mit 10 ml \u00e4therischem Karottensamen\u00f6l. Dieses \u00d6l besitzt ein einzigartiges trockenes, erdiges, holziges und leicht s\u00fc\u00dfes Aroma. Karottensamen wird in der Hautpflege wegen seiner stark verj\u00fcngenden, tonisierenden und antioxidativen Eigenschaften sehr gesch\u00e4tzt. Er hilft, einen fahlen Teint zu revitalisieren, die Elastizit\u00e4t zu verbessern und die Heilung von [&hellip;]<\/p>\n","protected":false},"featured_media":264161,"comment_status":"closed","ping_status":"open","template":"","meta":{"_angie_page":false},"product_brand":[27090],"product_cat":[16455,23649,25841,26826,26120],"product_tag":[],"class_list":{"0":"post-243505","1":"product","2":"type-product","3":"status-publish","4":"has-post-thumbnail","6":"product_brand-ancient-wisdom","7":"product_cat-aromatherapie-und-raumdufte","8":"product_cat-atherische-ole","9":"product_cat-dufte-aromen","10":"product_cat-erdig-grun","11":"product_cat-karottensamen","12":"pa_collection-gifts-unbranded-essential-oils-de","13":"pa_made-in-indien","14":"pa_size-10ml","16":"first","17":"outofstock","18":"purchasable","19":"product-type-simple"},"supplier_id":null,"supplier_sku":"EOUL-55","barcode":null,"atum_controlled":true,"out_stock_date":"2025-09-04 23:09:46","out_stock_threshold":null,"inheritable":false,"inbound_stock":null,"stock_on_hold":0,"sold_today":0,"sales_last_days":0,"reserved_stock":null,"customer_returns":null,"warehouse_damage":null,"lost_in_post":null,"other_logs":null,"out_stock_days":0,"lost_sales":0,"has_location":null,"update_date":"2026-04-27T07:01:53","atum_locations":[],"atum_stock_status":"outofstock","restock_status":false,"low_stock_amount":"","sales_update_date":"2025-09-02T00:11:52","calc_backorders":null,"_links":{"self":[{"href":"https:\/\/aromasentia.com\/de\/wp-json\/wp\/v2\/product\/243505","targetHints":{"allow":["GET"]}}],"collection":[{"href":"https:\/\/aromasentia.com\/de\/wp-json\/wp\/v2\/product"}],"about":[{"href":"https:\/\/aromasentia.com\/de\/wp-json\/wp\/v2\/types\/product"}],"replies":[{"embeddable":true,"href":"https:\/\/aromasentia.com\/de\/wp-json\/wp\/v2\/comments?post=243505"}],"version-history":[{"count":0,"href":"https:\/\/aromasentia.com\/de\/wp-json\/wp\/v2\/product\/243505\/revisions"}],"wp:featuredmedia":[{"embeddable":true,"href":"https:\/\/aromasentia.com\/de\/wp-json\/wp\/v2\/media\/264161"}],"wp:attachment":[{"href":"https:\/\/aromasentia.com\/de\/wp-json\/wp\/v2\/media?parent=243505"}],"wp:term":[{"taxonomy":"product_brand","embeddable":true,"href":"https:\/\/aromasentia.com\/de\/wp-json\/wp\/v2\/product_brand?post=243505"},{"taxonomy":"product_cat","embeddable":true,"href":"https:\/\/aromasentia.com\/de\/wp-json\/wp\/v2\/product_cat?post=243505"},{"taxonomy":"product_tag","embeddable":true,"href":"https:\/\/aromasentia.com\/de\/wp-json\/wp\/v2\/product_tag?post=243505"}],"curies":[{"name":"wp","href":"https:\/\/api.w.org\/{rel}","templated":true}]}}