{"id":243497,"date":"2025-03-20T14:58:02","date_gmt":"2025-03-20T14:58:02","guid":{"rendered":"https:\/\/aromasentia.com\/product\/10x-10ml-may-chang-essential-oil-unlabelled\/"},"modified":"2025-12-30T20:43:37","modified_gmt":"2025-12-30T20:43:37","slug":"may-chang-aetherische-oele-ohne-etiketten-in-der-10er-box","status":"publish","type":"product","link":"https:\/\/aromasentia.com\/de\/may-chang-aetherische-oele-ohne-etiketten-in-der-10er-box\/","title":{"rendered":"May Chang \u00c4therische \u00d6le (Ohne Etiketten) in der 10er-Box"},"content":{"rendered":"<p>Erhellen Sie Ihre Stimmung mit diesem unbeschrifteten 10er-Pack mit 10 ml \u00e4therischem May Chang \u00d6l. Dieses \u00d6l, auch bekannt als Litsea Cubeba, besticht durch sein intensives, frisches, zitroniges, fruchtiges und s\u00fc\u00dfes Zitrusaroma, das oft als &#8222;fr\u00f6hlicher als Zitrone&#8220; beschrieben wird. May Chang wirkt wunderbar aufmunternd und hilft, M\u00fcdigkeit zu bek\u00e4mpfen, \u00c4ngste abzubauen und Gef\u00fchle der Freude und des Optimismus zu f\u00f6rdern. Aufgrund seiner reinigenden Eigenschaften eignet er sich auch hervorragend zur Erfrischung der Luft und f\u00fcr fettige Haut. Ein wahrhaft heiteres und belebendes \u00d6l f\u00fcr Diffusion und lebendige Mischungen.<\/p>\n","protected":false},"excerpt":{"rendered":"<p>Erhellen Sie Ihre Stimmung mit diesem unbeschrifteten 10er-Pack mit 10 ml \u00e4therischem May Chang \u00d6l. Dieses \u00d6l, auch bekannt als Litsea Cubeba, besticht durch sein intensives, frisches, zitroniges, fruchtiges und s\u00fc\u00dfes Zitrusaroma, das oft als &#8222;fr\u00f6hlicher als Zitrone&#8220; beschrieben wird. May Chang wirkt wunderbar aufmunternd und hilft, M\u00fcdigkeit zu bek\u00e4mpfen, \u00c4ngste abzubauen und Gef\u00fchle der [&hellip;]<\/p>\n","protected":false},"featured_media":264143,"comment_status":"closed","ping_status":"open","template":"","meta":{"_angie_page":false},"product_brand":[27090],"product_cat":[16455,23649,25841,26274],"product_tag":[],"class_list":{"0":"post-243497","1":"product","2":"type-product","3":"status-publish","4":"has-post-thumbnail","6":"product_brand-ancient-wisdom","7":"product_cat-aromatherapie-und-raumdufte","8":"product_cat-atherische-ole","9":"product_cat-dufte-aromen","10":"product_cat-may-chang-litsea-cubeba","11":"pa_collection-gifts-unbranded-essential-oils-de","12":"pa_made-in-china","13":"pa_size-10ml","15":"first","16":"instock","17":"purchasable","18":"product-type-simple"},"supplier_id":null,"supplier_sku":"EOUL-52","barcode":null,"atum_controlled":true,"out_stock_date":null,"out_stock_threshold":null,"inheritable":false,"inbound_stock":null,"stock_on_hold":0,"sold_today":0,"sales_last_days":0,"reserved_stock":null,"customer_returns":null,"warehouse_damage":null,"lost_in_post":null,"other_logs":null,"out_stock_days":0,"lost_sales":0,"has_location":null,"update_date":"2026-04-27T07:01:53","atum_locations":[],"atum_stock_status":"instock","restock_status":false,"low_stock_amount":"","sales_update_date":"2026-02-06T00:02:35","calc_backorders":null,"_links":{"self":[{"href":"https:\/\/aromasentia.com\/de\/wp-json\/wp\/v2\/product\/243497","targetHints":{"allow":["GET"]}}],"collection":[{"href":"https:\/\/aromasentia.com\/de\/wp-json\/wp\/v2\/product"}],"about":[{"href":"https:\/\/aromasentia.com\/de\/wp-json\/wp\/v2\/types\/product"}],"replies":[{"embeddable":true,"href":"https:\/\/aromasentia.com\/de\/wp-json\/wp\/v2\/comments?post=243497"}],"version-history":[{"count":0,"href":"https:\/\/aromasentia.com\/de\/wp-json\/wp\/v2\/product\/243497\/revisions"}],"wp:featuredmedia":[{"embeddable":true,"href":"https:\/\/aromasentia.com\/de\/wp-json\/wp\/v2\/media\/264143"}],"wp:attachment":[{"href":"https:\/\/aromasentia.com\/de\/wp-json\/wp\/v2\/media?parent=243497"}],"wp:term":[{"taxonomy":"product_brand","embeddable":true,"href":"https:\/\/aromasentia.com\/de\/wp-json\/wp\/v2\/product_brand?post=243497"},{"taxonomy":"product_cat","embeddable":true,"href":"https:\/\/aromasentia.com\/de\/wp-json\/wp\/v2\/product_cat?post=243497"},{"taxonomy":"product_tag","embeddable":true,"href":"https:\/\/aromasentia.com\/de\/wp-json\/wp\/v2\/product_tag?post=243497"}],"curies":[{"name":"wp","href":"https:\/\/api.w.org\/{rel}","templated":true}]}}