{"id":243493,"date":"2025-03-20T14:58:02","date_gmt":"2025-03-20T14:58:02","guid":{"rendered":"https:\/\/aromasentia.com\/product\/10x-10ml-hyssop-essential-oil-unlabelled\/"},"modified":"2025-12-30T20:43:37","modified_gmt":"2025-12-30T20:43:37","slug":"ysop-aetherische-oele-ohne-etiketten-in-der-10er-box","status":"publish","type":"product","link":"https:\/\/aromasentia.com\/de\/ysop-aetherische-oele-ohne-etiketten-in-der-10er-box\/","title":{"rendered":"Ysop \u00c4therische \u00d6le (Ohne Etiketten) in der 10er-Box"},"content":{"rendered":"<p>Reinigen und beleben Sie mit diesem unbeschrifteten 10er-Pack mit 10 ml \u00e4therischem Ysop-\u00d6l. Ysop hat ein frisches, kampferartiges, krautiges und leicht s\u00fc\u00dfliches Aroma. Traditionell wird er wegen seiner schleiml\u00f6senden und antiviralen Eigenschaften verwendet, um die Gesundheit der Atemwege zu unterst\u00fctzen und das System zu reinigen. Sein Duft kann kl\u00e4rend und belebend auf den Geist wirken. Es ist ein starkes \u00d6l, das bewusst eingesetzt werden sollte. Es wird f\u00fcr seine F\u00e4higkeit gesch\u00e4tzt, eine klare Atmung und ein Gef\u00fchl der spirituellen Reinigung zu f\u00f6rdern und wartet auf Ihr individuelles Etikett.<\/p>\n","protected":false},"excerpt":{"rendered":"<p>Reinigen und beleben Sie mit diesem unbeschrifteten 10er-Pack mit 10 ml \u00e4therischem Ysop-\u00d6l. Ysop hat ein frisches, kampferartiges, krautiges und leicht s\u00fc\u00dfliches Aroma. Traditionell wird er wegen seiner schleiml\u00f6senden und antiviralen Eigenschaften verwendet, um die Gesundheit der Atemwege zu unterst\u00fctzen und das System zu reinigen. Sein Duft kann kl\u00e4rend und belebend auf den Geist wirken. [&hellip;]<\/p>\n","protected":false},"featured_media":264134,"comment_status":"closed","ping_status":"open","template":"","meta":{"_angie_page":false},"product_brand":[27090],"product_cat":[16455,23649,25841,26861,26219],"product_tag":[],"class_list":{"0":"post-243493","1":"product","2":"type-product","3":"status-publish","4":"has-post-thumbnail","6":"product_brand-ancient-wisdom","7":"product_cat-aromatherapie-und-raumdufte","8":"product_cat-atherische-ole","9":"product_cat-dufte-aromen","10":"product_cat-krauter-aromatisch","11":"product_cat-ysop","12":"pa_collection-gifts-unbranded-essential-oils-de","13":"pa_made-in-kroatien","14":"pa_size-10ml","16":"first","17":"instock","18":"purchasable","19":"product-type-simple"},"supplier_id":null,"supplier_sku":"EOUL-51","barcode":null,"atum_controlled":true,"out_stock_date":null,"out_stock_threshold":null,"inheritable":false,"inbound_stock":null,"stock_on_hold":0,"sold_today":0,"sales_last_days":0,"reserved_stock":null,"customer_returns":null,"warehouse_damage":null,"lost_in_post":null,"other_logs":null,"out_stock_days":0,"lost_sales":0,"has_location":null,"update_date":"2026-05-08T05:08:28","atum_locations":[],"atum_stock_status":"instock","restock_status":false,"low_stock_amount":"","sales_update_date":"2026-01-30T01:25:28","calc_backorders":null,"_links":{"self":[{"href":"https:\/\/aromasentia.com\/de\/wp-json\/wp\/v2\/product\/243493","targetHints":{"allow":["GET"]}}],"collection":[{"href":"https:\/\/aromasentia.com\/de\/wp-json\/wp\/v2\/product"}],"about":[{"href":"https:\/\/aromasentia.com\/de\/wp-json\/wp\/v2\/types\/product"}],"replies":[{"embeddable":true,"href":"https:\/\/aromasentia.com\/de\/wp-json\/wp\/v2\/comments?post=243493"}],"version-history":[{"count":0,"href":"https:\/\/aromasentia.com\/de\/wp-json\/wp\/v2\/product\/243493\/revisions"}],"wp:featuredmedia":[{"embeddable":true,"href":"https:\/\/aromasentia.com\/de\/wp-json\/wp\/v2\/media\/264134"}],"wp:attachment":[{"href":"https:\/\/aromasentia.com\/de\/wp-json\/wp\/v2\/media?parent=243493"}],"wp:term":[{"taxonomy":"product_brand","embeddable":true,"href":"https:\/\/aromasentia.com\/de\/wp-json\/wp\/v2\/product_brand?post=243493"},{"taxonomy":"product_cat","embeddable":true,"href":"https:\/\/aromasentia.com\/de\/wp-json\/wp\/v2\/product_cat?post=243493"},{"taxonomy":"product_tag","embeddable":true,"href":"https:\/\/aromasentia.com\/de\/wp-json\/wp\/v2\/product_tag?post=243493"}],"curies":[{"name":"wp","href":"https:\/\/api.w.org\/{rel}","templated":true}]}}