{"id":243485,"date":"2025-03-20T14:58:30","date_gmt":"2025-03-20T14:58:30","guid":{"rendered":"https:\/\/aromasentia.com\/product\/10x-10ml-spearmint-essential-oil-unlabelled\/"},"modified":"2025-12-30T20:43:37","modified_gmt":"2025-12-30T20:43:37","slug":"gruene-minze-aetherische-oele-ohne-etiketten-in-der-10er-box","status":"publish","type":"product","link":"https:\/\/aromasentia.com\/de\/gruene-minze-aetherische-oele-ohne-etiketten-in-der-10er-box\/","title":{"rendered":"Gr\u00fcne Minze \u00c4therische \u00d6le (Ohne Etiketten) in der 10er-Box"},"content":{"rendered":"<p>Beleben Sie sich mit der s\u00fc\u00dfen, minzigen Frische dieses unbeschrifteten 10er-Packs mit 10 ml \u00e4therischem Spearmint\u00f6l. Sanfter als Pfefferminze, bietet Spearmint ein s\u00fc\u00dfes, minziges und leicht fruchtiges Aroma, das wunderbar erfrischend und belebend ist. Es ist daf\u00fcr bekannt, die Verdauung zu f\u00f6rdern, \u00dcbelkeit zu lindern und einen sanften Energieschub zu geben, ohne \u00fcberm\u00e4\u00dfig anregend zu sein. Sein angenehmer Duft eignet sich auch hervorragend zur Erfrischung von Atem und R\u00e4umen. Eine beliebte Wahl f\u00fcr alle, die einen sanften Minzduft m\u00f6gen, um sich zu konzentrieren, sich wohl zu f\u00fchlen und einen Hauch von S\u00fc\u00dfe zu versp\u00fcren.<\/p>\n","protected":false},"excerpt":{"rendered":"<p>Beleben Sie sich mit der s\u00fc\u00dfen, minzigen Frische dieses unbeschrifteten 10er-Packs mit 10 ml \u00e4therischem Spearmint\u00f6l. Sanfter als Pfefferminze, bietet Spearmint ein s\u00fc\u00dfes, minziges und leicht fruchtiges Aroma, das wunderbar erfrischend und belebend ist. Es ist daf\u00fcr bekannt, die Verdauung zu f\u00f6rdern, \u00dcbelkeit zu lindern und einen sanften Energieschub zu geben, ohne \u00fcberm\u00e4\u00dfig anregend zu [&hellip;]<\/p>\n","protected":false},"featured_media":264350,"comment_status":"closed","ping_status":"open","template":"","meta":[],"product_brand":[27090],"product_cat":[16455,23649,25841,26392,26875],"product_tag":[],"class_list":{"0":"post-243485","1":"product","2":"type-product","3":"status-publish","4":"has-post-thumbnail","6":"product_brand-ancient-wisdom","7":"product_cat-aromatherapie-und-raumdufte","8":"product_cat-atherische-ole","9":"product_cat-dufte-aromen","10":"product_cat-grune-minze-spearmint","11":"product_cat-minzig","12":"pa_collection-gifts-unbranded-essential-oils-de","13":"pa_made-in-china","14":"pa_size-10ml","16":"first","17":"instock","18":"purchasable","19":"product-type-simple"},"supplier_id":null,"supplier_sku":"EOUL-84","barcode":null,"atum_controlled":true,"out_stock_date":null,"out_stock_threshold":null,"inheritable":false,"inbound_stock":null,"stock_on_hold":0,"sold_today":0,"sales_last_days":0,"reserved_stock":null,"customer_returns":null,"warehouse_damage":null,"lost_in_post":null,"other_logs":null,"out_stock_days":0,"lost_sales":0,"has_location":null,"update_date":"2026-02-04T08:18:23","atum_locations":[],"atum_stock_status":"instock","restock_status":false,"low_stock_amount":"","sales_update_date":"2026-01-30T01:26:18","calc_backorders":null,"_links":{"self":[{"href":"https:\/\/aromasentia.com\/de\/wp-json\/wp\/v2\/product\/243485","targetHints":{"allow":["GET"]}}],"collection":[{"href":"https:\/\/aromasentia.com\/de\/wp-json\/wp\/v2\/product"}],"about":[{"href":"https:\/\/aromasentia.com\/de\/wp-json\/wp\/v2\/types\/product"}],"replies":[{"embeddable":true,"href":"https:\/\/aromasentia.com\/de\/wp-json\/wp\/v2\/comments?post=243485"}],"version-history":[{"count":0,"href":"https:\/\/aromasentia.com\/de\/wp-json\/wp\/v2\/product\/243485\/revisions"}],"wp:featuredmedia":[{"embeddable":true,"href":"https:\/\/aromasentia.com\/de\/wp-json\/wp\/v2\/media\/264350"}],"wp:attachment":[{"href":"https:\/\/aromasentia.com\/de\/wp-json\/wp\/v2\/media?parent=243485"}],"wp:term":[{"taxonomy":"product_brand","embeddable":true,"href":"https:\/\/aromasentia.com\/de\/wp-json\/wp\/v2\/product_brand?post=243485"},{"taxonomy":"product_cat","embeddable":true,"href":"https:\/\/aromasentia.com\/de\/wp-json\/wp\/v2\/product_cat?post=243485"},{"taxonomy":"product_tag","embeddable":true,"href":"https:\/\/aromasentia.com\/de\/wp-json\/wp\/v2\/product_tag?post=243485"}],"curies":[{"name":"wp","href":"https:\/\/api.w.org\/{rel}","templated":true}]}}