{"id":243477,"date":"2025-03-20T14:58:30","date_gmt":"2025-03-20T14:58:30","guid":{"rendered":"https:\/\/aromasentia.com\/product\/10x-10ml-ylang-ylang-iii-essential-oil-unlabelled\/"},"modified":"2025-12-30T20:43:29","modified_gmt":"2025-12-30T20:43:29","slug":"ylang-ylang-iii-aetherische-oele-ohne-etiketten-in-der-10er-box","status":"publish","type":"product","link":"https:\/\/aromasentia.com\/de\/ylang-ylang-iii-aetherische-oele-ohne-etiketten-in-der-10er-box\/","title":{"rendered":"Ylang Ylang III \u00c4therische \u00d6le (Ohne Etiketten) in der 10er-Box"},"content":{"rendered":"<p>Genie\u00dfen Sie die blumigen und exotischen Noten dieses nicht etikettierten 10er-Packs mit 10 ml \u00e4therischem Ylang Ylang III \u00d6l. W\u00e4hrend Ylang Ylang I oft als die beste Sorte f\u00fcr die Parf\u00fcmerie angesehen wird, bietet Ylang Ylang III ein immer noch sch\u00f6nes, s\u00fc\u00dfes und hartn\u00e4ckiges blumiges Aroma, das oft balsamischer und weniger intensiv scharf ist. Es beh\u00e4lt die klassischen entspannenden, stimmungsaufhellenden und aphrodisierenden Qualit\u00e4ten von Ylang Ylang, wodurch es sich hervorragend zum Stressabbau und zur Schaffung einer sinnlichen Atmosph\u00e4re eignet. Eine sch\u00f6ne, erschwingliche Option, um diesen tropischen Schatz zu genie\u00dfen.<\/p>\n","protected":false},"excerpt":{"rendered":"<p>Genie\u00dfen Sie die blumigen und exotischen Noten dieses nicht etikettierten 10er-Packs mit 10 ml \u00e4therischem Ylang Ylang III \u00d6l. W\u00e4hrend Ylang Ylang I oft als die beste Sorte f\u00fcr die Parf\u00fcmerie angesehen wird, bietet Ylang Ylang III ein immer noch sch\u00f6nes, s\u00fc\u00dfes und hartn\u00e4ckiges blumiges Aroma, das oft balsamischer und weniger intensiv scharf ist. Es [&hellip;]<\/p>\n","protected":false},"featured_media":264332,"comment_status":"closed","ping_status":"open","template":"","meta":{"_angie_page":false},"product_brand":[27090],"product_cat":[16455,23649,26833,25841,26444],"product_tag":[],"class_list":{"0":"post-243477","1":"product","2":"type-product","3":"status-publish","4":"has-post-thumbnail","6":"product_brand-ancient-wisdom","7":"product_cat-aromatherapie-und-raumdufte","8":"product_cat-atherische-ole","9":"product_cat-blumig","10":"product_cat-dufte-aromen","11":"product_cat-ylang-ylang","12":"pa_collection-gifts-unbranded-essential-oils-de","13":"pa_made-in-komoren","14":"pa_size-10ml","16":"first","17":"instock","18":"purchasable","19":"product-type-simple"},"supplier_id":null,"supplier_sku":"EOUL-82","barcode":null,"atum_controlled":true,"out_stock_date":null,"out_stock_threshold":null,"inheritable":false,"inbound_stock":null,"stock_on_hold":0,"sold_today":0,"sales_last_days":0,"reserved_stock":null,"customer_returns":null,"warehouse_damage":null,"lost_in_post":null,"other_logs":null,"out_stock_days":0,"lost_sales":0,"has_location":null,"update_date":"2026-05-08T05:08:29","atum_locations":[],"atum_stock_status":"instock","restock_status":false,"low_stock_amount":"","sales_update_date":"2026-01-30T01:26:17","calc_backorders":null,"_links":{"self":[{"href":"https:\/\/aromasentia.com\/de\/wp-json\/wp\/v2\/product\/243477","targetHints":{"allow":["GET"]}}],"collection":[{"href":"https:\/\/aromasentia.com\/de\/wp-json\/wp\/v2\/product"}],"about":[{"href":"https:\/\/aromasentia.com\/de\/wp-json\/wp\/v2\/types\/product"}],"replies":[{"embeddable":true,"href":"https:\/\/aromasentia.com\/de\/wp-json\/wp\/v2\/comments?post=243477"}],"version-history":[{"count":0,"href":"https:\/\/aromasentia.com\/de\/wp-json\/wp\/v2\/product\/243477\/revisions"}],"wp:featuredmedia":[{"embeddable":true,"href":"https:\/\/aromasentia.com\/de\/wp-json\/wp\/v2\/media\/264332"}],"wp:attachment":[{"href":"https:\/\/aromasentia.com\/de\/wp-json\/wp\/v2\/media?parent=243477"}],"wp:term":[{"taxonomy":"product_brand","embeddable":true,"href":"https:\/\/aromasentia.com\/de\/wp-json\/wp\/v2\/product_brand?post=243477"},{"taxonomy":"product_cat","embeddable":true,"href":"https:\/\/aromasentia.com\/de\/wp-json\/wp\/v2\/product_cat?post=243477"},{"taxonomy":"product_tag","embeddable":true,"href":"https:\/\/aromasentia.com\/de\/wp-json\/wp\/v2\/product_tag?post=243477"}],"curies":[{"name":"wp","href":"https:\/\/api.w.org\/{rel}","templated":true}]}}