{"id":243469,"date":"2025-03-20T14:58:30","date_gmt":"2025-03-20T14:58:30","guid":{"rendered":"https:\/\/aromasentia.com\/product\/10x-10ml-rose-geranium-essential-oil-unlabelled\/"},"modified":"2025-12-30T20:43:29","modified_gmt":"2025-12-30T20:43:29","slug":"rosengeranienoel-aetherische-oele-ohne-etiketten-in-der-10er-box","status":"publish","type":"product","link":"https:\/\/aromasentia.com\/de\/rosengeranienoel-aetherische-oele-ohne-etiketten-in-der-10er-box\/","title":{"rendered":"Rosengeranien\u00f6l \u00c4therische \u00d6le (Ohne Etiketten) in der 10er-Box"},"content":{"rendered":"<p>Genie\u00dfen Sie die harmonischen blumigen Noten dieses unbeschrifteten 10er-Packs mit 10 ml \u00e4therischem Rosengeranien\u00f6l. Dieses sch\u00f6ne \u00d6l kombiniert die rosigen Noten der Geranie mit einer deutlichen \u00c4hnlichkeit zur echten Rose und bietet einen s\u00fc\u00dfen, erhebenden und ausgleichenden blumigen Duft. Es wird gesch\u00e4tzt f\u00fcr seine F\u00e4higkeit, Emotionen zu harmonisieren, \u00c4ngste zu lindern und das weibliche Wohlbefinden zu unterst\u00fctzen. In der Hautpflege hilft sie, den Talg auszugleichen und einen gesunden Teint zu f\u00f6rdern. Ein wirklich reizvolles und vielseitiges Blumen\u00f6l f\u00fcr Parf\u00fcms, Hautpflege und emotionales Gleichgewicht.<\/p>\n","protected":false},"excerpt":{"rendered":"<p>Genie\u00dfen Sie die harmonischen blumigen Noten dieses unbeschrifteten 10er-Packs mit 10 ml \u00e4therischem Rosengeranien\u00f6l. Dieses sch\u00f6ne \u00d6l kombiniert die rosigen Noten der Geranie mit einer deutlichen \u00c4hnlichkeit zur echten Rose und bietet einen s\u00fc\u00dfen, erhebenden und ausgleichenden blumigen Duft. Es wird gesch\u00e4tzt f\u00fcr seine F\u00e4higkeit, Emotionen zu harmonisieren, \u00c4ngste zu lindern und das weibliche Wohlbefinden [&hellip;]<\/p>\n","protected":false},"featured_media":264314,"comment_status":"closed","ping_status":"open","template":"","meta":{"_angie_page":false},"product_brand":[27090],"product_cat":[16455,23649,26833,25841,26370,26186],"product_tag":[],"class_list":{"0":"post-243469","1":"product","2":"type-product","3":"status-publish","4":"has-post-thumbnail","6":"product_brand-ancient-wisdom","7":"product_cat-aromatherapie-und-raumdufte","8":"product_cat-atherische-ole","9":"product_cat-blumig","10":"product_cat-dufte-aromen","11":"product_cat-rosen","12":"product_cat-weihrauch","13":"pa_collection-gifts-unbranded-essential-oils-de","14":"pa_made-in-aegypten","15":"pa_size-10ml","17":"first","18":"instock","19":"purchasable","20":"product-type-simple"},"supplier_id":null,"supplier_sku":"EOUL-75","barcode":null,"atum_controlled":true,"out_stock_date":null,"out_stock_threshold":null,"inheritable":false,"inbound_stock":null,"stock_on_hold":0,"sold_today":0,"sales_last_days":0,"reserved_stock":null,"customer_returns":null,"warehouse_damage":null,"lost_in_post":null,"other_logs":null,"out_stock_days":0,"lost_sales":0,"has_location":null,"update_date":"2026-04-27T07:02:01","atum_locations":[],"atum_stock_status":"instock","restock_status":false,"low_stock_amount":"","sales_update_date":"2026-01-30T01:26:02","calc_backorders":null,"_links":{"self":[{"href":"https:\/\/aromasentia.com\/de\/wp-json\/wp\/v2\/product\/243469","targetHints":{"allow":["GET"]}}],"collection":[{"href":"https:\/\/aromasentia.com\/de\/wp-json\/wp\/v2\/product"}],"about":[{"href":"https:\/\/aromasentia.com\/de\/wp-json\/wp\/v2\/types\/product"}],"replies":[{"embeddable":true,"href":"https:\/\/aromasentia.com\/de\/wp-json\/wp\/v2\/comments?post=243469"}],"version-history":[{"count":0,"href":"https:\/\/aromasentia.com\/de\/wp-json\/wp\/v2\/product\/243469\/revisions"}],"wp:featuredmedia":[{"embeddable":true,"href":"https:\/\/aromasentia.com\/de\/wp-json\/wp\/v2\/media\/264314"}],"wp:attachment":[{"href":"https:\/\/aromasentia.com\/de\/wp-json\/wp\/v2\/media?parent=243469"}],"wp:term":[{"taxonomy":"product_brand","embeddable":true,"href":"https:\/\/aromasentia.com\/de\/wp-json\/wp\/v2\/product_brand?post=243469"},{"taxonomy":"product_cat","embeddable":true,"href":"https:\/\/aromasentia.com\/de\/wp-json\/wp\/v2\/product_cat?post=243469"},{"taxonomy":"product_tag","embeddable":true,"href":"https:\/\/aromasentia.com\/de\/wp-json\/wp\/v2\/product_tag?post=243469"}],"curies":[{"name":"wp","href":"https:\/\/api.w.org\/{rel}","templated":true}]}}