{"id":243457,"date":"2025-03-20T14:58:30","date_gmt":"2025-03-20T14:58:30","guid":{"rendered":"https:\/\/aromasentia.com\/product\/10x-10ml-lemon-tea-tree-unlabelled\/"},"modified":"2025-12-30T20:43:29","modified_gmt":"2025-12-30T20:43:29","slug":"10x-10ml-lemon-tea-tree-unlabelled","status":"publish","type":"product","link":"https:\/\/aromasentia.com\/de\/10x-10ml-lemon-tea-tree-unlabelled\/","title":{"rendered":"10x 10ml Lemon Tea Tree Unlabelled"},"content":{"rendered":"<p>Reinigen und beleben Sie sich mit diesem unbeschrifteten 10er-Pack mit 10 ml \u00e4therischem Teebaum\u00f6l Zitrone. Dieses lebendige \u00d6l, auch bekannt als Teebaum mit Zitronenduft, kombiniert die starken antiseptischen Eigenschaften des traditionellen Teebaums mit einem hellen, belebenden Zitronenaroma. Es eignet sich hervorragend zur Luftreinigung, zur Abwehr von Insekten und zur Verwendung in nat\u00fcrlichen Reinigungsl\u00f6sungen. Sein fr\u00f6hlicher, spritziger Duft ist weniger medizinisch als der des normalen Teebaums, was ihn zu einer angenehmen Wahl f\u00fcr die Verbreitung macht, w\u00e4hrend er gleichzeitig starke reinigende Eigenschaften f\u00fcr Haus und Haut bietet.<\/p>\n","protected":false},"excerpt":{"rendered":"<p>Reinigen und beleben Sie sich mit diesem unbeschrifteten 10er-Pack mit 10 ml \u00e4therischem Teebaum\u00f6l Zitrone. Dieses lebendige \u00d6l, auch bekannt als Teebaum mit Zitronenduft, kombiniert die starken antiseptischen Eigenschaften des traditionellen Teebaums mit einem hellen, belebenden Zitronenaroma. Es eignet sich hervorragend zur Luftreinigung, zur Abwehr von Insekten und zur Verwendung in nat\u00fcrlichen Reinigungsl\u00f6sungen. Sein fr\u00f6hlicher, [&hellip;]<\/p>\n","protected":false},"featured_media":264287,"comment_status":"closed","ping_status":"open","template":"","meta":{"_angie_page":false},"product_brand":[27090],"product_cat":[16455,25841,26241],"product_tag":[],"class_list":{"0":"post-243457","1":"product","2":"type-product","3":"status-publish","4":"has-post-thumbnail","6":"product_brand-ancient-wisdom","7":"product_cat-aromatherapie-und-raumdufte","8":"product_cat-dufte-aromen","9":"product_cat-zitronen-teebaum","10":"pa_collection-gifts-unbranded-essential-oils-de","11":"pa_made-in-australien","12":"pa_size-10ml","14":"first","15":"instock","16":"purchasable","17":"product-type-simple"},"supplier_id":null,"supplier_sku":"EOUL-72","barcode":null,"atum_controlled":true,"out_stock_date":null,"out_stock_threshold":null,"inheritable":false,"inbound_stock":null,"stock_on_hold":0,"sold_today":0,"sales_last_days":0,"reserved_stock":null,"customer_returns":null,"warehouse_damage":null,"lost_in_post":null,"other_logs":null,"out_stock_days":0,"lost_sales":0,"has_location":null,"update_date":"2026-04-27T07:02:01","atum_locations":[],"atum_stock_status":"instock","restock_status":false,"low_stock_amount":"","sales_update_date":"2026-02-06T00:01:31","calc_backorders":null,"_links":{"self":[{"href":"https:\/\/aromasentia.com\/de\/wp-json\/wp\/v2\/product\/243457","targetHints":{"allow":["GET"]}}],"collection":[{"href":"https:\/\/aromasentia.com\/de\/wp-json\/wp\/v2\/product"}],"about":[{"href":"https:\/\/aromasentia.com\/de\/wp-json\/wp\/v2\/types\/product"}],"replies":[{"embeddable":true,"href":"https:\/\/aromasentia.com\/de\/wp-json\/wp\/v2\/comments?post=243457"}],"version-history":[{"count":0,"href":"https:\/\/aromasentia.com\/de\/wp-json\/wp\/v2\/product\/243457\/revisions"}],"wp:featuredmedia":[{"embeddable":true,"href":"https:\/\/aromasentia.com\/de\/wp-json\/wp\/v2\/media\/264287"}],"wp:attachment":[{"href":"https:\/\/aromasentia.com\/de\/wp-json\/wp\/v2\/media?parent=243457"}],"wp:term":[{"taxonomy":"product_brand","embeddable":true,"href":"https:\/\/aromasentia.com\/de\/wp-json\/wp\/v2\/product_brand?post=243457"},{"taxonomy":"product_cat","embeddable":true,"href":"https:\/\/aromasentia.com\/de\/wp-json\/wp\/v2\/product_cat?post=243457"},{"taxonomy":"product_tag","embeddable":true,"href":"https:\/\/aromasentia.com\/de\/wp-json\/wp\/v2\/product_tag?post=243457"}],"curies":[{"name":"wp","href":"https:\/\/api.w.org\/{rel}","templated":true}]}}