{"id":243453,"date":"2025-03-20T14:58:30","date_gmt":"2025-03-20T14:58:30","guid":{"rendered":"https:\/\/aromasentia.com\/product\/10x-10ml-ho-wood-essential-oil-unlabelled\/"},"modified":"2025-12-30T20:43:29","modified_gmt":"2025-12-30T20:43:29","slug":"ho-wood-oel-aetherische-oele-ohne-etiketten-in-der-10er-box","status":"publish","type":"product","link":"https:\/\/aromasentia.com\/de\/ho-wood-oel-aetherische-oele-ohne-etiketten-in-der-10er-box\/","title":{"rendered":"Ho-Wood-\u00d6l \u00c4therische \u00d6le (Ohne Etiketten) in der 10er-Box"},"content":{"rendered":"<p>Erleben Sie die sanfte St\u00e4rke dieses unbeschrifteten 10er-Packs mit 10 ml Ho Wood Essential Oil. Mit einem wunderbar s\u00fc\u00dfen, holzigen und leicht blumigen Aroma wird Ho Wood aufgrund seines hohen Linalool-Gehalts oft als nachhaltige Alternative zu Rosenholz verwendet. Es wirkt wunderbar beruhigend, entspannend und aufmunternd und hilft, Stress abzubauen und das emotionale Gleichgewicht zu f\u00f6rdern. Da es sanft zur Haut ist, wird es auch in der Hautpflege wegen seiner beruhigenden und verj\u00fcngenden Eigenschaften gesch\u00e4tzt. Ein wahrhaft friedliches und vielseitiges \u00d6l f\u00fcr das t\u00e4gliche Wohlbefinden.<\/p>\n","protected":false},"excerpt":{"rendered":"<p>Erleben Sie die sanfte St\u00e4rke dieses unbeschrifteten 10er-Packs mit 10 ml Ho Wood Essential Oil. Mit einem wunderbar s\u00fc\u00dfen, holzigen und leicht blumigen Aroma wird Ho Wood aufgrund seines hohen Linalool-Gehalts oft als nachhaltige Alternative zu Rosenholz verwendet. Es wirkt wunderbar beruhigend, entspannend und aufmunternd und hilft, Stress abzubauen und das emotionale Gleichgewicht zu f\u00f6rdern. [&hellip;]<\/p>\n","protected":false},"featured_media":264278,"comment_status":"closed","ping_status":"open","template":"","meta":{"_angie_page":false},"product_brand":[27090],"product_cat":[16455,23649,25841,26213,26896],"product_tag":[],"class_list":{"0":"post-243453","1":"product","2":"type-product","3":"status-publish","4":"has-post-thumbnail","6":"product_brand-ancient-wisdom","7":"product_cat-aromatherapie-und-raumdufte","8":"product_cat-atherische-ole","9":"product_cat-dufte-aromen","10":"product_cat-ho-holz","11":"product_cat-holzig","12":"pa_collection-gifts-unbranded-essential-oils-de","13":"pa_made-in-china","14":"pa_size-10ml","16":"first","17":"instock","18":"purchasable","19":"product-type-simple"},"supplier_id":null,"supplier_sku":"EOUL-71","barcode":null,"atum_controlled":true,"out_stock_date":null,"out_stock_threshold":null,"inheritable":false,"inbound_stock":null,"stock_on_hold":0,"sold_today":0,"sales_last_days":0,"reserved_stock":null,"customer_returns":null,"warehouse_damage":null,"lost_in_post":null,"other_logs":null,"out_stock_days":0,"lost_sales":0,"has_location":null,"update_date":"2026-04-27T07:02:01","atum_locations":[],"atum_stock_status":"instock","restock_status":false,"low_stock_amount":"","sales_update_date":"2026-01-30T01:26:38","calc_backorders":null,"_links":{"self":[{"href":"https:\/\/aromasentia.com\/de\/wp-json\/wp\/v2\/product\/243453","targetHints":{"allow":["GET"]}}],"collection":[{"href":"https:\/\/aromasentia.com\/de\/wp-json\/wp\/v2\/product"}],"about":[{"href":"https:\/\/aromasentia.com\/de\/wp-json\/wp\/v2\/types\/product"}],"replies":[{"embeddable":true,"href":"https:\/\/aromasentia.com\/de\/wp-json\/wp\/v2\/comments?post=243453"}],"version-history":[{"count":0,"href":"https:\/\/aromasentia.com\/de\/wp-json\/wp\/v2\/product\/243453\/revisions"}],"wp:featuredmedia":[{"embeddable":true,"href":"https:\/\/aromasentia.com\/de\/wp-json\/wp\/v2\/media\/264278"}],"wp:attachment":[{"href":"https:\/\/aromasentia.com\/de\/wp-json\/wp\/v2\/media?parent=243453"}],"wp:term":[{"taxonomy":"product_brand","embeddable":true,"href":"https:\/\/aromasentia.com\/de\/wp-json\/wp\/v2\/product_brand?post=243453"},{"taxonomy":"product_cat","embeddable":true,"href":"https:\/\/aromasentia.com\/de\/wp-json\/wp\/v2\/product_cat?post=243453"},{"taxonomy":"product_tag","embeddable":true,"href":"https:\/\/aromasentia.com\/de\/wp-json\/wp\/v2\/product_tag?post=243453"}],"curies":[{"name":"wp","href":"https:\/\/api.w.org\/{rel}","templated":true}]}}