{"id":243425,"date":"2025-03-20T14:58:59","date_gmt":"2025-03-20T14:58:59","guid":{"rendered":"https:\/\/aromasentia.com\/product\/hh-tarot-roll-on-the-lovers\/"},"modified":"2025-12-30T20:43:23","modified_gmt":"2025-12-30T20:43:23","slug":"hh-tarot-roll-on-die-liebenden","status":"publish","type":"product","link":"https:\/\/aromasentia.com\/de\/hh-tarot-roll-on-die-liebenden\/","title":{"rendered":"HH Tarot Roll On \u2013 Die Liebenden"},"content":{"rendered":"<p><span style=\"color: rgb(75, 80, 88);\"><strong>\u201eThe Lovers\u201c von Hop Hare, ein bet\u00f6render Roll-on mit \u00e4therischen Edelstein\u00f6len<\/strong>, der Liebe und Leidenschaft entfachen soll. Angereichert mit den bet\u00f6rendsten D\u00fcften der Natur und der pflegenden Essenz von Rosenquarz-Edelsteinen ist jede Flasche eine harmonische Mischung aus Liebe und Verlockung.&nbsp;<\/span><\/p>\n<p><span style=\"color: rgb(75, 80, 88);\"><strong>Die Kraft des Rosenquarz<\/strong><\/span><\/p>\n<p><span style=\"color: rgb(75, 80, 88);\">In jedem Roll-on befindet sich ein Rosenquarz-Edelstein, der als Botschafter der Liebe bekannt ist. Rosenquarz wird f\u00fcr seine F\u00e4higkeit verehrt, Liebe anzuziehen und zu n\u00e4hren. Er unterst\u00fctzt emotionale Heilung, lindert Stress und f\u00f6rdert Liebe in ihren verschiedenen Formen.&nbsp;<\/span><\/p>\n<p><span style=\"color: rgb(75, 80, 88);\"><strong>Anwendung<\/strong><\/span><\/p>\n<p><span style=\"color: rgb(75, 80, 88);\">Gleiten Sie den Roll-on \u201eThe Lovers\u201c sanft \u00fcber Ihr Herz, Ihre Handgelenke oder Ihren Hals. Erleben Sie die zarte Ber\u00fchrung von Rosenquarz auf Ihrer Haut. Atmen Sie die bezaubernden Aromen ein und visualisieren Sie Ihre tiefsten W\u00fcnsche. Treten Sie selbstbewusst vor, eingeh\u00fcllt in einen Heiligenschein der Liebe.<\/span><\/p>\n<p><span style=\"color: rgb(75, 80, 88);\"><em>Lassen Sie \u201eThe Lovers\u201c von Hop Hare, sei dein aromatischer Begleiter im Tanz der Liebe und bringe dich mit jeder Anwendung n\u00e4her an die Liebe heran, die du suchst und wirklich verdienst. &nbsp;<\/em><\/span><\/p>\n","protected":false},"excerpt":{"rendered":"<p>\u201eThe Lovers\u201c von Hop Hare, ein bet\u00f6render Roll-on mit \u00e4therischen Edelstein\u00f6len, der Liebe und Leidenschaft entfachen soll. Angereichert mit den bet\u00f6rendsten D\u00fcften der Natur und der pflegenden Essenz von Rosenquarz-Edelsteinen ist jede Flasche eine harmonische Mischung aus Liebe und Verlockung.&nbsp; Die Kraft des Rosenquarz In jedem Roll-on befindet sich ein Rosenquarz-Edelstein, der als Botschafter der [&hellip;]<\/p>\n","protected":false},"featured_media":264561,"comment_status":"closed","ping_status":"open","template":"","meta":[],"product_brand":[27112],"product_cat":[16455],"product_tag":[],"class_list":{"0":"post-243425","1":"product","2":"type-product","3":"status-publish","4":"has-post-thumbnail","6":"product_brand-hop-hare","7":"product_cat-aromatherapie-und-raumdufte","8":"pa_collection-hop-hare-essential-oil-gemstone-roll-ons-10ml-de","9":"pa_made-in-vereinigtes-koenigreich","11":"first","12":"instock","13":"purchasable","14":"product-type-simple"},"supplier_id":null,"supplier_sku":"HHGR-01","barcode":null,"atum_controlled":true,"out_stock_date":null,"out_stock_threshold":null,"inheritable":false,"inbound_stock":null,"stock_on_hold":0,"sold_today":0,"sales_last_days":0,"reserved_stock":null,"customer_returns":null,"warehouse_damage":null,"lost_in_post":null,"other_logs":null,"out_stock_days":0,"lost_sales":0,"has_location":null,"update_date":"2026-02-10T10:29:44","atum_locations":[],"atum_stock_status":"instock","restock_status":false,"low_stock_amount":"","sales_update_date":"2025-09-05T00:16:52","calc_backorders":null,"_links":{"self":[{"href":"https:\/\/aromasentia.com\/de\/wp-json\/wp\/v2\/product\/243425","targetHints":{"allow":["GET"]}}],"collection":[{"href":"https:\/\/aromasentia.com\/de\/wp-json\/wp\/v2\/product"}],"about":[{"href":"https:\/\/aromasentia.com\/de\/wp-json\/wp\/v2\/types\/product"}],"replies":[{"embeddable":true,"href":"https:\/\/aromasentia.com\/de\/wp-json\/wp\/v2\/comments?post=243425"}],"version-history":[{"count":0,"href":"https:\/\/aromasentia.com\/de\/wp-json\/wp\/v2\/product\/243425\/revisions"}],"wp:featuredmedia":[{"embeddable":true,"href":"https:\/\/aromasentia.com\/de\/wp-json\/wp\/v2\/media\/264561"}],"wp:attachment":[{"href":"https:\/\/aromasentia.com\/de\/wp-json\/wp\/v2\/media?parent=243425"}],"wp:term":[{"taxonomy":"product_brand","embeddable":true,"href":"https:\/\/aromasentia.com\/de\/wp-json\/wp\/v2\/product_brand?post=243425"},{"taxonomy":"product_cat","embeddable":true,"href":"https:\/\/aromasentia.com\/de\/wp-json\/wp\/v2\/product_cat?post=243425"},{"taxonomy":"product_tag","embeddable":true,"href":"https:\/\/aromasentia.com\/de\/wp-json\/wp\/v2\/product_tag?post=243425"}],"curies":[{"name":"wp","href":"https:\/\/api.w.org\/{rel}","templated":true}]}}