{"id":243421,"date":"2025-03-20T14:58:59","date_gmt":"2025-03-20T14:58:59","guid":{"rendered":"https:\/\/aromasentia.com\/product\/hh-tarot-roll-on-the-magician\/"},"modified":"2025-12-30T20:43:23","modified_gmt":"2025-12-30T20:43:23","slug":"hh-tarot-roll-on-der-magier","status":"publish","type":"product","link":"https:\/\/aromasentia.com\/de\/hh-tarot-roll-on-der-magier\/","title":{"rendered":"HH Tarot Roll On \u2013 Der Magier"},"content":{"rendered":"<p><span style=\"color: rgb(75, 80, 88);\"><strong>The Magician\u201c von Hop Hare, ein Roll-on mit \u00e4therischen Edelstein\u00f6len<\/strong>, voller Geheimnisse und darauf zugeschnitten, Ihre Aura zu verj\u00fcngen. Jeder Roll-on ist eine gekonnte Fusion energetisierender D\u00fcfte, verst\u00e4rkt durch die transformative Essenz von gr\u00fcnem Aventurin.&nbsp;<\/span><\/p>\n<p><span style=\"color: rgb(75, 80, 88);\"><strong>Die Magie von gr\u00fcnem Aventurin<\/strong><\/span><\/p>\n<p><span style=\"color: rgb(75, 80, 88);\">Das Herzst\u00fcck jedes Roll-ons ist gr\u00fcner Aventurin, der f\u00fcr seine F\u00e4higkeit bekannt ist, Negativit\u00e4t zu vertreiben und emotionale Belastbarkeit zu f\u00f6rdern. Seine Verwendung in \u201eThe Magician\u201c zielt darauf ab, Wohlstand und geistige Klarheit zu f\u00f6rdern und ein Leben voller Sinn und weniger emotionalen Turbulenzen zu erm\u00f6glichen.<\/span><\/p>\n<p><span style=\"color: rgb(75, 80, 88);\"><strong>Wie man es annimmt<\/strong><\/span><\/p>\n<p><span style=\"color: rgb(75, 80, 88);\">Tragen Sie \u201eThe Magician\u201c auf die Pulspunkte auf, um Ihre innere Alchemie zu wecken. Erleben Sie die erdende Wirkung von gr\u00fcnem Aventurin auf Ihrer Haut. &nbsp;<\/span><\/p>\n<p><span style=\"color: rgb(75, 80, 88);\"><strong>Rufe die Kraft des Magiers an<\/strong><\/span><\/p>\n<p><span style=\"color: rgb(75, 80, 88);\">Integriere es in deine Morgenroutine, um einen revitalisierenden Ton f\u00fcr den Tag anzugeben. Trage es als pers\u00f6nlichen Talisman f\u00fcr geistige Sch\u00e4rfe und positive Schwingungen. Verwende es vor Aufgaben, um Konzentration und Kreativit\u00e4t zu kanalisieren. Teile es mit Mitreisenden auf der Reise zur kollektiven Erleuchtung.<\/span><\/p>\n<p><span style=\"color: rgb(75, 80, 88);\"><em>Lass \u201eThe Magician\u201c von Hop Hare die Magie der Sinne entfesseln und dich in ein Reich f\u00fchren, in dem die Energie frei flie\u00dft und der Geist befreit ist. &nbsp;<\/em><\/span><\/p>\n","protected":false},"excerpt":{"rendered":"<p>The Magician\u201c von Hop Hare, ein Roll-on mit \u00e4therischen Edelstein\u00f6len, voller Geheimnisse und darauf zugeschnitten, Ihre Aura zu verj\u00fcngen. Jeder Roll-on ist eine gekonnte Fusion energetisierender D\u00fcfte, verst\u00e4rkt durch die transformative Essenz von gr\u00fcnem Aventurin.&nbsp; Die Magie von gr\u00fcnem Aventurin Das Herzst\u00fcck jedes Roll-ons ist gr\u00fcner Aventurin, der f\u00fcr seine F\u00e4higkeit bekannt ist, Negativit\u00e4t zu [&hellip;]<\/p>\n","protected":false},"featured_media":264520,"comment_status":"closed","ping_status":"open","template":"","meta":[],"product_brand":[27112],"product_cat":[16455],"product_tag":[],"class_list":{"0":"post-243421","1":"product","2":"type-product","3":"status-publish","4":"has-post-thumbnail","6":"product_brand-hop-hare","7":"product_cat-aromatherapie-und-raumdufte","8":"pa_collection-hop-hare-essential-oil-gemstone-roll-ons-10ml-de","9":"pa_made-in-vereinigtes-koenigreich","11":"first","12":"instock","13":"purchasable","14":"product-type-simple"},"supplier_id":null,"supplier_sku":"HHGR-02","barcode":null,"atum_controlled":true,"out_stock_date":null,"out_stock_threshold":null,"inheritable":false,"inbound_stock":0,"stock_on_hold":0,"sold_today":0,"sales_last_days":0,"reserved_stock":0,"customer_returns":0,"warehouse_damage":0,"lost_in_post":0,"other_logs":0,"out_stock_days":0,"lost_sales":0,"has_location":false,"update_date":"2026-02-11T08:27:28","atum_locations":[],"atum_stock_status":"instock","restock_status":false,"low_stock_amount":"","sales_update_date":"2025-09-05T00:16:52","calc_backorders":null,"_links":{"self":[{"href":"https:\/\/aromasentia.com\/de\/wp-json\/wp\/v2\/product\/243421","targetHints":{"allow":["GET"]}}],"collection":[{"href":"https:\/\/aromasentia.com\/de\/wp-json\/wp\/v2\/product"}],"about":[{"href":"https:\/\/aromasentia.com\/de\/wp-json\/wp\/v2\/types\/product"}],"replies":[{"embeddable":true,"href":"https:\/\/aromasentia.com\/de\/wp-json\/wp\/v2\/comments?post=243421"}],"version-history":[{"count":0,"href":"https:\/\/aromasentia.com\/de\/wp-json\/wp\/v2\/product\/243421\/revisions"}],"wp:featuredmedia":[{"embeddable":true,"href":"https:\/\/aromasentia.com\/de\/wp-json\/wp\/v2\/media\/264520"}],"wp:attachment":[{"href":"https:\/\/aromasentia.com\/de\/wp-json\/wp\/v2\/media?parent=243421"}],"wp:term":[{"taxonomy":"product_brand","embeddable":true,"href":"https:\/\/aromasentia.com\/de\/wp-json\/wp\/v2\/product_brand?post=243421"},{"taxonomy":"product_cat","embeddable":true,"href":"https:\/\/aromasentia.com\/de\/wp-json\/wp\/v2\/product_cat?post=243421"},{"taxonomy":"product_tag","embeddable":true,"href":"https:\/\/aromasentia.com\/de\/wp-json\/wp\/v2\/product_tag?post=243421"}],"curies":[{"name":"wp","href":"https:\/\/api.w.org\/{rel}","templated":true}]}}