{"id":243417,"date":"2025-03-20T14:58:59","date_gmt":"2025-03-20T14:58:59","guid":{"rendered":"https:\/\/aromasentia.com\/product\/hh-tarot-roll-on-the-moon\/"},"modified":"2025-12-30T20:43:23","modified_gmt":"2025-12-30T20:43:23","slug":"hh-tarot-roll-on-der-mond","status":"publish","type":"product","link":"https:\/\/aromasentia.com\/de\/hh-tarot-roll-on-der-mond\/","title":{"rendered":"HH Tarot Roll On \u2013 Der Mond"},"content":{"rendered":"<p><span style=\"color: rgb(75, 80, 88);\"><strong>\u201eThe Moon\u201c von Hop Hare, jeder Roll-on<\/strong> enth\u00e4lt eine Mischung wohltuender Aromen, die den Geist beruhigen sollen, erg\u00e4nzt durch die heitere Energie von Amethyst-Edelsteinen.&nbsp;<\/span><\/p>\n<p><span style=\"color: rgb(75, 80, 88);\"><strong>Amethyst: W\u00e4chter der Nacht<\/strong><\/span><\/p>\n<p><span style=\"color: rgb(75, 80, 88);\">Im Kern jedes Roll-ons befindet sich ein Amethyst-Edelstein, der f\u00fcr seine F\u00e4higkeit bekannt ist, ruhelose Gedanken zu beruhigen und das Bewusstsein auf eine h\u00f6here Ebene zu heben. In \u201eThe Moon\u201c Amethyst dient als Schutzschild gegen n\u00e4chtliche Unsicherheiten und schafft einen Zufluchtsort des Friedens und der Ruhe.<\/span><\/p>\n<p><span style=\"color: rgb(75, 80, 88);\"><strong>Laden Sie den Mond ein<\/strong><\/span><\/p>\n<p><span style=\"color: rgb(75, 80, 88);\">Integrieren Sie es in Ihre n\u00e4chtliche Routine, um abzuschalten und sich auf die Nachtruhe vorzubereiten. Tragen Sie es als pers\u00f6nlichen Duft, um die Ruhe der Nacht \u00fcberallhin mitzunehmen. Bereichern Sie Meditations- oder Gebetssitzungen mit einem Gef\u00fchl der Gelassenheit und Selbstbeobachtung. Ein aufmerksames Geschenk f\u00fcr Ihre Lieben, die Trost und Entspannung suchen.<\/span><\/p>\n<p><span style=\"color: rgb(75, 80, 88);\"><em>Lassen Sie sich mit \u201eThe Moon\u201c von Hop Hare in den Nachtstunden von Ruhe umh\u00fcllen, w\u00e4hrend der sanfte Einfluss des Amethysts Sie in einen friedlichen und traumreichen Schlaf f\u00fchrt. &nbsp;<\/em><\/span><\/p>\n","protected":false},"excerpt":{"rendered":"<p>\u201eThe Moon\u201c von Hop Hare, jeder Roll-on enth\u00e4lt eine Mischung wohltuender Aromen, die den Geist beruhigen sollen, erg\u00e4nzt durch die heitere Energie von Amethyst-Edelsteinen.&nbsp; Amethyst: W\u00e4chter der Nacht Im Kern jedes Roll-ons befindet sich ein Amethyst-Edelstein, der f\u00fcr seine F\u00e4higkeit bekannt ist, ruhelose Gedanken zu beruhigen und das Bewusstsein auf eine h\u00f6here Ebene zu heben. [&hellip;]<\/p>\n","protected":false},"featured_media":264495,"comment_status":"closed","ping_status":"open","template":"","meta":[],"product_brand":[27112],"product_cat":[16455],"product_tag":[],"class_list":{"0":"post-243417","1":"product","2":"type-product","3":"status-publish","4":"has-post-thumbnail","6":"product_brand-hop-hare","7":"product_cat-aromatherapie-und-raumdufte","8":"pa_collection-hop-hare-essential-oil-gemstone-roll-ons-10ml-de","9":"pa_made-in-vereinigtes-koenigreich","11":"first","12":"instock","13":"purchasable","14":"product-type-simple"},"supplier_id":null,"supplier_sku":"HHGR-03","barcode":null,"atum_controlled":true,"out_stock_date":null,"out_stock_threshold":null,"inheritable":false,"inbound_stock":null,"stock_on_hold":0,"sold_today":0,"sales_last_days":0,"reserved_stock":null,"customer_returns":null,"warehouse_damage":null,"lost_in_post":null,"other_logs":null,"out_stock_days":0,"lost_sales":0,"has_location":null,"update_date":"2026-02-12T03:51:19","atum_locations":[],"atum_stock_status":"instock","restock_status":false,"low_stock_amount":"","sales_update_date":"2025-09-05T00:16:51","calc_backorders":null,"_links":{"self":[{"href":"https:\/\/aromasentia.com\/de\/wp-json\/wp\/v2\/product\/243417","targetHints":{"allow":["GET"]}}],"collection":[{"href":"https:\/\/aromasentia.com\/de\/wp-json\/wp\/v2\/product"}],"about":[{"href":"https:\/\/aromasentia.com\/de\/wp-json\/wp\/v2\/types\/product"}],"replies":[{"embeddable":true,"href":"https:\/\/aromasentia.com\/de\/wp-json\/wp\/v2\/comments?post=243417"}],"version-history":[{"count":0,"href":"https:\/\/aromasentia.com\/de\/wp-json\/wp\/v2\/product\/243417\/revisions"}],"wp:featuredmedia":[{"embeddable":true,"href":"https:\/\/aromasentia.com\/de\/wp-json\/wp\/v2\/media\/264495"}],"wp:attachment":[{"href":"https:\/\/aromasentia.com\/de\/wp-json\/wp\/v2\/media?parent=243417"}],"wp:term":[{"taxonomy":"product_brand","embeddable":true,"href":"https:\/\/aromasentia.com\/de\/wp-json\/wp\/v2\/product_brand?post=243417"},{"taxonomy":"product_cat","embeddable":true,"href":"https:\/\/aromasentia.com\/de\/wp-json\/wp\/v2\/product_cat?post=243417"},{"taxonomy":"product_tag","embeddable":true,"href":"https:\/\/aromasentia.com\/de\/wp-json\/wp\/v2\/product_tag?post=243417"}],"curies":[{"name":"wp","href":"https:\/\/api.w.org\/{rel}","templated":true}]}}