{"id":243413,"date":"2025-03-20T14:58:59","date_gmt":"2025-03-20T14:58:59","guid":{"rendered":"https:\/\/aromasentia.com\/product\/hh-tarot-roll-on-the-devil\/"},"modified":"2025-12-30T20:43:23","modified_gmt":"2025-12-30T20:43:23","slug":"hh-tarot-roll-on-der-teufel","status":"publish","type":"product","link":"https:\/\/aromasentia.com\/de\/hh-tarot-roll-on-der-teufel\/","title":{"rendered":"HH Tarot Roll On \u2013 Der Teufel"},"content":{"rendered":"<p><span style=\"color: rgb(75, 80, 88);\">&nbsp;<strong>\u201eThe Devil\u201c von Hop Hare, ein Roll-on mit \u00e4therischen \u00d6len<\/strong>, angereichert mit Edelsteinen, um Ihre pulsierende Energie mit der stabilisierenden Wirkung von rotem Jaspis in Einklang zu bringen. Jeder Roll-on ist eine kraftvolle Mischung kr\u00e4ftiger D\u00fcfte, die garantiert Ihre innere Dynamik erweckt.&nbsp;<\/span><\/p>\n<p><span style=\"color: rgb(75, 80, 88);\"><strong>Der ausgleichende Edelstein:<\/strong><\/span><\/p>\n<p><span style=\"color: rgb(75, 80, 88);\">Roter Jaspis Im Kern jedes Roll-ons befindet sich ein roter Jaspis-Edelstein, der f\u00fcr seine ausgleichende Wirkung bekannt ist. Es soll Extreme d\u00e4mpfen und daf\u00fcr sorgen, dass Ihre dynamischen Energien im Einklang mit der Welt um Sie herum flie\u00dfen.<\/span><\/p>\n<p><span style=\"color: rgb(75, 80, 88);\"><strong>Nehmen Sie den Einfluss des Teufels an<\/strong><\/span><\/p>\n<p><span style=\"color: rgb(75, 80, 88);\">Integrieren Sie es in Ihre Morgenroutine, um den Tag mit Vitalit\u00e4t zu erf\u00fcllen. Tragen Sie es als pers\u00f6nlichen Duft, um K\u00fchnheit und Anmut auszustrahlen. Tragen Sie es vor gesellschaftlichen Anl\u00e4ssen erneut auf, um Charisma und Selbstvertrauen auszustrahlen. Ein Geschenk f\u00fcr diejenigen, die ihre St\u00e4rke annehmen und die Lebensfreude auskosten. &nbsp;<\/span><\/p>\n<p><span style=\"color: rgb(75, 80, 88);\"><em>Mit \u201eThe Devil\u201c von Hop Hare, treten Sie mutig in den Tanz des Lebens ein und lassen Sie sich von Red Jasper mit Leidenschaft und Kraft durch jeden Rhythmus f\u00fchren.<\/em><\/span><\/p>\n","protected":false},"excerpt":{"rendered":"<p>&nbsp;\u201eThe Devil\u201c von Hop Hare, ein Roll-on mit \u00e4therischen \u00d6len, angereichert mit Edelsteinen, um Ihre pulsierende Energie mit der stabilisierenden Wirkung von rotem Jaspis in Einklang zu bringen. Jeder Roll-on ist eine kraftvolle Mischung kr\u00e4ftiger D\u00fcfte, die garantiert Ihre innere Dynamik erweckt.&nbsp; Der ausgleichende Edelstein: Roter Jaspis Im Kern jedes Roll-ons befindet sich ein roter [&hellip;]<\/p>\n","protected":false},"featured_media":264470,"comment_status":"closed","ping_status":"open","template":"","meta":[],"product_brand":[27112],"product_cat":[16455],"product_tag":[],"class_list":{"0":"post-243413","1":"product","2":"type-product","3":"status-publish","4":"has-post-thumbnail","6":"product_brand-hop-hare","7":"product_cat-aromatherapie-und-raumdufte","8":"pa_collection-hop-hare-essential-oil-gemstone-roll-ons-10ml-de","9":"pa_made-in-vereinigtes-koenigreich","11":"first","12":"instock","13":"purchasable","14":"product-type-simple"},"supplier_id":null,"supplier_sku":"HHGR-04","barcode":null,"atum_controlled":true,"out_stock_date":null,"out_stock_threshold":null,"inheritable":false,"inbound_stock":null,"stock_on_hold":0,"sold_today":0,"sales_last_days":0,"reserved_stock":null,"customer_returns":null,"warehouse_damage":null,"lost_in_post":null,"other_logs":null,"out_stock_days":0,"lost_sales":0,"has_location":null,"update_date":"2026-02-11T08:28:41","atum_locations":[],"atum_stock_status":"instock","restock_status":false,"low_stock_amount":"","sales_update_date":"2025-10-09T03:21:16","calc_backorders":null,"_links":{"self":[{"href":"https:\/\/aromasentia.com\/de\/wp-json\/wp\/v2\/product\/243413","targetHints":{"allow":["GET"]}}],"collection":[{"href":"https:\/\/aromasentia.com\/de\/wp-json\/wp\/v2\/product"}],"about":[{"href":"https:\/\/aromasentia.com\/de\/wp-json\/wp\/v2\/types\/product"}],"replies":[{"embeddable":true,"href":"https:\/\/aromasentia.com\/de\/wp-json\/wp\/v2\/comments?post=243413"}],"version-history":[{"count":0,"href":"https:\/\/aromasentia.com\/de\/wp-json\/wp\/v2\/product\/243413\/revisions"}],"wp:featuredmedia":[{"embeddable":true,"href":"https:\/\/aromasentia.com\/de\/wp-json\/wp\/v2\/media\/264470"}],"wp:attachment":[{"href":"https:\/\/aromasentia.com\/de\/wp-json\/wp\/v2\/media?parent=243413"}],"wp:term":[{"taxonomy":"product_brand","embeddable":true,"href":"https:\/\/aromasentia.com\/de\/wp-json\/wp\/v2\/product_brand?post=243413"},{"taxonomy":"product_cat","embeddable":true,"href":"https:\/\/aromasentia.com\/de\/wp-json\/wp\/v2\/product_cat?post=243413"},{"taxonomy":"product_tag","embeddable":true,"href":"https:\/\/aromasentia.com\/de\/wp-json\/wp\/v2\/product_tag?post=243413"}],"curies":[{"name":"wp","href":"https:\/\/api.w.org\/{rel}","templated":true}]}}