{"id":243405,"date":"2025-03-20T14:58:59","date_gmt":"2025-03-20T14:58:59","guid":{"rendered":"https:\/\/aromasentia.com\/product\/hh-tarot-roll-on-the-lion\/"},"modified":"2025-12-30T20:43:23","modified_gmt":"2025-12-30T20:43:23","slug":"hh-tarot-roll-on-der-loewe","status":"publish","type":"product","link":"https:\/\/aromasentia.com\/de\/hh-tarot-roll-on-der-loewe\/","title":{"rendered":"HH Tarot Roll On \u2013 Der L\u00f6we"},"content":{"rendered":"<p><span style=\"color: rgb(75, 80, 88);\"><strong>\u201eDer L\u00f6we\u201c von Hop Hare, ein Roll-on mit \u00e4therischen Edelstein\u00f6len<\/strong>, der die majest\u00e4tische Essenz des Dschungelk\u00f6nigs einf\u00e4ngt \u2013 kraftvoll und doch gelassen. Angereichert mit der harmonisierenden Energie von Bergquarz wurde diese Mischung sorgf\u00e4ltig zusammengestellt, um Energie in ihrer reinsten Form freizusetzen und das Gleichgewicht in Ihrem Reich wiederherzustellen.<\/span><\/p>\n<p><span style=\"color: rgb(75, 80, 88);\"><strong>Das Kristallherz des L\u00f6wen: Bergquarz<\/strong><\/span><\/p>\n<p><span style=\"color: rgb(75, 80, 88);\">Im Kern jedes Roll-ons befindet sich ein Bergquarz-Edelstein, der f\u00fcr seine F\u00e4higkeit verehrt wird, die Aura zu reinigen und den Energiefluss zu verbessern. Die innewohnende Reinheit und Widerstandsf\u00e4higkeit des Kristalls spiegeln die eines L\u00f6wenherzens wider \u2013 standhaft und ausgeglichen. &nbsp;<\/span><\/p>\n<p><span style=\"color: rgb(75, 80, 88);\"><strong>Umarme den Geist des L\u00f6wen<\/strong><\/span><\/p>\n<p><span style=\"color: rgb(75, 80, 88);\">Morgens auftragen, um einen Tag voller F\u00fchrungsst\u00e4rke und Selbstsicherheit zu beginnen. In die Meditation integrieren, um Ihre Verbindung mit innerer St\u00e4rke zu vertiefen. Als pers\u00f6nlichen Duft tragen, um auf nat\u00fcrliche Weise Respekt und Bewunderung zu erregen. Ein Geschenk f\u00fcr diejenigen, die den Geist des \u201eL\u00f6wen\u201c verk\u00f6rpern oder danach streben.<\/span><\/p>\n<p><span style=\"color: rgb(75, 80, 88);\"><em>Lass \u201eden L\u00f6wen\u201c von Hop Hare erklingen als m\u00e4chtiges Br\u00fcllen, das Ihren Tag bestimmt, wobei Rock Quartz den Weg zu souver\u00e4nem Gleichgewicht und majest\u00e4tischer Gelassenheit weist. &nbsp;<\/em><\/span><\/p>\n","protected":false},"excerpt":{"rendered":"<p>\u201eDer L\u00f6we\u201c von Hop Hare, ein Roll-on mit \u00e4therischen Edelstein\u00f6len, der die majest\u00e4tische Essenz des Dschungelk\u00f6nigs einf\u00e4ngt \u2013 kraftvoll und doch gelassen. Angereichert mit der harmonisierenden Energie von Bergquarz wurde diese Mischung sorgf\u00e4ltig zusammengestellt, um Energie in ihrer reinsten Form freizusetzen und das Gleichgewicht in Ihrem Reich wiederherzustellen. Das Kristallherz des L\u00f6wen: Bergquarz Im Kern [&hellip;]<\/p>\n","protected":false},"featured_media":264420,"comment_status":"closed","ping_status":"open","template":"","meta":[],"product_brand":[27112],"product_cat":[16455],"product_tag":[],"class_list":{"0":"post-243405","1":"product","2":"type-product","3":"status-publish","4":"has-post-thumbnail","6":"product_brand-hop-hare","7":"product_cat-aromatherapie-und-raumdufte","8":"pa_collection-hop-hare-essential-oil-gemstone-roll-ons-10ml-de","9":"pa_made-in-vereinigtes-koenigreich","11":"first","12":"instock","13":"purchasable","14":"product-type-simple"},"supplier_id":null,"supplier_sku":"HHGR-06","barcode":null,"atum_controlled":true,"out_stock_date":null,"out_stock_threshold":null,"inheritable":false,"inbound_stock":null,"stock_on_hold":0,"sold_today":0,"sales_last_days":0,"reserved_stock":null,"customer_returns":null,"warehouse_damage":null,"lost_in_post":null,"other_logs":null,"out_stock_days":0,"lost_sales":0,"has_location":null,"update_date":"2026-02-11T08:30:45","atum_locations":[],"atum_stock_status":"instock","restock_status":false,"low_stock_amount":"","sales_update_date":"2025-09-05T00:16:50","calc_backorders":null,"_links":{"self":[{"href":"https:\/\/aromasentia.com\/de\/wp-json\/wp\/v2\/product\/243405","targetHints":{"allow":["GET"]}}],"collection":[{"href":"https:\/\/aromasentia.com\/de\/wp-json\/wp\/v2\/product"}],"about":[{"href":"https:\/\/aromasentia.com\/de\/wp-json\/wp\/v2\/types\/product"}],"replies":[{"embeddable":true,"href":"https:\/\/aromasentia.com\/de\/wp-json\/wp\/v2\/comments?post=243405"}],"version-history":[{"count":0,"href":"https:\/\/aromasentia.com\/de\/wp-json\/wp\/v2\/product\/243405\/revisions"}],"wp:featuredmedia":[{"embeddable":true,"href":"https:\/\/aromasentia.com\/de\/wp-json\/wp\/v2\/media\/264420"}],"wp:attachment":[{"href":"https:\/\/aromasentia.com\/de\/wp-json\/wp\/v2\/media?parent=243405"}],"wp:term":[{"taxonomy":"product_brand","embeddable":true,"href":"https:\/\/aromasentia.com\/de\/wp-json\/wp\/v2\/product_brand?post=243405"},{"taxonomy":"product_cat","embeddable":true,"href":"https:\/\/aromasentia.com\/de\/wp-json\/wp\/v2\/product_cat?post=243405"},{"taxonomy":"product_tag","embeddable":true,"href":"https:\/\/aromasentia.com\/de\/wp-json\/wp\/v2\/product_tag?post=243405"}],"curies":[{"name":"wp","href":"https:\/\/api.w.org\/{rel}","templated":true}]}}