{"id":243401,"date":"2025-03-20T14:58:59","date_gmt":"2025-03-20T14:58:59","guid":{"rendered":"https:\/\/aromasentia.com\/product\/hh-tarot-roll-on-the-knight\/"},"modified":"2025-12-30T20:43:15","modified_gmt":"2025-12-30T20:43:15","slug":"hh-tarot-roll-on-der-ritter","status":"publish","type":"product","link":"https:\/\/aromasentia.com\/de\/hh-tarot-roll-on-der-ritter\/","title":{"rendered":"HH Tarot Roll On \u2013 Der Ritter"},"content":{"rendered":"<p><span style=\"color: rgb(75, 80, 88);\"><strong>\u201eDer Ritter der Schwerter\u201c von Hop Hare, ein Roll-on mit \u00e4therischen Edelstein\u00f6len<\/strong>, ma\u00dfgeschneidert f\u00fcr den modernen Krieger des Lebens. Angereichert mit der sch\u00fctzenden Aura des schwarzen Turmalins wurde diese Mischung sorgf\u00e4ltig zusammengestellt, um Wohlstand anzuziehen und Kameradschaft zu f\u00f6rdern.<\/span><\/p>\n<p><span style=\"color: rgb(75, 80, 88);\"><strong>Der Schutzstein des Ritters: Schwarzer Turmalin<\/strong><\/span><\/p>\n<p><span style=\"color: rgb(75, 80, 88);\">In jedem Roll-on befindet sich ein schwarzer Turmalin, der f\u00fcr seine F\u00e4higkeit verehrt wird, Negativit\u00e4t abzuwehren und Reichtum und Kameradschaft anzuziehen. Seine Pr\u00e4senz im \u201eRitter der Schwerter\u201c dient als Leuchtfeuer f\u00fcr diejenigen, die die Herausforderungen des Lebens mit Mut und Eleganz meistern. &nbsp;<\/span><\/p>\n<p><span style=\"color: rgb(75, 80, 88);\"><strong>So nutzen Sie seine Kraft<\/strong><\/span><\/p>\n<p><span style=\"color: rgb(75, 80, 88);\">Tragen Sie den Roll-on \u201eThe Knight of Swords\u201c mit der Pr\u00e4zision eines erfahrenen Schwertk\u00e4mpfers auf die Pulspunkte auf. Atmen Sie die Mischung aus holzigen und blumigen D\u00fcften ein und bereiten Sie sich auf die Abenteuer des Tages vor. Treten Sie mit der Zuversicht und dem Charisma eines Ritters in gl\u00e4nzender R\u00fcstung vor.<\/span><\/p>\n<p><span style=\"color: rgb(75, 80, 88);\"><em>Mit \u201eThe Knight of Swords\u201c von Hop Hare umarmen Sie den Mantel des Wohlstands und der Freundschaft, geleitet von der galanten Mischung und dem kraftvollen schwarzen Turmalin zum Triumph. &nbsp;<\/em><\/span><\/p>\n","protected":false},"excerpt":{"rendered":"<p>\u201eDer Ritter der Schwerter\u201c von Hop Hare, ein Roll-on mit \u00e4therischen Edelstein\u00f6len, ma\u00dfgeschneidert f\u00fcr den modernen Krieger des Lebens. Angereichert mit der sch\u00fctzenden Aura des schwarzen Turmalins wurde diese Mischung sorgf\u00e4ltig zusammengestellt, um Wohlstand anzuziehen und Kameradschaft zu f\u00f6rdern. Der Schutzstein des Ritters: Schwarzer Turmalin In jedem Roll-on befindet sich ein schwarzer Turmalin, der f\u00fcr [&hellip;]<\/p>\n","protected":false},"featured_media":264395,"comment_status":"closed","ping_status":"open","template":"","meta":[],"product_brand":[27112],"product_cat":[16455],"product_tag":[],"class_list":{"0":"post-243401","1":"product","2":"type-product","3":"status-publish","4":"has-post-thumbnail","6":"product_brand-hop-hare","7":"product_cat-aromatherapie-und-raumdufte","8":"pa_collection-hop-hare-essential-oil-gemstone-roll-ons-10ml-de","9":"pa_made-in-vereinigtes-koenigreich","11":"first","12":"instock","13":"purchasable","14":"product-type-simple"},"supplier_id":null,"supplier_sku":"HHGR-07","barcode":null,"atum_controlled":true,"out_stock_date":null,"out_stock_threshold":null,"inheritable":false,"inbound_stock":null,"stock_on_hold":0,"sold_today":0,"sales_last_days":0,"reserved_stock":null,"customer_returns":null,"warehouse_damage":null,"lost_in_post":null,"other_logs":null,"out_stock_days":0,"lost_sales":0,"has_location":null,"update_date":"2026-02-11T08:29:39","atum_locations":[],"atum_stock_status":"instock","restock_status":false,"low_stock_amount":"","sales_update_date":"2025-09-05T00:16:50","calc_backorders":null,"_links":{"self":[{"href":"https:\/\/aromasentia.com\/de\/wp-json\/wp\/v2\/product\/243401","targetHints":{"allow":["GET"]}}],"collection":[{"href":"https:\/\/aromasentia.com\/de\/wp-json\/wp\/v2\/product"}],"about":[{"href":"https:\/\/aromasentia.com\/de\/wp-json\/wp\/v2\/types\/product"}],"replies":[{"embeddable":true,"href":"https:\/\/aromasentia.com\/de\/wp-json\/wp\/v2\/comments?post=243401"}],"version-history":[{"count":0,"href":"https:\/\/aromasentia.com\/de\/wp-json\/wp\/v2\/product\/243401\/revisions"}],"wp:featuredmedia":[{"embeddable":true,"href":"https:\/\/aromasentia.com\/de\/wp-json\/wp\/v2\/media\/264395"}],"wp:attachment":[{"href":"https:\/\/aromasentia.com\/de\/wp-json\/wp\/v2\/media?parent=243401"}],"wp:term":[{"taxonomy":"product_brand","embeddable":true,"href":"https:\/\/aromasentia.com\/de\/wp-json\/wp\/v2\/product_brand?post=243401"},{"taxonomy":"product_cat","embeddable":true,"href":"https:\/\/aromasentia.com\/de\/wp-json\/wp\/v2\/product_cat?post=243401"},{"taxonomy":"product_tag","embeddable":true,"href":"https:\/\/aromasentia.com\/de\/wp-json\/wp\/v2\/product_tag?post=243401"}],"curies":[{"name":"wp","href":"https:\/\/api.w.org\/{rel}","templated":true}]}}