{"id":243369,"date":"2025-03-20T15:00:08","date_gmt":"2025-03-20T15:00:08","guid":{"rendered":"https:\/\/aromasentia.com\/product\/joints-ease-massage-oil-50ml\/"},"modified":"2025-12-30T20:43:15","modified_gmt":"2025-12-30T20:43:15","slug":"gelenkentspannendes-massageoel-50ml","status":"publish","type":"product","link":"https:\/\/aromasentia.com\/de\/gelenkentspannendes-massageoel-50ml\/","title":{"rendered":"Gelenkentspannendes Massage\u00f6l &#8211; 50ml"},"content":{"rendered":"<p><strong>Inhaltsstoffe<\/strong>: \u00c4therische \u00d6le aus Rosmarin, Ingwer und Geranie<br \/>gemischt mit Traubenkern\u00f6l.<\/p>\n<p><strong>Ancient Wisdom Massage\u00f6le<\/strong> werden fachm\u00e4nnisch gemischt. Sie sind nicht nur f\u00fcr eine gro\u00dfartige Massage konzipiert, sondern jedes einzelne ist mit \u00e4therischen \u00d6len angereichert, die dem Ganzen das gewisse Etwas verleihen.<\/p>\n<p><strong>Joints Ease Massage\u00f6l<\/strong> wurde speziell zur Linderung von Gelenk- und Gliederschmerzen entwickelt. Diese Mischung wurde speziell zur Bek\u00e4mpfung von Beschwerden wie Muskelkater, Muskelzerrungen und Rheuma entwickelt.<\/p>\n<p>Es hat au\u00dferdem die sanft w\u00e4rmende Wirkung von Ingwer und kann die Durchblutung f\u00f6rdern.<\/p>\n<p><strong>Allergene<\/strong>: Citronellol, Geraniol, Linalool, Limonen und Citral.<\/p>\n","protected":false},"excerpt":{"rendered":"<p>Inhaltsstoffe: \u00c4therische \u00d6le aus Rosmarin, Ingwer und Geraniegemischt mit Traubenkern\u00f6l. Ancient Wisdom Massage\u00f6le werden fachm\u00e4nnisch gemischt. Sie sind nicht nur f\u00fcr eine gro\u00dfartige Massage konzipiert, sondern jedes einzelne ist mit \u00e4therischen \u00d6len angereichert, die dem Ganzen das gewisse Etwas verleihen. Joints Ease Massage\u00f6l wurde speziell zur Linderung von Gelenk- und Gliederschmerzen entwickelt. Diese Mischung wurde [&hellip;]<\/p>\n","protected":false},"featured_media":264845,"comment_status":"closed","ping_status":"open","template":"","meta":[],"product_brand":[],"product_cat":[19448,24045],"product_tag":[],"class_list":{"0":"post-243369","1":"product","2":"type-product","3":"status-publish","4":"has-post-thumbnail","6":"product_cat-bad-und-korper","7":"product_cat-massageole","8":"pa_made-in-vereinigtes-koenigreich","9":"pa_size-50ml","11":"first","12":"outofstock","13":"purchasable","14":"product-type-simple"},"supplier_id":null,"supplier_sku":"MO-05","barcode":null,"atum_controlled":true,"out_stock_date":"2025-10-09 15:06:45","out_stock_threshold":null,"inheritable":false,"inbound_stock":null,"stock_on_hold":0,"sold_today":0,"sales_last_days":0,"reserved_stock":null,"customer_returns":null,"warehouse_damage":null,"lost_in_post":null,"other_logs":null,"out_stock_days":112,"lost_sales":0,"has_location":null,"update_date":"2026-01-30T01:25:16","atum_locations":[],"atum_stock_status":"outofstock","restock_status":false,"low_stock_amount":"","sales_update_date":"2026-01-30T01:25:16","calc_backorders":null,"_links":{"self":[{"href":"https:\/\/aromasentia.com\/de\/wp-json\/wp\/v2\/product\/243369","targetHints":{"allow":["GET"]}}],"collection":[{"href":"https:\/\/aromasentia.com\/de\/wp-json\/wp\/v2\/product"}],"about":[{"href":"https:\/\/aromasentia.com\/de\/wp-json\/wp\/v2\/types\/product"}],"replies":[{"embeddable":true,"href":"https:\/\/aromasentia.com\/de\/wp-json\/wp\/v2\/comments?post=243369"}],"version-history":[{"count":0,"href":"https:\/\/aromasentia.com\/de\/wp-json\/wp\/v2\/product\/243369\/revisions"}],"wp:featuredmedia":[{"embeddable":true,"href":"https:\/\/aromasentia.com\/de\/wp-json\/wp\/v2\/media\/264845"}],"wp:attachment":[{"href":"https:\/\/aromasentia.com\/de\/wp-json\/wp\/v2\/media?parent=243369"}],"wp:term":[{"taxonomy":"product_brand","embeddable":true,"href":"https:\/\/aromasentia.com\/de\/wp-json\/wp\/v2\/product_brand?post=243369"},{"taxonomy":"product_cat","embeddable":true,"href":"https:\/\/aromasentia.com\/de\/wp-json\/wp\/v2\/product_cat?post=243369"},{"taxonomy":"product_tag","embeddable":true,"href":"https:\/\/aromasentia.com\/de\/wp-json\/wp\/v2\/product_tag?post=243369"}],"curies":[{"name":"wp","href":"https:\/\/api.w.org\/{rel}","templated":true}]}}