{"id":243333,"date":"2025-03-20T15:00:08","date_gmt":"2025-03-20T15:00:08","guid":{"rendered":"https:\/\/aromasentia.com\/product\/lrg-home-oil-burner-grey-love-home-sweet-home\/"},"modified":"2025-12-30T20:43:08","modified_gmt":"2025-12-30T20:43:08","slug":"grosse-raumduftlampe-grau-love-home-sweet-home","status":"publish","type":"product","link":"https:\/\/aromasentia.com\/de\/grosse-raumduftlampe-grau-love-home-sweet-home\/","title":{"rendered":"Gro\u00dfe Raumduftlampe &#8211; Grau &#8211; Love Home Sweet Home"},"content":{"rendered":"<p>Keramik-\u00d6lbrenner f\u00fcr den Heimgebrauch eignen sich hervorragend f\u00fcr die Verwendung mit Duft\u00f6len und Wachsschmelzen.&nbsp;<\/p>\n<p>Dank der sch\u00f6nen bunten Keramik sind sie au\u00dferdem eine sehr attraktive Dekoration in jedem Raum.<\/p>\n<p>Erh\u00e4ltlich in drei verschiedenen Farben und zwei Gr\u00f6\u00dfen<\/p>\n","protected":false},"excerpt":{"rendered":"<p>Keramik-\u00d6lbrenner f\u00fcr den Heimgebrauch eignen sich hervorragend f\u00fcr die Verwendung mit Duft\u00f6len und Wachsschmelzen.&nbsp; Dank der sch\u00f6nen bunten Keramik sind sie au\u00dferdem eine sehr attraktive Dekoration in jedem Raum. Erh\u00e4ltlich in drei verschiedenen Farben und zwei Gr\u00f6\u00dfen<\/p>\n","protected":false},"featured_media":264676,"comment_status":"closed","ping_status":"open","template":"","meta":{"_angie_page":false},"product_brand":[],"product_cat":[16519,18408],"product_tag":[],"class_list":{"0":"post-243333","1":"product","2":"type-product","3":"status-publish","4":"has-post-thumbnail","6":"product_cat-aroma-diffuser-duftstabchen-und-olbrenner","7":"product_cat-duftlampen","8":"pa_collection-home-oil-burner-de","9":"pa_made-in-china","11":"first","12":"instock","13":"purchasable","14":"product-type-simple"},"supplier_id":null,"supplier_sku":"HomeOB-03","barcode":null,"atum_controlled":true,"out_stock_date":null,"out_stock_threshold":null,"inheritable":false,"inbound_stock":null,"stock_on_hold":0,"sold_today":0,"sales_last_days":0,"reserved_stock":null,"customer_returns":null,"warehouse_damage":null,"lost_in_post":null,"other_logs":null,"out_stock_days":0,"lost_sales":0,"has_location":null,"update_date":"2026-04-27T19:09:25","atum_locations":[],"atum_stock_status":"instock","restock_status":false,"low_stock_amount":"","sales_update_date":"2026-01-30T01:24:33","calc_backorders":null,"_links":{"self":[{"href":"https:\/\/aromasentia.com\/de\/wp-json\/wp\/v2\/product\/243333","targetHints":{"allow":["GET"]}}],"collection":[{"href":"https:\/\/aromasentia.com\/de\/wp-json\/wp\/v2\/product"}],"about":[{"href":"https:\/\/aromasentia.com\/de\/wp-json\/wp\/v2\/types\/product"}],"replies":[{"embeddable":true,"href":"https:\/\/aromasentia.com\/de\/wp-json\/wp\/v2\/comments?post=243333"}],"version-history":[{"count":0,"href":"https:\/\/aromasentia.com\/de\/wp-json\/wp\/v2\/product\/243333\/revisions"}],"wp:featuredmedia":[{"embeddable":true,"href":"https:\/\/aromasentia.com\/de\/wp-json\/wp\/v2\/media\/264676"}],"wp:attachment":[{"href":"https:\/\/aromasentia.com\/de\/wp-json\/wp\/v2\/media?parent=243333"}],"wp:term":[{"taxonomy":"product_brand","embeddable":true,"href":"https:\/\/aromasentia.com\/de\/wp-json\/wp\/v2\/product_brand?post=243333"},{"taxonomy":"product_cat","embeddable":true,"href":"https:\/\/aromasentia.com\/de\/wp-json\/wp\/v2\/product_cat?post=243333"},{"taxonomy":"product_tag","embeddable":true,"href":"https:\/\/aromasentia.com\/de\/wp-json\/wp\/v2\/product_tag?post=243333"}],"curies":[{"name":"wp","href":"https:\/\/api.w.org\/{rel}","templated":true}]}}