{"id":243329,"date":"2025-03-20T15:00:45","date_gmt":"2025-03-20T15:00:45","guid":{"rendered":"https:\/\/aromasentia.com\/product\/joints-ease-1kg-massage-oil\/"},"modified":"2025-12-30T20:43:08","modified_gmt":"2025-12-30T20:43:08","slug":"gelenkentspannendes-massageoel-1-liter","status":"publish","type":"product","link":"https:\/\/aromasentia.com\/de\/gelenkentspannendes-massageoel-1-liter\/","title":{"rendered":"Gelenkentspannendes Massage\u00f6l &#8211; 1 Liter"},"content":{"rendered":"<p>Unser Massage\u00f6l Joints Ease 1 kg ist eine Wohltat f\u00fcr empfindliche Gelenke. Diese therapeutische Mischung wurde sorgf\u00e4ltig mit nat\u00fcrlichen \u00d6len hergestellt, die f\u00fcr ihre entz\u00fcndungshemmenden und beruhigenden Eigenschaften bekannt sind, um Gelenkbeschwerden zu lindern und die Flexibilit\u00e4t zu verbessern. Das pflegende Basis\u00f6l erm\u00f6glicht eine sanfte, aber wirksame Massage, die dazu beitr\u00e4gt, den Bereich zu erw\u00e4rmen und die wohltuenden Pflanzenstoffe tief in das Gewebe zu bringen. Es ist ideal f\u00fcr alle, die unter Steifheit oder Schmerzen leiden, und f\u00f6rdert bei regelm\u00e4\u00dfiger Anwendung ein Gef\u00fchl der Erleichterung und gr\u00f6\u00dfere Bewegungsfreiheit.<\/p>\n","protected":false},"excerpt":{"rendered":"<p>Unser Massage\u00f6l Joints Ease 1 kg ist eine Wohltat f\u00fcr empfindliche Gelenke. Diese therapeutische Mischung wurde sorgf\u00e4ltig mit nat\u00fcrlichen \u00d6len hergestellt, die f\u00fcr ihre entz\u00fcndungshemmenden und beruhigenden Eigenschaften bekannt sind, um Gelenkbeschwerden zu lindern und die Flexibilit\u00e4t zu verbessern. Das pflegende Basis\u00f6l erm\u00f6glicht eine sanfte, aber wirksame Massage, die dazu beitr\u00e4gt, den Bereich zu erw\u00e4rmen [&hellip;]<\/p>\n","protected":false},"featured_media":265013,"comment_status":"closed","ping_status":"open","template":"","meta":{"_angie_page":false},"product_brand":[],"product_cat":[19448,24045],"product_tag":[],"class_list":{"0":"post-243329","1":"product","2":"type-product","3":"status-publish","4":"has-post-thumbnail","6":"product_cat-bad-und-korper","7":"product_cat-massageole","8":"pa_collection-massage-and-bath-oils-1kg-de","9":"pa_made-in-vereinigtes-koenigreich","11":"first","12":"instock","13":"purchasable","14":"product-type-simple"},"supplier_id":null,"supplier_sku":"MOB-05","barcode":null,"atum_controlled":true,"out_stock_date":null,"out_stock_threshold":null,"inheritable":false,"inbound_stock":null,"stock_on_hold":0,"sold_today":0,"sales_last_days":0,"reserved_stock":null,"customer_returns":null,"warehouse_damage":null,"lost_in_post":null,"other_logs":null,"out_stock_days":0,"lost_sales":0,"has_location":null,"update_date":"2026-04-27T07:13:22","atum_locations":[],"atum_stock_status":"instock","restock_status":false,"low_stock_amount":"","sales_update_date":"2026-02-06T00:02:05","calc_backorders":null,"_links":{"self":[{"href":"https:\/\/aromasentia.com\/de\/wp-json\/wp\/v2\/product\/243329","targetHints":{"allow":["GET"]}}],"collection":[{"href":"https:\/\/aromasentia.com\/de\/wp-json\/wp\/v2\/product"}],"about":[{"href":"https:\/\/aromasentia.com\/de\/wp-json\/wp\/v2\/types\/product"}],"replies":[{"embeddable":true,"href":"https:\/\/aromasentia.com\/de\/wp-json\/wp\/v2\/comments?post=243329"}],"version-history":[{"count":0,"href":"https:\/\/aromasentia.com\/de\/wp-json\/wp\/v2\/product\/243329\/revisions"}],"wp:featuredmedia":[{"embeddable":true,"href":"https:\/\/aromasentia.com\/de\/wp-json\/wp\/v2\/media\/265013"}],"wp:attachment":[{"href":"https:\/\/aromasentia.com\/de\/wp-json\/wp\/v2\/media?parent=243329"}],"wp:term":[{"taxonomy":"product_brand","embeddable":true,"href":"https:\/\/aromasentia.com\/de\/wp-json\/wp\/v2\/product_brand?post=243329"},{"taxonomy":"product_cat","embeddable":true,"href":"https:\/\/aromasentia.com\/de\/wp-json\/wp\/v2\/product_cat?post=243329"},{"taxonomy":"product_tag","embeddable":true,"href":"https:\/\/aromasentia.com\/de\/wp-json\/wp\/v2\/product_tag?post=243329"}],"curies":[{"name":"wp","href":"https:\/\/api.w.org\/{rel}","templated":true}]}}