{"id":243321,"date":"2025-03-20T15:00:45","date_gmt":"2025-03-20T15:00:45","guid":{"rendered":"https:\/\/aromasentia.com\/product\/sandalwood-glow-1kg-massage-oil\/"},"modified":"2025-12-30T20:43:00","modified_gmt":"2025-12-30T20:43:00","slug":"sandelholzschimmer-massageoel-1-liter","status":"publish","type":"product","link":"https:\/\/aromasentia.com\/de\/sandelholzschimmer-massageoel-1-liter\/","title":{"rendered":"Sandelholzschimmer Massage\u00f6l &#8211; 1 Liter"},"content":{"rendered":"<p>Bringen Sie Ihre Haut mit unserem Sandalwood Glow 1Kg Massage\u00f6l zum Strahlen. Dieses luxuri\u00f6se Massage\u00f6l enth\u00e4lt die reichhaltige, cremige und erdende Essenz von Sandelholz, das f\u00fcr seine hautversch\u00f6nernden und beruhigenden Eigenschaften bekannt ist. Zusammen mit n\u00e4hrenden Tr\u00e4ger\u00f6len sorgt es f\u00fcr ein sanftes, lang anhaltendes Gleiten, das die Haut au\u00dfergew\u00f6hnlich weich und hydratisiert macht und ihr einen subtilen, strahlenden Glanz verleiht. Das ruhige Aroma beruhigt den Geist und eignet sich perfekt f\u00fcr ein tief entspannendes und verw\u00f6hnendes Massageerlebnis, das sowohl die Haut als auch den Geist pflegt.<\/p>\n","protected":false},"excerpt":{"rendered":"<p>Bringen Sie Ihre Haut mit unserem Sandalwood Glow 1Kg Massage\u00f6l zum Strahlen. Dieses luxuri\u00f6se Massage\u00f6l enth\u00e4lt die reichhaltige, cremige und erdende Essenz von Sandelholz, das f\u00fcr seine hautversch\u00f6nernden und beruhigenden Eigenschaften bekannt ist. Zusammen mit n\u00e4hrenden Tr\u00e4ger\u00f6len sorgt es f\u00fcr ein sanftes, lang anhaltendes Gleiten, das die Haut au\u00dfergew\u00f6hnlich weich und hydratisiert macht und ihr [&hellip;]<\/p>\n","protected":false},"featured_media":264979,"comment_status":"closed","ping_status":"open","template":"","meta":{"_angie_page":false},"product_brand":[],"product_cat":[19448,25841,26896,24045,26387],"product_tag":[],"class_list":{"0":"post-243321","1":"product","2":"type-product","3":"status-publish","4":"has-post-thumbnail","6":"product_cat-bad-und-korper","7":"product_cat-dufte-aromen","8":"product_cat-holzig","9":"product_cat-massageole","10":"product_cat-sandelholz","11":"pa_collection-massage-and-bath-oils-1kg-de","12":"pa_made-in-vereinigtes-koenigreich","14":"first","15":"instock","16":"purchasable","17":"product-type-simple"},"supplier_id":null,"supplier_sku":"MOB-03","barcode":null,"atum_controlled":true,"out_stock_date":null,"out_stock_threshold":null,"inheritable":false,"inbound_stock":null,"stock_on_hold":0,"sold_today":0,"sales_last_days":0,"reserved_stock":null,"customer_returns":null,"warehouse_damage":null,"lost_in_post":null,"other_logs":null,"out_stock_days":0,"lost_sales":0,"has_location":null,"update_date":"2026-04-27T07:13:22","atum_locations":[],"atum_stock_status":"instock","restock_status":false,"low_stock_amount":"","sales_update_date":"2026-02-06T00:02:10","calc_backorders":null,"_links":{"self":[{"href":"https:\/\/aromasentia.com\/de\/wp-json\/wp\/v2\/product\/243321","targetHints":{"allow":["GET"]}}],"collection":[{"href":"https:\/\/aromasentia.com\/de\/wp-json\/wp\/v2\/product"}],"about":[{"href":"https:\/\/aromasentia.com\/de\/wp-json\/wp\/v2\/types\/product"}],"replies":[{"embeddable":true,"href":"https:\/\/aromasentia.com\/de\/wp-json\/wp\/v2\/comments?post=243321"}],"version-history":[{"count":0,"href":"https:\/\/aromasentia.com\/de\/wp-json\/wp\/v2\/product\/243321\/revisions"}],"wp:featuredmedia":[{"embeddable":true,"href":"https:\/\/aromasentia.com\/de\/wp-json\/wp\/v2\/media\/264979"}],"wp:attachment":[{"href":"https:\/\/aromasentia.com\/de\/wp-json\/wp\/v2\/media?parent=243321"}],"wp:term":[{"taxonomy":"product_brand","embeddable":true,"href":"https:\/\/aromasentia.com\/de\/wp-json\/wp\/v2\/product_brand?post=243321"},{"taxonomy":"product_cat","embeddable":true,"href":"https:\/\/aromasentia.com\/de\/wp-json\/wp\/v2\/product_cat?post=243321"},{"taxonomy":"product_tag","embeddable":true,"href":"https:\/\/aromasentia.com\/de\/wp-json\/wp\/v2\/product_tag?post=243321"}],"curies":[{"name":"wp","href":"https:\/\/api.w.org\/{rel}","templated":true}]}}