{"id":243317,"date":"2025-03-20T15:00:45","date_gmt":"2025-03-20T15:00:45","guid":{"rendered":"https:\/\/aromasentia.com\/product\/sensual-1kg-massage-oil\/"},"modified":"2025-12-30T20:43:00","modified_gmt":"2025-12-30T20:43:00","slug":"sinnliches-massageoel-1-liter","status":"publish","type":"product","link":"https:\/\/aromasentia.com\/de\/sinnliches-massageoel-1-liter\/","title":{"rendered":"Sinnliches Massage\u00f6l &#8211; 1 Liter"},"content":{"rendered":"<p>Entfachen Sie Leidenschaft und Verbundenheit mit unserem Sensual 1Kg Massage Oil. Diese verf\u00fchrerische Mischung besteht aus duftenden, exotischen \u00d6len, die die Sinne wecken und eine Atmosph\u00e4re von Intimit\u00e4t und W\u00e4rme schaffen. Die reichhaltigen, n\u00e4hrenden Basis\u00f6le sorgen f\u00fcr ein seidiges, m\u00fcheloses Gleiten, perfekt f\u00fcr ein romantisches Massageerlebnis. Lassen Sie sich von dem bet\u00f6renden Aroma einh\u00fcllen, das die Stimmung hebt und eine tiefere Verbindung f\u00f6rdert, damit die gemeinsamen Momente noch unvergesslicher werden. Ideal f\u00fcr Paare oder alle, die ihrer Selbstpflege einen Hauch von sinnlichem Genuss hinzuf\u00fcgen m\u00f6chten.<\/p>\n","protected":false},"excerpt":{"rendered":"<p>Entfachen Sie Leidenschaft und Verbundenheit mit unserem Sensual 1Kg Massage Oil. Diese verf\u00fchrerische Mischung besteht aus duftenden, exotischen \u00d6len, die die Sinne wecken und eine Atmosph\u00e4re von Intimit\u00e4t und W\u00e4rme schaffen. Die reichhaltigen, n\u00e4hrenden Basis\u00f6le sorgen f\u00fcr ein seidiges, m\u00fcheloses Gleiten, perfekt f\u00fcr ein romantisches Massageerlebnis. Lassen Sie sich von dem bet\u00f6renden Aroma einh\u00fcllen, das [&hellip;]<\/p>\n","protected":false},"featured_media":264970,"comment_status":"closed","ping_status":"open","template":"","meta":[],"product_brand":[],"product_cat":[19448,24045],"product_tag":[],"class_list":{"0":"post-243317","1":"product","2":"type-product","3":"status-publish","4":"has-post-thumbnail","6":"product_cat-bad-und-korper","7":"product_cat-massageole","8":"pa_collection-massage-and-bath-oils-1kg-de","9":"pa_made-in-vereinigtes-koenigreich","11":"first","12":"instock","13":"purchasable","14":"product-type-simple"},"supplier_id":null,"supplier_sku":"MOB-02","barcode":null,"atum_controlled":true,"out_stock_date":null,"out_stock_threshold":null,"inheritable":false,"inbound_stock":null,"stock_on_hold":0,"sold_today":0,"sales_last_days":0,"reserved_stock":null,"customer_returns":null,"warehouse_damage":null,"lost_in_post":null,"other_logs":null,"out_stock_days":0,"lost_sales":0,"has_location":null,"update_date":"2026-01-30T10:37:53","atum_locations":[],"atum_stock_status":"instock","restock_status":false,"low_stock_amount":"","sales_update_date":"2025-09-05T00:17:00","calc_backorders":null,"_links":{"self":[{"href":"https:\/\/aromasentia.com\/de\/wp-json\/wp\/v2\/product\/243317","targetHints":{"allow":["GET"]}}],"collection":[{"href":"https:\/\/aromasentia.com\/de\/wp-json\/wp\/v2\/product"}],"about":[{"href":"https:\/\/aromasentia.com\/de\/wp-json\/wp\/v2\/types\/product"}],"replies":[{"embeddable":true,"href":"https:\/\/aromasentia.com\/de\/wp-json\/wp\/v2\/comments?post=243317"}],"version-history":[{"count":0,"href":"https:\/\/aromasentia.com\/de\/wp-json\/wp\/v2\/product\/243317\/revisions"}],"wp:featuredmedia":[{"embeddable":true,"href":"https:\/\/aromasentia.com\/de\/wp-json\/wp\/v2\/media\/264970"}],"wp:attachment":[{"href":"https:\/\/aromasentia.com\/de\/wp-json\/wp\/v2\/media?parent=243317"}],"wp:term":[{"taxonomy":"product_brand","embeddable":true,"href":"https:\/\/aromasentia.com\/de\/wp-json\/wp\/v2\/product_brand?post=243317"},{"taxonomy":"product_cat","embeddable":true,"href":"https:\/\/aromasentia.com\/de\/wp-json\/wp\/v2\/product_cat?post=243317"},{"taxonomy":"product_tag","embeddable":true,"href":"https:\/\/aromasentia.com\/de\/wp-json\/wp\/v2\/product_tag?post=243317"}],"curies":[{"name":"wp","href":"https:\/\/api.w.org\/{rel}","templated":true}]}}