{"id":243313,"date":"2025-03-20T15:00:45","date_gmt":"2025-03-20T15:00:45","guid":{"rendered":"https:\/\/aromasentia.com\/product\/relaxing-1kg-massage-oil\/"},"modified":"2025-12-30T20:43:00","modified_gmt":"2025-12-30T20:43:00","slug":"entspannendes-massageoel-1-liter","status":"publish","type":"product","link":"https:\/\/aromasentia.com\/de\/entspannendes-massageoel-1-liter\/","title":{"rendered":"Entspannendes Massage\u00f6l &#8211; 1 Liter"},"content":{"rendered":"<p>Lassen Sie die Seele baumeln und entspannen Sie sich mit unserem Relaxing 1Kg Massage\u00f6l. Dieses gro\u00dfz\u00fcgig bemessene Massage\u00f6l ist fachm\u00e4nnisch gemischt, um tiefe Entspannung zu f\u00f6rdern und m\u00fcde Muskeln zu beruhigen. Die sorgf\u00e4ltig ausgew\u00e4hlten nat\u00fcrlichen \u00d6le sorgen f\u00fcr ein sanftes, luxuri\u00f6ses Gleiten, w\u00e4hrend die beruhigende Aromamischung hilft, den Geist zu beruhigen und Verspannungen im K\u00f6rper zu l\u00f6sen. Es eignet sich perfekt f\u00fcr professionelle Therapeuten oder f\u00fcr die Anwendung zu Hause und verwandelt jede Massage in eine wahrhaft heitere Erfahrung, die die Haut pflegt und den Geist in tiefen Frieden versetzt.<\/p>\n","protected":false},"excerpt":{"rendered":"<p>Lassen Sie die Seele baumeln und entspannen Sie sich mit unserem Relaxing 1Kg Massage\u00f6l. Dieses gro\u00dfz\u00fcgig bemessene Massage\u00f6l ist fachm\u00e4nnisch gemischt, um tiefe Entspannung zu f\u00f6rdern und m\u00fcde Muskeln zu beruhigen. Die sorgf\u00e4ltig ausgew\u00e4hlten nat\u00fcrlichen \u00d6le sorgen f\u00fcr ein sanftes, luxuri\u00f6ses Gleiten, w\u00e4hrend die beruhigende Aromamischung hilft, den Geist zu beruhigen und Verspannungen im K\u00f6rper [&hellip;]<\/p>\n","protected":false},"featured_media":264953,"comment_status":"closed","ping_status":"open","template":"","meta":[],"product_brand":[],"product_cat":[19448,24045],"product_tag":[],"class_list":{"0":"post-243313","1":"product","2":"type-product","3":"status-publish","4":"has-post-thumbnail","6":"product_cat-bad-und-korper","7":"product_cat-massageole","8":"pa_collection-massage-and-bath-oils-1kg-de","9":"pa_made-in-vereinigtes-koenigreich","11":"first","12":"instock","13":"purchasable","14":"product-type-simple"},"supplier_id":null,"supplier_sku":"MOB-01","barcode":null,"atum_controlled":true,"out_stock_date":null,"out_stock_threshold":null,"inheritable":false,"inbound_stock":null,"stock_on_hold":0,"sold_today":0,"sales_last_days":0,"reserved_stock":null,"customer_returns":null,"warehouse_damage":null,"lost_in_post":null,"other_logs":null,"out_stock_days":0,"lost_sales":0,"has_location":null,"update_date":"2026-01-30T01:24:54","atum_locations":[],"atum_stock_status":"instock","restock_status":false,"low_stock_amount":"","sales_update_date":"2026-01-30T01:24:54","calc_backorders":null,"_links":{"self":[{"href":"https:\/\/aromasentia.com\/de\/wp-json\/wp\/v2\/product\/243313","targetHints":{"allow":["GET"]}}],"collection":[{"href":"https:\/\/aromasentia.com\/de\/wp-json\/wp\/v2\/product"}],"about":[{"href":"https:\/\/aromasentia.com\/de\/wp-json\/wp\/v2\/types\/product"}],"replies":[{"embeddable":true,"href":"https:\/\/aromasentia.com\/de\/wp-json\/wp\/v2\/comments?post=243313"}],"version-history":[{"count":0,"href":"https:\/\/aromasentia.com\/de\/wp-json\/wp\/v2\/product\/243313\/revisions"}],"wp:featuredmedia":[{"embeddable":true,"href":"https:\/\/aromasentia.com\/de\/wp-json\/wp\/v2\/media\/264953"}],"wp:attachment":[{"href":"https:\/\/aromasentia.com\/de\/wp-json\/wp\/v2\/media?parent=243313"}],"wp:term":[{"taxonomy":"product_brand","embeddable":true,"href":"https:\/\/aromasentia.com\/de\/wp-json\/wp\/v2\/product_brand?post=243313"},{"taxonomy":"product_cat","embeddable":true,"href":"https:\/\/aromasentia.com\/de\/wp-json\/wp\/v2\/product_cat?post=243313"},{"taxonomy":"product_tag","embeddable":true,"href":"https:\/\/aromasentia.com\/de\/wp-json\/wp\/v2\/product_tag?post=243313"}],"curies":[{"name":"wp","href":"https:\/\/api.w.org\/{rel}","templated":true}]}}