{"id":243261,"date":"2025-03-20T15:01:07","date_gmt":"2025-03-20T15:01:07","guid":{"rendered":"https:\/\/aromasentia.com\/product\/clear-skin-1kg-massage-oil\/"},"modified":"2025-12-30T20:42:53","modified_gmt":"2025-12-30T20:42:53","slug":"reine-haut-massageoel-1-liter","status":"publish","type":"product","link":"https:\/\/aromasentia.com\/de\/reine-haut-massageoel-1-liter\/","title":{"rendered":"Reine Haut Massage\u00f6l &#8211; 1 Liter"},"content":{"rendered":"<p>F\u00f6rdern Sie einen klaren und gesunden Teint mit unserem Clear Skin 1Kg Massage\u00f6l. Diese spezielle Mischung aus pflanzlichen \u00d6len, die f\u00fcr ihre reinigenden, ausgleichenden und beruhigenden Eigenschaften bekannt sind, wurde entwickelt, um unruhige oder zu Unreinheiten neigende Haut zu behandeln. Regelm\u00e4\u00dfige Massagen k\u00f6nnen dazu beitragen, Entz\u00fcndungen zu lindern, die Talgproduktion auszugleichen und das Hautbild insgesamt zu verbessern. Die sanfte, n\u00e4hrende Basis sorgt daf\u00fcr, dass sich die Haut wohlf\u00fchlt und mit Feuchtigkeit versorgt wird, anstatt sie zu entziehen, und unterst\u00fctzt so ein nat\u00fcrlich klares und strahlendes Aussehen.<\/p>\n","protected":false},"excerpt":{"rendered":"<p>F\u00f6rdern Sie einen klaren und gesunden Teint mit unserem Clear Skin 1Kg Massage\u00f6l. Diese spezielle Mischung aus pflanzlichen \u00d6len, die f\u00fcr ihre reinigenden, ausgleichenden und beruhigenden Eigenschaften bekannt sind, wurde entwickelt, um unruhige oder zu Unreinheiten neigende Haut zu behandeln. Regelm\u00e4\u00dfige Massagen k\u00f6nnen dazu beitragen, Entz\u00fcndungen zu lindern, die Talgproduktion auszugleichen und das Hautbild insgesamt [&hellip;]<\/p>\n","protected":false},"featured_media":265288,"comment_status":"closed","ping_status":"open","template":"","meta":{"_angie_page":false},"product_brand":[],"product_cat":[19448,24045],"product_tag":[],"class_list":{"0":"post-243261","1":"product","2":"type-product","3":"status-publish","4":"has-post-thumbnail","6":"product_cat-bad-und-korper","7":"product_cat-massageole","8":"pa_collection-massage-and-bath-oils-1kg-de","9":"pa_made-in-vereinigtes-koenigreich","11":"first","12":"instock","13":"purchasable","14":"product-type-simple"},"supplier_id":null,"supplier_sku":"MOB-16","barcode":null,"atum_controlled":true,"out_stock_date":null,"out_stock_threshold":null,"inheritable":false,"inbound_stock":0,"stock_on_hold":0,"sold_today":0,"sales_last_days":0,"reserved_stock":0,"customer_returns":0,"warehouse_damage":0,"lost_in_post":0,"other_logs":0,"out_stock_days":0,"lost_sales":0,"has_location":false,"update_date":"2026-04-29T05:08:19","atum_locations":[],"atum_stock_status":"instock","restock_status":false,"low_stock_amount":"","sales_update_date":"2026-01-30T01:24:52","calc_backorders":null,"_links":{"self":[{"href":"https:\/\/aromasentia.com\/de\/wp-json\/wp\/v2\/product\/243261","targetHints":{"allow":["GET"]}}],"collection":[{"href":"https:\/\/aromasentia.com\/de\/wp-json\/wp\/v2\/product"}],"about":[{"href":"https:\/\/aromasentia.com\/de\/wp-json\/wp\/v2\/types\/product"}],"replies":[{"embeddable":true,"href":"https:\/\/aromasentia.com\/de\/wp-json\/wp\/v2\/comments?post=243261"}],"version-history":[{"count":0,"href":"https:\/\/aromasentia.com\/de\/wp-json\/wp\/v2\/product\/243261\/revisions"}],"wp:featuredmedia":[{"embeddable":true,"href":"https:\/\/aromasentia.com\/de\/wp-json\/wp\/v2\/media\/265288"}],"wp:attachment":[{"href":"https:\/\/aromasentia.com\/de\/wp-json\/wp\/v2\/media?parent=243261"}],"wp:term":[{"taxonomy":"product_brand","embeddable":true,"href":"https:\/\/aromasentia.com\/de\/wp-json\/wp\/v2\/product_brand?post=243261"},{"taxonomy":"product_cat","embeddable":true,"href":"https:\/\/aromasentia.com\/de\/wp-json\/wp\/v2\/product_cat?post=243261"},{"taxonomy":"product_tag","embeddable":true,"href":"https:\/\/aromasentia.com\/de\/wp-json\/wp\/v2\/product_tag?post=243261"}],"curies":[{"name":"wp","href":"https:\/\/api.w.org\/{rel}","templated":true}]}}