{"id":243257,"date":"2025-03-20T15:01:07","date_gmt":"2025-03-20T15:01:07","guid":{"rendered":"https:\/\/aromasentia.com\/product\/nag-champa-1kg-massage-oil\/"},"modified":"2025-12-30T20:42:53","modified_gmt":"2025-12-30T20:42:53","slug":"nag-champa-massageoel-1-liter","status":"publish","type":"product","link":"https:\/\/aromasentia.com\/de\/nag-champa-massageoel-1-liter\/","title":{"rendered":"Nag Champa Massage\u00f6l &#8211; 1 Liter"},"content":{"rendered":"<p>Tauchen Sie ein in das exotische, meditative Aroma unseres Nag Champa 1 kg Massage\u00f6ls. Inspiriert von dem ikonischen Weihrauch, f\u00e4ngt dieses Massage\u00f6l die reichen, s\u00fc\u00dfen, blumigen und leicht holzigen Noten des traditionellen Nag Champa Duftes ein. Es schafft eine zutiefst beruhigende und spirituell erhebende Atmosph\u00e4re, die sich perfekt zur Entspannung, Meditation oder einfach zum Abschalten eignet. Die n\u00e4hrenden Basis\u00f6le sorgen f\u00fcr ein sanftes, luxuri\u00f6ses Gleiten und hinterlassen Ihre Haut weich und wunderbar duftend mit diesem zeitlosen, heiligen Aroma.<\/p>\n","protected":false},"excerpt":{"rendered":"<p>Tauchen Sie ein in das exotische, meditative Aroma unseres Nag Champa 1 kg Massage\u00f6ls. Inspiriert von dem ikonischen Weihrauch, f\u00e4ngt dieses Massage\u00f6l die reichen, s\u00fc\u00dfen, blumigen und leicht holzigen Noten des traditionellen Nag Champa Duftes ein. Es schafft eine zutiefst beruhigende und spirituell erhebende Atmosph\u00e4re, die sich perfekt zur Entspannung, Meditation oder einfach zum Abschalten [&hellip;]<\/p>\n","protected":false},"featured_media":265263,"comment_status":"closed","ping_status":"open","template":"","meta":{"_angie_page":false},"product_brand":[],"product_cat":[19448,24045],"product_tag":[],"class_list":{"0":"post-243257","1":"product","2":"type-product","3":"status-publish","4":"has-post-thumbnail","6":"product_cat-bad-und-korper","7":"product_cat-massageole","8":"pa_collection-massage-and-bath-oils-1kg-de","9":"pa_made-in-vereinigtes-koenigreich","11":"first","12":"instock","13":"purchasable","14":"product-type-simple"},"supplier_id":null,"supplier_sku":"MOB-15","barcode":null,"atum_controlled":true,"out_stock_date":null,"out_stock_threshold":null,"inheritable":false,"inbound_stock":null,"stock_on_hold":0,"sold_today":0,"sales_last_days":0,"reserved_stock":null,"customer_returns":null,"warehouse_damage":null,"lost_in_post":null,"other_logs":null,"out_stock_days":0,"lost_sales":0,"has_location":null,"update_date":"2026-05-04T00:03:58","atum_locations":[],"atum_stock_status":"instock","restock_status":false,"low_stock_amount":"","sales_update_date":"2026-01-30T01:26:09","calc_backorders":null,"_links":{"self":[{"href":"https:\/\/aromasentia.com\/de\/wp-json\/wp\/v2\/product\/243257","targetHints":{"allow":["GET"]}}],"collection":[{"href":"https:\/\/aromasentia.com\/de\/wp-json\/wp\/v2\/product"}],"about":[{"href":"https:\/\/aromasentia.com\/de\/wp-json\/wp\/v2\/types\/product"}],"replies":[{"embeddable":true,"href":"https:\/\/aromasentia.com\/de\/wp-json\/wp\/v2\/comments?post=243257"}],"version-history":[{"count":0,"href":"https:\/\/aromasentia.com\/de\/wp-json\/wp\/v2\/product\/243257\/revisions"}],"wp:featuredmedia":[{"embeddable":true,"href":"https:\/\/aromasentia.com\/de\/wp-json\/wp\/v2\/media\/265263"}],"wp:attachment":[{"href":"https:\/\/aromasentia.com\/de\/wp-json\/wp\/v2\/media?parent=243257"}],"wp:term":[{"taxonomy":"product_brand","embeddable":true,"href":"https:\/\/aromasentia.com\/de\/wp-json\/wp\/v2\/product_brand?post=243257"},{"taxonomy":"product_cat","embeddable":true,"href":"https:\/\/aromasentia.com\/de\/wp-json\/wp\/v2\/product_cat?post=243257"},{"taxonomy":"product_tag","embeddable":true,"href":"https:\/\/aromasentia.com\/de\/wp-json\/wp\/v2\/product_tag?post=243257"}],"curies":[{"name":"wp","href":"https:\/\/api.w.org\/{rel}","templated":true}]}}