{"id":243249,"date":"2025-03-20T15:01:07","date_gmt":"2025-03-20T15:01:07","guid":{"rendered":"https:\/\/aromasentia.com\/product\/madame-punaises-scalp-massage-1kg\/"},"modified":"2025-12-30T20:42:53","modified_gmt":"2025-12-30T20:42:53","slug":"kopfhautmassageoel-1-liter","status":"publish","type":"product","link":"https:\/\/aromasentia.com\/de\/kopfhautmassageoel-1-liter\/","title":{"rendered":"Kopfhautmassage\u00f6l &#8211; 1 Liter"},"content":{"rendered":"<p>Revitalisieren Sie Ihre Kopfhaut und Ihr Haar mit Madame Punaise&#8217;S Scalp Massage 1Kg. Dieses einzigartige, gro\u00dfz\u00fcgig bemessene Behandlungs\u00f6l ist speziell gemischt, um die Kopfhaut zu n\u00e4hren, die Durchblutung anzuregen und ein gesundes, lebendiges Haarwachstum zu f\u00f6rdern. Seine belebende und zugleich beruhigende Formel hilft, Trockenheit, Juckreiz und Schuppenbildung zu lindern und schafft ein optimales Umfeld f\u00fcr das Gedeihen Ihres Haares. G\u00f6nnen Sie sich eine entspannende Kopfhautmassage mit diesem aromatischen \u00d6l, um Spannungen zu l\u00f6sen und Ihren Locken einen sch\u00f6nen, gesunden Glanz zu verleihen.<\/p>\n","protected":false},"excerpt":{"rendered":"<p>Revitalisieren Sie Ihre Kopfhaut und Ihr Haar mit Madame Punaise&#8217;S Scalp Massage 1Kg. Dieses einzigartige, gro\u00dfz\u00fcgig bemessene Behandlungs\u00f6l ist speziell gemischt, um die Kopfhaut zu n\u00e4hren, die Durchblutung anzuregen und ein gesundes, lebendiges Haarwachstum zu f\u00f6rdern. Seine belebende und zugleich beruhigende Formel hilft, Trockenheit, Juckreiz und Schuppenbildung zu lindern und schafft ein optimales Umfeld f\u00fcr [&hellip;]<\/p>\n","protected":false},"featured_media":265213,"comment_status":"closed","ping_status":"open","template":"","meta":{"_angie_page":false},"product_brand":[],"product_cat":[19448,24045],"product_tag":[],"class_list":{"0":"post-243249","1":"product","2":"type-product","3":"status-publish","4":"has-post-thumbnail","6":"product_cat-bad-und-korper","7":"product_cat-massageole","8":"pa_collection-massage-and-bath-oils-1kg-de","9":"pa_made-in-vereinigtes-koenigreich","11":"first","12":"instock","13":"purchasable","14":"product-type-simple"},"supplier_id":null,"supplier_sku":"MOB-13","barcode":null,"atum_controlled":true,"out_stock_date":null,"out_stock_threshold":null,"inheritable":false,"inbound_stock":null,"stock_on_hold":0,"sold_today":0,"sales_last_days":0,"reserved_stock":null,"customer_returns":null,"warehouse_damage":null,"lost_in_post":null,"other_logs":null,"out_stock_days":0,"lost_sales":0,"has_location":null,"update_date":"2026-04-27T07:13:22","atum_locations":[],"atum_stock_status":"instock","restock_status":false,"low_stock_amount":"","sales_update_date":"2026-01-30T01:25:38","calc_backorders":null,"_links":{"self":[{"href":"https:\/\/aromasentia.com\/de\/wp-json\/wp\/v2\/product\/243249","targetHints":{"allow":["GET"]}}],"collection":[{"href":"https:\/\/aromasentia.com\/de\/wp-json\/wp\/v2\/product"}],"about":[{"href":"https:\/\/aromasentia.com\/de\/wp-json\/wp\/v2\/types\/product"}],"replies":[{"embeddable":true,"href":"https:\/\/aromasentia.com\/de\/wp-json\/wp\/v2\/comments?post=243249"}],"version-history":[{"count":0,"href":"https:\/\/aromasentia.com\/de\/wp-json\/wp\/v2\/product\/243249\/revisions"}],"wp:featuredmedia":[{"embeddable":true,"href":"https:\/\/aromasentia.com\/de\/wp-json\/wp\/v2\/media\/265213"}],"wp:attachment":[{"href":"https:\/\/aromasentia.com\/de\/wp-json\/wp\/v2\/media?parent=243249"}],"wp:term":[{"taxonomy":"product_brand","embeddable":true,"href":"https:\/\/aromasentia.com\/de\/wp-json\/wp\/v2\/product_brand?post=243249"},{"taxonomy":"product_cat","embeddable":true,"href":"https:\/\/aromasentia.com\/de\/wp-json\/wp\/v2\/product_cat?post=243249"},{"taxonomy":"product_tag","embeddable":true,"href":"https:\/\/aromasentia.com\/de\/wp-json\/wp\/v2\/product_tag?post=243249"}],"curies":[{"name":"wp","href":"https:\/\/api.w.org\/{rel}","templated":true}]}}