{"id":243237,"date":"2025-03-20T15:01:07","date_gmt":"2025-03-20T15:01:07","guid":{"rendered":"https:\/\/aromasentia.com\/product\/heighten-awareness-1kg-massage-oil\/"},"modified":"2025-12-30T20:42:45","modified_gmt":"2025-12-30T20:42:45","slug":"aufweckendes-massageoel-1-liter","status":"publish","type":"product","link":"https:\/\/aromasentia.com\/de\/aufweckendes-massageoel-1-liter\/","title":{"rendered":"Aufweckendes Massage\u00f6l &#8211; 1 Liter"},"content":{"rendered":"<p>Sch\u00e4rfen Sie Ihren Blick und wecken Sie Ihre Sinne mit unserem Massage\u00f6l Heighten Awareness 1 kg. Diese belebende Mischung enth\u00e4lt eine sorgf\u00e4ltig ausgew\u00e4hlte Kombination anregender \u00e4therischer \u00d6le, die daf\u00fcr bekannt sind, geistige Klarheit zu f\u00f6rdern, die Konzentration zu verbessern und die Wachsamkeit zu steigern. Die weiche, pflegende \u00d6lbasis ist perfekt f\u00fcr eine belebende Massage, die nicht nur den K\u00f6rper beruhigt, sondern auch den Geist kl\u00e4rt. Ideal vor wichtigen Aufgaben oder wann immer Sie einen nat\u00fcrlichen kognitiven Schub brauchen, f\u00fchlen Sie sich erfrischt, fokussiert und bereit, sich zu engagieren.<\/p>\n","protected":false},"excerpt":{"rendered":"<p>Sch\u00e4rfen Sie Ihren Blick und wecken Sie Ihre Sinne mit unserem Massage\u00f6l Heighten Awareness 1 kg. Diese belebende Mischung enth\u00e4lt eine sorgf\u00e4ltig ausgew\u00e4hlte Kombination anregender \u00e4therischer \u00d6le, die daf\u00fcr bekannt sind, geistige Klarheit zu f\u00f6rdern, die Konzentration zu verbessern und die Wachsamkeit zu steigern. Die weiche, pflegende \u00d6lbasis ist perfekt f\u00fcr eine belebende Massage, die [&hellip;]<\/p>\n","protected":false},"featured_media":265138,"comment_status":"closed","ping_status":"open","template":"","meta":{"_angie_page":false},"product_brand":[],"product_cat":[19448,24045],"product_tag":[],"class_list":{"0":"post-243237","1":"product","2":"type-product","3":"status-publish","4":"has-post-thumbnail","6":"product_cat-bad-und-korper","7":"product_cat-massageole","8":"pa_collection-massage-and-bath-oils-1kg-de","9":"pa_made-in-vereinigtes-koenigreich","11":"first","12":"instock","13":"purchasable","14":"product-type-simple"},"supplier_id":null,"supplier_sku":"MOB-10","barcode":null,"atum_controlled":true,"out_stock_date":null,"out_stock_threshold":null,"inheritable":false,"inbound_stock":null,"stock_on_hold":0,"sold_today":0,"sales_last_days":0,"reserved_stock":null,"customer_returns":null,"warehouse_damage":null,"lost_in_post":null,"other_logs":null,"out_stock_days":0,"lost_sales":0,"has_location":null,"update_date":"2026-04-29T05:08:19","atum_locations":[],"atum_stock_status":"instock","restock_status":false,"low_stock_amount":"","sales_update_date":"2026-02-06T00:02:46","calc_backorders":null,"_links":{"self":[{"href":"https:\/\/aromasentia.com\/de\/wp-json\/wp\/v2\/product\/243237","targetHints":{"allow":["GET"]}}],"collection":[{"href":"https:\/\/aromasentia.com\/de\/wp-json\/wp\/v2\/product"}],"about":[{"href":"https:\/\/aromasentia.com\/de\/wp-json\/wp\/v2\/types\/product"}],"replies":[{"embeddable":true,"href":"https:\/\/aromasentia.com\/de\/wp-json\/wp\/v2\/comments?post=243237"}],"version-history":[{"count":0,"href":"https:\/\/aromasentia.com\/de\/wp-json\/wp\/v2\/product\/243237\/revisions"}],"wp:featuredmedia":[{"embeddable":true,"href":"https:\/\/aromasentia.com\/de\/wp-json\/wp\/v2\/media\/265138"}],"wp:attachment":[{"href":"https:\/\/aromasentia.com\/de\/wp-json\/wp\/v2\/media?parent=243237"}],"wp:term":[{"taxonomy":"product_brand","embeddable":true,"href":"https:\/\/aromasentia.com\/de\/wp-json\/wp\/v2\/product_brand?post=243237"},{"taxonomy":"product_cat","embeddable":true,"href":"https:\/\/aromasentia.com\/de\/wp-json\/wp\/v2\/product_cat?post=243237"},{"taxonomy":"product_tag","embeddable":true,"href":"https:\/\/aromasentia.com\/de\/wp-json\/wp\/v2\/product_tag?post=243237"}],"curies":[{"name":"wp","href":"https:\/\/api.w.org\/{rel}","templated":true}]}}