{"id":243233,"date":"2025-03-20T15:01:07","date_gmt":"2025-03-20T15:01:07","guid":{"rendered":"https:\/\/aromasentia.com\/product\/warm-and-uplifting-1kg-massage-oil\/"},"modified":"2025-12-30T20:42:45","modified_gmt":"2025-12-30T20:42:45","slug":"stimmungsaufhellendes-massageoel-1-liter","status":"publish","type":"product","link":"https:\/\/aromasentia.com\/de\/stimmungsaufhellendes-massageoel-1-liter\/","title":{"rendered":"Stimmungsaufhellendes Massage\u00f6l &#8211; 1 Liter"},"content":{"rendered":"<p>Heben Sie Ihre Stimmung und Ihren Geist mit unserem Warm and Uplifting 1Kg Massage\u00f6l. Diese reizvolle Mischung besteht aus hellen, fr\u00f6hlichen \u00e4therischen \u00d6len, die Tr\u00fcbsinn vertreiben, Positivit\u00e4t f\u00f6rdern und ein Gef\u00fchl von freudigem Wohlbefinden vermitteln. Die n\u00e4hrenden Basis\u00f6le sorgen f\u00fcr ein luxuri\u00f6ses Gleiten und ein angenehmes Massageerlebnis. Lassen Sie sich von dem sonnigen Aroma umh\u00fcllen, das den Stress wegschmelzen l\u00e4sst und ein Gef\u00fchl von W\u00e4rme und Optimismus hervorruft, das Ihre Haut weich und Ihren Geist wunderbar erhebt.<\/p>\n","protected":false},"excerpt":{"rendered":"<p>Heben Sie Ihre Stimmung und Ihren Geist mit unserem Warm and Uplifting 1Kg Massage\u00f6l. Diese reizvolle Mischung besteht aus hellen, fr\u00f6hlichen \u00e4therischen \u00d6len, die Tr\u00fcbsinn vertreiben, Positivit\u00e4t f\u00f6rdern und ein Gef\u00fchl von freudigem Wohlbefinden vermitteln. Die n\u00e4hrenden Basis\u00f6le sorgen f\u00fcr ein luxuri\u00f6ses Gleiten und ein angenehmes Massageerlebnis. Lassen Sie sich von dem sonnigen Aroma umh\u00fcllen, [&hellip;]<\/p>\n","protected":false},"featured_media":265113,"comment_status":"closed","ping_status":"open","template":"","meta":{"_angie_page":false},"product_brand":[],"product_cat":[19448,24045],"product_tag":[],"class_list":{"0":"post-243233","1":"product","2":"type-product","3":"status-publish","4":"has-post-thumbnail","6":"product_cat-bad-und-korper","7":"product_cat-massageole","8":"pa_collection-massage-and-bath-oils-1kg-de","9":"pa_made-in-vereinigtes-koenigreich","11":"first","12":"instock","13":"purchasable","14":"product-type-simple"},"supplier_id":null,"supplier_sku":"MOB-09","barcode":null,"atum_controlled":true,"out_stock_date":null,"out_stock_threshold":null,"inheritable":false,"inbound_stock":null,"stock_on_hold":0,"sold_today":0,"sales_last_days":0,"reserved_stock":null,"customer_returns":null,"warehouse_damage":null,"lost_in_post":null,"other_logs":null,"out_stock_days":0,"lost_sales":0,"has_location":null,"update_date":"2026-04-29T05:08:19","atum_locations":[],"atum_stock_status":"instock","restock_status":false,"low_stock_amount":"","sales_update_date":"2026-01-30T01:24:32","calc_backorders":null,"_links":{"self":[{"href":"https:\/\/aromasentia.com\/de\/wp-json\/wp\/v2\/product\/243233","targetHints":{"allow":["GET"]}}],"collection":[{"href":"https:\/\/aromasentia.com\/de\/wp-json\/wp\/v2\/product"}],"about":[{"href":"https:\/\/aromasentia.com\/de\/wp-json\/wp\/v2\/types\/product"}],"replies":[{"embeddable":true,"href":"https:\/\/aromasentia.com\/de\/wp-json\/wp\/v2\/comments?post=243233"}],"version-history":[{"count":0,"href":"https:\/\/aromasentia.com\/de\/wp-json\/wp\/v2\/product\/243233\/revisions"}],"wp:featuredmedia":[{"embeddable":true,"href":"https:\/\/aromasentia.com\/de\/wp-json\/wp\/v2\/media\/265113"}],"wp:attachment":[{"href":"https:\/\/aromasentia.com\/de\/wp-json\/wp\/v2\/media?parent=243233"}],"wp:term":[{"taxonomy":"product_brand","embeddable":true,"href":"https:\/\/aromasentia.com\/de\/wp-json\/wp\/v2\/product_brand?post=243233"},{"taxonomy":"product_cat","embeddable":true,"href":"https:\/\/aromasentia.com\/de\/wp-json\/wp\/v2\/product_cat?post=243233"},{"taxonomy":"product_tag","embeddable":true,"href":"https:\/\/aromasentia.com\/de\/wp-json\/wp\/v2\/product_tag?post=243233"}],"curies":[{"name":"wp","href":"https:\/\/api.w.org\/{rel}","templated":true}]}}