{"id":243229,"date":"2025-03-20T15:01:07","date_gmt":"2025-03-20T15:01:07","guid":{"rendered":"https:\/\/aromasentia.com\/product\/toning-and-firming-1kg-massage-oil\/"},"modified":"2025-12-30T20:42:45","modified_gmt":"2025-12-30T20:42:45","slug":"festigendes-straffendes-massageoel-1-liter","status":"publish","type":"product","link":"https:\/\/aromasentia.com\/de\/festigendes-straffendes-massageoel-1-liter\/","title":{"rendered":"Festigendes &#038; Straffendes Massage\u00f6l &#8211; 1 Liter"},"content":{"rendered":"<p>Revitalisieren und modellieren Sie Ihre Haut mit unserem straffenden und festigenden Massage\u00f6l (1 kg). Diese spezielle Mischung enth\u00e4lt sorgf\u00e4ltig ausgew\u00e4hlte pflanzliche \u00d6le, die f\u00fcr ihre F\u00e4higkeit bekannt sind, die Elastizit\u00e4t, den Tonus und die Struktur der Haut zu verbessern. Eine regelm\u00e4\u00dfige Massage mit diesem \u00d6l kann die Durchblutung f\u00f6rdern und die nat\u00fcrliche Festigkeit der Haut unterst\u00fctzen, was zu einem glatteren, konturierteren Aussehen beitr\u00e4gt. Sein belebender Duft belebt auch die Sinne und macht Ihre Tonisierungsroutine zu einem erfrischenden und sinnlichen Erlebnis f\u00fcr eine sch\u00f6n gen\u00e4hrte und straffere Haut.<\/p>\n","protected":false},"excerpt":{"rendered":"<p>Revitalisieren und modellieren Sie Ihre Haut mit unserem straffenden und festigenden Massage\u00f6l (1 kg). Diese spezielle Mischung enth\u00e4lt sorgf\u00e4ltig ausgew\u00e4hlte pflanzliche \u00d6le, die f\u00fcr ihre F\u00e4higkeit bekannt sind, die Elastizit\u00e4t, den Tonus und die Struktur der Haut zu verbessern. Eine regelm\u00e4\u00dfige Massage mit diesem \u00d6l kann die Durchblutung f\u00f6rdern und die nat\u00fcrliche Festigkeit der Haut [&hellip;]<\/p>\n","protected":false},"featured_media":265088,"comment_status":"closed","ping_status":"open","template":"","meta":[],"product_brand":[],"product_cat":[19448,24045],"product_tag":[],"class_list":{"0":"post-243229","1":"product","2":"type-product","3":"status-publish","4":"has-post-thumbnail","6":"product_cat-bad-und-korper","7":"product_cat-massageole","8":"pa_collection-massage-and-bath-oils-1kg-de","9":"pa_made-in-vereinigtes-koenigreich","11":"first","12":"instock","13":"purchasable","14":"product-type-simple"},"supplier_id":null,"supplier_sku":"MOB-08","barcode":null,"atum_controlled":true,"out_stock_date":null,"out_stock_threshold":null,"inheritable":false,"inbound_stock":0,"stock_on_hold":0,"sold_today":0,"sales_last_days":0,"reserved_stock":0,"customer_returns":0,"warehouse_damage":0,"lost_in_post":0,"other_logs":0,"out_stock_days":0,"lost_sales":0,"has_location":false,"update_date":"2026-02-06T00:02:05","atum_locations":[],"atum_stock_status":"instock","restock_status":false,"low_stock_amount":"","sales_update_date":"2026-02-06T00:02:05","calc_backorders":null,"_links":{"self":[{"href":"https:\/\/aromasentia.com\/de\/wp-json\/wp\/v2\/product\/243229","targetHints":{"allow":["GET"]}}],"collection":[{"href":"https:\/\/aromasentia.com\/de\/wp-json\/wp\/v2\/product"}],"about":[{"href":"https:\/\/aromasentia.com\/de\/wp-json\/wp\/v2\/types\/product"}],"replies":[{"embeddable":true,"href":"https:\/\/aromasentia.com\/de\/wp-json\/wp\/v2\/comments?post=243229"}],"version-history":[{"count":0,"href":"https:\/\/aromasentia.com\/de\/wp-json\/wp\/v2\/product\/243229\/revisions"}],"wp:featuredmedia":[{"embeddable":true,"href":"https:\/\/aromasentia.com\/de\/wp-json\/wp\/v2\/media\/265088"}],"wp:attachment":[{"href":"https:\/\/aromasentia.com\/de\/wp-json\/wp\/v2\/media?parent=243229"}],"wp:term":[{"taxonomy":"product_brand","embeddable":true,"href":"https:\/\/aromasentia.com\/de\/wp-json\/wp\/v2\/product_brand?post=243229"},{"taxonomy":"product_cat","embeddable":true,"href":"https:\/\/aromasentia.com\/de\/wp-json\/wp\/v2\/product_cat?post=243229"},{"taxonomy":"product_tag","embeddable":true,"href":"https:\/\/aromasentia.com\/de\/wp-json\/wp\/v2\/product_tag?post=243229"}],"curies":[{"name":"wp","href":"https:\/\/api.w.org\/{rel}","templated":true}]}}