{"id":243225,"date":"2025-03-20T15:01:24","date_gmt":"2025-03-20T15:01:24","guid":{"rendered":"https:\/\/aromasentia.com\/product\/scalp-massage-oil-100ml\/"},"modified":"2025-12-30T20:42:45","modified_gmt":"2025-12-30T20:42:45","slug":"kopfhautmassageoel-100ml","status":"publish","type":"product","link":"https:\/\/aromasentia.com\/de\/kopfhautmassageoel-100ml\/","title":{"rendered":"Kopfhautmassage\u00f6l &#8211; 100ml"},"content":{"rendered":"<p><strong>Inhaltsstoffe:<\/strong> \u00c4therische Teebaum- und Eukalyptus\u00f6le<br \/>gemischt mit Traubenkern\u00f6l.<\/p>\n<p>Ancient Wisdom Massage\u00f6le werden fachm\u00e4nnisch gemischt. Sie sind nicht nur f\u00fcr eine gro\u00dfartige Massage konzipiert, sondern jedes einzelne ist mit \u00e4therischen \u00d6len angereichert, die dem Ganzen das gewisse Etwas verleihen.<\/p>\n<p><strong>Kopfhautmassage\u00f6l<\/strong> wurde so gemischt, dass es kraftvoll gegen<br \/>Infektionen, Reizungen und Parasiten wirkt. &nbsp; &nbsp; &nbsp; &nbsp; &nbsp; &nbsp; &nbsp; &nbsp; &nbsp; &nbsp; &nbsp; &nbsp; &nbsp; &nbsp; &nbsp; &nbsp; &nbsp; &nbsp; &nbsp; &nbsp; &nbsp; &nbsp; &nbsp; &nbsp; &nbsp; &nbsp; &nbsp; &nbsp; &nbsp; &nbsp; &nbsp; &nbsp; &nbsp; &nbsp;&nbsp;<\/p>\n<p>Die Mischung aus Teebaum und Eukalyptus bedeutet, dass dieses \u00d6l nahezu das gesamte Spektrum von Nissen und L\u00e4usen bis hin zu Pilzinfektionen, Schuppen und fettigem Haar abdeckt.<\/p>\n<p><strong>Allergene&nbsp;<\/strong>: &nbsp;Limonen.<\/p>\n","protected":false},"excerpt":{"rendered":"<p>Inhaltsstoffe: \u00c4therische Teebaum- und Eukalyptus\u00f6legemischt mit Traubenkern\u00f6l. Ancient Wisdom Massage\u00f6le werden fachm\u00e4nnisch gemischt. Sie sind nicht nur f\u00fcr eine gro\u00dfartige Massage konzipiert, sondern jedes einzelne ist mit \u00e4therischen \u00d6len angereichert, die dem Ganzen das gewisse Etwas verleihen. Kopfhautmassage\u00f6l wurde so gemischt, dass es kraftvoll gegenInfektionen, Reizungen und Parasiten wirkt. &nbsp; &nbsp; &nbsp; &nbsp; &nbsp; &nbsp; [&hellip;]<\/p>\n","protected":false},"featured_media":265647,"comment_status":"closed","ping_status":"open","template":"","meta":{"_angie_page":false},"product_brand":[27090],"product_cat":[19448,24045],"product_tag":[],"class_list":{"0":"post-243225","1":"product","2":"type-product","3":"status-publish","4":"has-post-thumbnail","6":"product_brand-ancient-wisdom","7":"product_cat-bad-und-korper","8":"product_cat-massageole","9":"pa_collection-massage-oils-bottles-100ml-de","10":"pa_made-in-vereinigtes-koenigreich","11":"pa_size-100ml","13":"first","14":"instock","15":"purchasable","16":"product-type-simple"},"supplier_id":null,"supplier_sku":"MOL-13","barcode":null,"atum_controlled":true,"out_stock_date":null,"out_stock_threshold":null,"inheritable":false,"inbound_stock":null,"stock_on_hold":0,"sold_today":0,"sales_last_days":0,"reserved_stock":null,"customer_returns":null,"warehouse_damage":null,"lost_in_post":null,"other_logs":null,"out_stock_days":0,"lost_sales":0,"has_location":null,"update_date":"2026-04-27T07:13:29","atum_locations":[],"atum_stock_status":"instock","restock_status":false,"low_stock_amount":"","sales_update_date":"2025-09-05T00:17:10","calc_backorders":null,"_links":{"self":[{"href":"https:\/\/aromasentia.com\/de\/wp-json\/wp\/v2\/product\/243225","targetHints":{"allow":["GET"]}}],"collection":[{"href":"https:\/\/aromasentia.com\/de\/wp-json\/wp\/v2\/product"}],"about":[{"href":"https:\/\/aromasentia.com\/de\/wp-json\/wp\/v2\/types\/product"}],"replies":[{"embeddable":true,"href":"https:\/\/aromasentia.com\/de\/wp-json\/wp\/v2\/comments?post=243225"}],"version-history":[{"count":0,"href":"https:\/\/aromasentia.com\/de\/wp-json\/wp\/v2\/product\/243225\/revisions"}],"wp:featuredmedia":[{"embeddable":true,"href":"https:\/\/aromasentia.com\/de\/wp-json\/wp\/v2\/media\/265647"}],"wp:attachment":[{"href":"https:\/\/aromasentia.com\/de\/wp-json\/wp\/v2\/media?parent=243225"}],"wp:term":[{"taxonomy":"product_brand","embeddable":true,"href":"https:\/\/aromasentia.com\/de\/wp-json\/wp\/v2\/product_brand?post=243225"},{"taxonomy":"product_cat","embeddable":true,"href":"https:\/\/aromasentia.com\/de\/wp-json\/wp\/v2\/product_cat?post=243225"},{"taxonomy":"product_tag","embeddable":true,"href":"https:\/\/aromasentia.com\/de\/wp-json\/wp\/v2\/product_tag?post=243225"}],"curies":[{"name":"wp","href":"https:\/\/api.w.org\/{rel}","templated":true}]}}