{"id":243217,"date":"2025-03-20T15:01:24","date_gmt":"2025-03-20T15:01:24","guid":{"rendered":"https:\/\/aromasentia.com\/product\/sleepy-lavender-massage-oil-100ml\/"},"modified":"2025-12-30T20:42:45","modified_gmt":"2025-12-30T20:42:45","slug":"entspannendes-lavendelmassageoel-100ml","status":"publish","type":"product","link":"https:\/\/aromasentia.com\/de\/entspannendes-lavendelmassageoel-100ml\/","title":{"rendered":"Entspannendes Lavendelmassage\u00f6l &#8211; 100ml"},"content":{"rendered":"<p>Aus Kundensicht sind Massage\u00f6le \u00e4u\u00dferst sinnvoll, da der Kauf einzelner \u00d6le zum Mischen teuer und zeitaufw\u00e4ndig ist.<\/p>\n<p>Diese Massage\u00f6le sind mit Traubenkern\u00f6l gemischt. Sie k\u00f6nnen sogar ein paar Tropfen ins Badewasser geben.<\/p>\n<p><strong>Sleepy Lavender Massage\u00f6l<\/strong> wird aus den weltweit bekannten \u00e4therischen \u00d6len von Lavendel und Majoran in Ancient Wisdom-Qualit\u00e4t sowie reinem Traubenkern\u00f6l hergestellt.<\/p>\n","protected":false},"excerpt":{"rendered":"<p>Aus Kundensicht sind Massage\u00f6le \u00e4u\u00dferst sinnvoll, da der Kauf einzelner \u00d6le zum Mischen teuer und zeitaufw\u00e4ndig ist. Diese Massage\u00f6le sind mit Traubenkern\u00f6l gemischt. Sie k\u00f6nnen sogar ein paar Tropfen ins Badewasser geben. Sleepy Lavender Massage\u00f6l wird aus den weltweit bekannten \u00e4therischen \u00d6len von Lavendel und Majoran in Ancient Wisdom-Qualit\u00e4t sowie reinem Traubenkern\u00f6l hergestellt.<\/p>\n","protected":false},"featured_media":265597,"comment_status":"closed","ping_status":"open","template":"","meta":[],"product_brand":[27090],"product_cat":[19448,26833,25841,26234,24045],"product_tag":[],"class_list":{"0":"post-243217","1":"product","2":"type-product","3":"status-publish","4":"has-post-thumbnail","6":"product_brand-ancient-wisdom","7":"product_cat-bad-und-korper","8":"product_cat-blumig","9":"product_cat-dufte-aromen","10":"product_cat-lavendel","11":"product_cat-massageole","12":"pa_collection-massage-oils-bottles-100ml-de","13":"pa_made-in-vereinigtes-koenigreich","14":"pa_size-100ml","16":"first","17":"outofstock","18":"purchasable","19":"product-type-simple"},"supplier_id":null,"supplier_sku":"MOL-11","barcode":null,"atum_controlled":true,"out_stock_date":"2025-10-21 17:36:56","out_stock_threshold":null,"inheritable":false,"inbound_stock":null,"stock_on_hold":0,"sold_today":0,"sales_last_days":0,"reserved_stock":null,"customer_returns":null,"warehouse_damage":null,"lost_in_post":null,"other_logs":null,"out_stock_days":100,"lost_sales":0,"has_location":null,"update_date":"2026-01-30T01:24:19","atum_locations":[],"atum_stock_status":"outofstock","restock_status":false,"low_stock_amount":"","sales_update_date":"2026-01-30T01:24:19","calc_backorders":null,"_links":{"self":[{"href":"https:\/\/aromasentia.com\/de\/wp-json\/wp\/v2\/product\/243217","targetHints":{"allow":["GET"]}}],"collection":[{"href":"https:\/\/aromasentia.com\/de\/wp-json\/wp\/v2\/product"}],"about":[{"href":"https:\/\/aromasentia.com\/de\/wp-json\/wp\/v2\/types\/product"}],"replies":[{"embeddable":true,"href":"https:\/\/aromasentia.com\/de\/wp-json\/wp\/v2\/comments?post=243217"}],"version-history":[{"count":0,"href":"https:\/\/aromasentia.com\/de\/wp-json\/wp\/v2\/product\/243217\/revisions"}],"wp:featuredmedia":[{"embeddable":true,"href":"https:\/\/aromasentia.com\/de\/wp-json\/wp\/v2\/media\/265597"}],"wp:attachment":[{"href":"https:\/\/aromasentia.com\/de\/wp-json\/wp\/v2\/media?parent=243217"}],"wp:term":[{"taxonomy":"product_brand","embeddable":true,"href":"https:\/\/aromasentia.com\/de\/wp-json\/wp\/v2\/product_brand?post=243217"},{"taxonomy":"product_cat","embeddable":true,"href":"https:\/\/aromasentia.com\/de\/wp-json\/wp\/v2\/product_cat?post=243217"},{"taxonomy":"product_tag","embeddable":true,"href":"https:\/\/aromasentia.com\/de\/wp-json\/wp\/v2\/product_tag?post=243217"}],"curies":[{"name":"wp","href":"https:\/\/api.w.org\/{rel}","templated":true}]}}