{"id":243185,"date":"2025-03-20T15:01:24","date_gmt":"2025-03-20T15:01:24","guid":{"rendered":"https:\/\/aromasentia.com\/product\/sandalwood-glow-massage-oil-100ml\/"},"modified":"2025-12-30T20:42:39","modified_gmt":"2025-12-30T20:42:39","slug":"sandelholzschimmer-massageoel-100ml","status":"publish","type":"product","link":"https:\/\/aromasentia.com\/de\/sandelholzschimmer-massageoel-100ml\/","title":{"rendered":"Sandelholzschimmer Massage\u00f6l &#8211; 100ml"},"content":{"rendered":"<p><strong>Dieses s\u00fc\u00dfe und milde Sandalwood Glow Massage\u00f6l schenkt Ruhe und spendet gleichzeitig sehr trockener Haut Feuchtigkeit.<\/strong><\/p>\n<p>Erw\u00e4rmen Sie das \u00d6l zwischen Ihren H\u00e4nden und verw\u00f6hnen Sie sich gegenseitig oder genie\u00dfen Sie eine wohltuende Massage zu zweit.<\/p>\n<p>Macht die Haut gepflegt, seidig und wunderbar weich. Ihr Sandalwood Glow Massage\u00f6l wird mit den weltbekannten \u00e4therischen \u00d6len aus Sandelholz-Amyris, schwarzem Pfeffer und Mandarine sowie reinem Traubenkern\u00f6l hergestellt.<\/p>\n","protected":false},"excerpt":{"rendered":"<p>Dieses s\u00fc\u00dfe und milde Sandalwood Glow Massage\u00f6l schenkt Ruhe und spendet gleichzeitig sehr trockener Haut Feuchtigkeit. Erw\u00e4rmen Sie das \u00d6l zwischen Ihren H\u00e4nden und verw\u00f6hnen Sie sich gegenseitig oder genie\u00dfen Sie eine wohltuende Massage zu zweit. Macht die Haut gepflegt, seidig und wunderbar weich. Ihr Sandalwood Glow Massage\u00f6l wird mit den weltbekannten \u00e4therischen \u00d6len aus [&hellip;]<\/p>\n","protected":false},"featured_media":265413,"comment_status":"closed","ping_status":"open","template":"","meta":{"_angie_page":false},"product_brand":[27090],"product_cat":[19448,25841,26896,24045,26387],"product_tag":[],"class_list":{"0":"post-243185","1":"product","2":"type-product","3":"status-publish","4":"has-post-thumbnail","6":"product_brand-ancient-wisdom","7":"product_cat-bad-und-korper","8":"product_cat-dufte-aromen","9":"product_cat-holzig","10":"product_cat-massageole","11":"product_cat-sandelholz","12":"pa_collection-massage-oils-bottles-100ml-de","13":"pa_made-in-vereinigtes-koenigreich","14":"pa_size-100ml","16":"first","17":"instock","18":"purchasable","19":"product-type-simple"},"supplier_id":null,"supplier_sku":"MOL-03","barcode":null,"atum_controlled":true,"out_stock_date":null,"out_stock_threshold":null,"inheritable":false,"inbound_stock":null,"stock_on_hold":0,"sold_today":0,"sales_last_days":0,"reserved_stock":null,"customer_returns":null,"warehouse_damage":null,"lost_in_post":null,"other_logs":null,"out_stock_days":0,"lost_sales":0,"has_location":null,"update_date":"2026-05-04T00:03:58","atum_locations":[],"atum_stock_status":"instock","restock_status":false,"low_stock_amount":"","sales_update_date":"2025-09-05T00:17:06","calc_backorders":null,"_links":{"self":[{"href":"https:\/\/aromasentia.com\/de\/wp-json\/wp\/v2\/product\/243185","targetHints":{"allow":["GET"]}}],"collection":[{"href":"https:\/\/aromasentia.com\/de\/wp-json\/wp\/v2\/product"}],"about":[{"href":"https:\/\/aromasentia.com\/de\/wp-json\/wp\/v2\/types\/product"}],"replies":[{"embeddable":true,"href":"https:\/\/aromasentia.com\/de\/wp-json\/wp\/v2\/comments?post=243185"}],"version-history":[{"count":0,"href":"https:\/\/aromasentia.com\/de\/wp-json\/wp\/v2\/product\/243185\/revisions"}],"wp:featuredmedia":[{"embeddable":true,"href":"https:\/\/aromasentia.com\/de\/wp-json\/wp\/v2\/media\/265413"}],"wp:attachment":[{"href":"https:\/\/aromasentia.com\/de\/wp-json\/wp\/v2\/media?parent=243185"}],"wp:term":[{"taxonomy":"product_brand","embeddable":true,"href":"https:\/\/aromasentia.com\/de\/wp-json\/wp\/v2\/product_brand?post=243185"},{"taxonomy":"product_cat","embeddable":true,"href":"https:\/\/aromasentia.com\/de\/wp-json\/wp\/v2\/product_cat?post=243185"},{"taxonomy":"product_tag","embeddable":true,"href":"https:\/\/aromasentia.com\/de\/wp-json\/wp\/v2\/product_tag?post=243185"}],"curies":[{"name":"wp","href":"https:\/\/api.w.org\/{rel}","templated":true}]}}