{"id":243173,"date":"2025-03-20T15:03:30","date_gmt":"2025-03-20T15:03:30","guid":{"rendered":"https:\/\/aromasentia.com\/product\/floral-oil-burner-rose\/"},"modified":"2025-12-30T20:42:39","modified_gmt":"2025-12-30T20:42:39","slug":"floral-oil-burner-rose","status":"publish","type":"product","link":"https:\/\/aromasentia.com\/de\/floral-oil-burner-rose\/","title":{"rendered":"Floral Oil Burner &#8211; Rose"},"content":{"rendered":"<p><span style=\"color: rgb(75, 80, 88);\">Neu<\/span><span style=\"color: rgb(141, 186, 216);\"><strong>Blumen\u00f6lbrenner \u2013 Rose<\/strong><\/span><span style=\"color: rgb(75, 80, 88);\">bringt Komfort und Ruhe in jeden Raum und erf\u00fcllt die Luft mit einem Duft Ihrer Wahl.<\/span><\/p>\n<p><span style=\"color: rgb(75, 80, 88);\">Dank der wundersch\u00f6nen Keramik ist er eine sch\u00f6ne Dekoration f\u00fcr Ihr Zuhause. Mit einer dekorativen Glasur versehen, um ein hochwertiges Finish zu erzielen. Sch\u00f6n und schlicht \u2013 ideal f\u00fcr Geschenkk\u00f6rbe.<\/span><\/p>\n<p><span style=\"color: rgb(75, 80, 88);\">Das h\u00fcbsche Blumenmuster l\u00e4sst das Kerzenlicht durchscheinen und schafft eine entspannende Atmosph\u00e4re.<\/span><\/p>\n<p><span style=\"color: rgb(75, 80, 88);\">Blumen\u00f6lbrenner eignen sich hervorragend f\u00fcr die Verwendung mit Duft\u00f6len, Wachsschmelzen oder Siedegranulat. Stellen Sie sicher, dass sich ausreichend Wasser im Beh\u00e4lter \u00fcber dem Brenner befindet, und stellen Sie den \u00d6lbrenner immer auf eine hitzebest\u00e4ndige Unterlage.<\/span><\/p>\n<p><strong><span style=\"color: rgb(75, 80, 88);\">Ein unverzichtbarer Artikel f\u00fcr jedes Zuhause.<\/span><\/strong><\/p>\n","protected":false},"excerpt":{"rendered":"<p>NeuBlumen\u00f6lbrenner \u2013 Rosebringt Komfort und Ruhe in jeden Raum und erf\u00fcllt die Luft mit einem Duft Ihrer Wahl. Dank der wundersch\u00f6nen Keramik ist er eine sch\u00f6ne Dekoration f\u00fcr Ihr Zuhause. Mit einer dekorativen Glasur versehen, um ein hochwertiges Finish zu erzielen. Sch\u00f6n und schlicht \u2013 ideal f\u00fcr Geschenkk\u00f6rbe. Das h\u00fcbsche Blumenmuster l\u00e4sst das Kerzenlicht durchscheinen [&hellip;]<\/p>\n","protected":false},"featured_media":266020,"comment_status":"closed","ping_status":"open","template":"","meta":{"_angie_page":false},"product_brand":[],"product_cat":[16519,18408],"product_tag":[],"class_list":{"0":"post-243173","1":"product","2":"type-product","3":"status-publish","4":"has-post-thumbnail","6":"product_cat-aroma-diffuser-duftstabchen-und-olbrenner","7":"product_cat-duftlampen","8":"pa_collection-floral-cauldron-oil-burners-de","9":"pa_made-in-china","11":"first","12":"instock","13":"purchasable","14":"product-type-simple"},"supplier_id":null,"supplier_sku":"OB-192A","barcode":null,"atum_controlled":true,"out_stock_date":null,"out_stock_threshold":null,"inheritable":false,"inbound_stock":null,"stock_on_hold":0,"sold_today":0,"sales_last_days":0,"reserved_stock":null,"customer_returns":null,"warehouse_damage":null,"lost_in_post":null,"other_logs":null,"out_stock_days":0,"lost_sales":0,"has_location":null,"update_date":"2026-04-27T07:16:05","atum_locations":[],"atum_stock_status":"instock","restock_status":false,"low_stock_amount":"","sales_update_date":"2025-09-05T00:17:12","calc_backorders":null,"_links":{"self":[{"href":"https:\/\/aromasentia.com\/de\/wp-json\/wp\/v2\/product\/243173","targetHints":{"allow":["GET"]}}],"collection":[{"href":"https:\/\/aromasentia.com\/de\/wp-json\/wp\/v2\/product"}],"about":[{"href":"https:\/\/aromasentia.com\/de\/wp-json\/wp\/v2\/types\/product"}],"replies":[{"embeddable":true,"href":"https:\/\/aromasentia.com\/de\/wp-json\/wp\/v2\/comments?post=243173"}],"version-history":[{"count":0,"href":"https:\/\/aromasentia.com\/de\/wp-json\/wp\/v2\/product\/243173\/revisions"}],"wp:featuredmedia":[{"embeddable":true,"href":"https:\/\/aromasentia.com\/de\/wp-json\/wp\/v2\/media\/266020"}],"wp:attachment":[{"href":"https:\/\/aromasentia.com\/de\/wp-json\/wp\/v2\/media?parent=243173"}],"wp:term":[{"taxonomy":"product_brand","embeddable":true,"href":"https:\/\/aromasentia.com\/de\/wp-json\/wp\/v2\/product_brand?post=243173"},{"taxonomy":"product_cat","embeddable":true,"href":"https:\/\/aromasentia.com\/de\/wp-json\/wp\/v2\/product_cat?post=243173"},{"taxonomy":"product_tag","embeddable":true,"href":"https:\/\/aromasentia.com\/de\/wp-json\/wp\/v2\/product_tag?post=243173"}],"curies":[{"name":"wp","href":"https:\/\/api.w.org\/{rel}","templated":true}]}}