{"id":243153,"date":"2025-03-20T15:03:30","date_gmt":"2025-03-20T15:03:30","guid":{"rendered":"https:\/\/aromasentia.com\/product\/large-mango-box-burner-tree-of-life\/"},"modified":"2025-12-30T20:42:31","modified_gmt":"2025-12-30T20:42:31","slug":"grosser-mangokistenbrenner-baum-des-lebens","status":"publish","type":"product","link":"https:\/\/aromasentia.com\/de\/grosser-mangokistenbrenner-baum-des-lebens\/","title":{"rendered":"Gro\u00dfer Mangokistenbrenner &#8211; Baum des Lebens"},"content":{"rendered":"<p><span style=\"color: rgb(75, 80, 88);\"><strong>Feiern Sie Wachstum und Verbundenheit mit dem Mangoholz-\u00d6lbrenner \u201eBaum des Lebens\u201c.<\/strong><\/span><\/p>\n<p><span style=\"color: rgb(75, 80, 88);\">Dieser Brenner mit einem wundersch\u00f6n handgeschnitzten Lebensbaum-Design ist aus nachhaltigem Mangoholz gefertigt und bietet sowohl Haltbarkeit als auch Symbolik.<\/span><\/p>\n<p><span style=\"color: rgb(75, 80, 88);\"><strong>Perfekt f\u00fcr \u00d6le oder Wachsschmelzen<\/strong> und bietet eine vielseitige und umweltfreundliche M\u00f6glichkeit, jeden Raum mit den Duftnoten Ihrer Kunden zu f\u00fcllen. Lieblingsd\u00fcfte.&nbsp;<\/span><\/p>\n<p><span style=\"color: rgb(75, 80, 88);\"><strong>Die kompakte Gr\u00f6\u00dfe von 12,5 x 12,5 x 12,5 cm<\/strong> macht es zu einer wunderbaren Erg\u00e4nzung f\u00fcr jeden Raum oder zu einem bedeutungsvollen Geschenk.<\/span><\/p>\n","protected":false},"excerpt":{"rendered":"<p>Feiern Sie Wachstum und Verbundenheit mit dem Mangoholz-\u00d6lbrenner \u201eBaum des Lebens\u201c. Dieser Brenner mit einem wundersch\u00f6n handgeschnitzten Lebensbaum-Design ist aus nachhaltigem Mangoholz gefertigt und bietet sowohl Haltbarkeit als auch Symbolik. Perfekt f\u00fcr \u00d6le oder Wachsschmelzen und bietet eine vielseitige und umweltfreundliche M\u00f6glichkeit, jeden Raum mit den Duftnoten Ihrer Kunden zu f\u00fcllen. Lieblingsd\u00fcfte.&nbsp; Die kompakte Gr\u00f6\u00dfe [&hellip;]<\/p>\n","protected":false},"featured_media":265871,"comment_status":"closed","ping_status":"open","template":"","meta":{"_angie_page":false},"product_brand":[],"product_cat":[16519,18408],"product_tag":[],"class_list":{"0":"post-243153","1":"product","2":"type-product","3":"status-publish","4":"has-post-thumbnail","6":"product_cat-aroma-diffuser-duftstabchen-und-olbrenner","7":"product_cat-duftlampen","8":"pa_collection-mango-wood-oil-burners-de","9":"pa_made-in-indien","11":"first","12":"instock","13":"purchasable","14":"product-type-simple"},"supplier_id":null,"supplier_sku":"MWOB-03","barcode":null,"atum_controlled":true,"out_stock_date":null,"out_stock_threshold":null,"inheritable":false,"inbound_stock":null,"stock_on_hold":0,"sold_today":0,"sales_last_days":0,"reserved_stock":null,"customer_returns":null,"warehouse_damage":null,"lost_in_post":null,"other_logs":null,"out_stock_days":0,"lost_sales":0,"has_location":null,"update_date":"2026-05-08T05:14:27","atum_locations":[],"atum_stock_status":"instock","restock_status":false,"low_stock_amount":"","sales_update_date":"2025-09-05T00:17:11","calc_backorders":null,"_links":{"self":[{"href":"https:\/\/aromasentia.com\/de\/wp-json\/wp\/v2\/product\/243153","targetHints":{"allow":["GET"]}}],"collection":[{"href":"https:\/\/aromasentia.com\/de\/wp-json\/wp\/v2\/product"}],"about":[{"href":"https:\/\/aromasentia.com\/de\/wp-json\/wp\/v2\/types\/product"}],"replies":[{"embeddable":true,"href":"https:\/\/aromasentia.com\/de\/wp-json\/wp\/v2\/comments?post=243153"}],"version-history":[{"count":0,"href":"https:\/\/aromasentia.com\/de\/wp-json\/wp\/v2\/product\/243153\/revisions"}],"wp:featuredmedia":[{"embeddable":true,"href":"https:\/\/aromasentia.com\/de\/wp-json\/wp\/v2\/media\/265871"}],"wp:attachment":[{"href":"https:\/\/aromasentia.com\/de\/wp-json\/wp\/v2\/media?parent=243153"}],"wp:term":[{"taxonomy":"product_brand","embeddable":true,"href":"https:\/\/aromasentia.com\/de\/wp-json\/wp\/v2\/product_brand?post=243153"},{"taxonomy":"product_cat","embeddable":true,"href":"https:\/\/aromasentia.com\/de\/wp-json\/wp\/v2\/product_cat?post=243153"},{"taxonomy":"product_tag","embeddable":true,"href":"https:\/\/aromasentia.com\/de\/wp-json\/wp\/v2\/product_tag?post=243153"}],"curies":[{"name":"wp","href":"https:\/\/api.w.org\/{rel}","templated":true}]}}