{"id":243149,"date":"2025-03-20T15:03:30","date_gmt":"2025-03-20T15:03:30","guid":{"rendered":"https:\/\/aromasentia.com\/product\/large-mango-box-burner-buddha\/"},"modified":"2025-12-30T20:42:31","modified_gmt":"2025-12-30T20:42:31","slug":"grosser-mangokistenbrenner-buddha","status":"publish","type":"product","link":"https:\/\/aromasentia.com\/de\/grosser-mangokistenbrenner-buddha\/","title":{"rendered":"Gro\u00dfer Mangokistenbrenner &#8211; Buddha"},"content":{"rendered":"<p><span style=\"color: rgb(75, 80, 88);\"><strong>Vermitteln Sie Ihren Kunden ein Gef\u00fchl von Ruhe und Achtsamkeit. H\u00e4user mit dem Buddha-\u00d6lbrenner aus Mangoholz.<\/strong><\/span><\/p>\n<p><span style=\"color: rgb(75, 80, 88);\">Dieser Brenner ist aus nachhaltigem Mangoholz handgeschnitzt und zeigt ein ruhiges Buddha-Design, was ihn sowohl zu einem dekorativen als auch zu einem spirituellen St\u00fcck f\u00fcr jeden Raum macht.<\/span><\/p>\n<p><span style=\"color: rgb(75, 80, 88);\"><strong>Ob mit \u00e4therischen \u00d6len oder Duftwachs<\/strong> verwendet, bietet er eine beruhigende und vielseitige M\u00f6glichkeit, das Ambiente mit wohltuenden D\u00fcften zu verbessern.&nbsp;<\/span><\/p>\n<p><span style=\"color: rgb(75, 80, 88);\"><strong>Seine kompakte Gr\u00f6\u00dfe von 12,5 x 12,5 x 12,5 cm<\/strong> macht ihn ideal f\u00fcr Tischplatten, Regale oder als aufmerksames, ruhiges Geschenk.<\/span><\/p>\n","protected":false},"excerpt":{"rendered":"<p>Vermitteln Sie Ihren Kunden ein Gef\u00fchl von Ruhe und Achtsamkeit. H\u00e4user mit dem Buddha-\u00d6lbrenner aus Mangoholz. Dieser Brenner ist aus nachhaltigem Mangoholz handgeschnitzt und zeigt ein ruhiges Buddha-Design, was ihn sowohl zu einem dekorativen als auch zu einem spirituellen St\u00fcck f\u00fcr jeden Raum macht. Ob mit \u00e4therischen \u00d6len oder Duftwachs verwendet, bietet er eine beruhigende [&hellip;]<\/p>\n","protected":false},"featured_media":265822,"comment_status":"closed","ping_status":"open","template":"","meta":{"_angie_page":false},"product_brand":[],"product_cat":[16519,18408],"product_tag":[],"class_list":{"0":"post-243149","1":"product","2":"type-product","3":"status-publish","4":"has-post-thumbnail","6":"product_cat-aroma-diffuser-duftstabchen-und-olbrenner","7":"product_cat-duftlampen","8":"pa_collection-mango-wood-oil-burners-de","9":"pa_made-in-indien","11":"first","12":"instock","13":"purchasable","14":"product-type-simple"},"supplier_id":null,"supplier_sku":"MWOB-02","barcode":null,"atum_controlled":true,"out_stock_date":null,"out_stock_threshold":null,"inheritable":false,"inbound_stock":null,"stock_on_hold":0,"sold_today":0,"sales_last_days":0,"reserved_stock":null,"customer_returns":null,"warehouse_damage":null,"lost_in_post":null,"other_logs":null,"out_stock_days":0,"lost_sales":0,"has_location":null,"update_date":"2026-05-08T05:14:27","atum_locations":[],"atum_stock_status":"instock","restock_status":false,"low_stock_amount":"","sales_update_date":"2026-02-06T00:01:37","calc_backorders":null,"_links":{"self":[{"href":"https:\/\/aromasentia.com\/de\/wp-json\/wp\/v2\/product\/243149","targetHints":{"allow":["GET"]}}],"collection":[{"href":"https:\/\/aromasentia.com\/de\/wp-json\/wp\/v2\/product"}],"about":[{"href":"https:\/\/aromasentia.com\/de\/wp-json\/wp\/v2\/types\/product"}],"replies":[{"embeddable":true,"href":"https:\/\/aromasentia.com\/de\/wp-json\/wp\/v2\/comments?post=243149"}],"version-history":[{"count":0,"href":"https:\/\/aromasentia.com\/de\/wp-json\/wp\/v2\/product\/243149\/revisions"}],"wp:featuredmedia":[{"embeddable":true,"href":"https:\/\/aromasentia.com\/de\/wp-json\/wp\/v2\/media\/265822"}],"wp:attachment":[{"href":"https:\/\/aromasentia.com\/de\/wp-json\/wp\/v2\/media?parent=243149"}],"wp:term":[{"taxonomy":"product_brand","embeddable":true,"href":"https:\/\/aromasentia.com\/de\/wp-json\/wp\/v2\/product_brand?post=243149"},{"taxonomy":"product_cat","embeddable":true,"href":"https:\/\/aromasentia.com\/de\/wp-json\/wp\/v2\/product_cat?post=243149"},{"taxonomy":"product_tag","embeddable":true,"href":"https:\/\/aromasentia.com\/de\/wp-json\/wp\/v2\/product_tag?post=243149"}],"curies":[{"name":"wp","href":"https:\/\/api.w.org\/{rel}","templated":true}]}}