{"id":243129,"date":"2025-03-20T15:03:30","date_gmt":"2025-03-20T15:03:30","guid":{"rendered":"https:\/\/aromasentia.com\/product\/nag-champa-massage-oil-100ml\/"},"modified":"2025-12-30T20:42:31","modified_gmt":"2025-12-30T20:42:31","slug":"nag-champa-massageoel-100ml","status":"publish","type":"product","link":"https:\/\/aromasentia.com\/de\/nag-champa-massageoel-100ml\/","title":{"rendered":"Nag Champa Massage\u00f6l &#8211; 100ml"},"content":{"rendered":"<p>Aus Kundensicht sind Massage\u00f6le \u00e4u\u00dferst sinnvoll, da der Kauf einzelner \u00d6le zum Mischen teuer und zeitaufw\u00e4ndig ist.<\/p>\n<p>Diese Massage\u00f6le sind mit Traubenkern\u00f6l vermischt. Sie k\u00f6nnen sogar ein paar Tropfen ins Badewasser geben.<\/p>\n<p><strong>Nag Champa Massage\u00f6l<\/strong> wird aus den weltweit bekannten \u00e4therischen Nag Champa-\u00d6len und reinem Traubenkern\u00f6l in alter Weisheitsqualit\u00e4t hergestellt.<\/p>\n","protected":false},"excerpt":{"rendered":"<p>Aus Kundensicht sind Massage\u00f6le \u00e4u\u00dferst sinnvoll, da der Kauf einzelner \u00d6le zum Mischen teuer und zeitaufw\u00e4ndig ist. Diese Massage\u00f6le sind mit Traubenkern\u00f6l vermischt. Sie k\u00f6nnen sogar ein paar Tropfen ins Badewasser geben. Nag Champa Massage\u00f6l wird aus den weltweit bekannten \u00e4therischen Nag Champa-\u00d6len und reinem Traubenkern\u00f6l in alter Weisheitsqualit\u00e4t hergestellt.<\/p>\n","protected":false},"featured_media":265681,"comment_status":"closed","ping_status":"open","template":"","meta":{"_angie_page":false},"product_brand":[27090],"product_cat":[19448,24045],"product_tag":[],"class_list":{"0":"post-243129","1":"product","2":"type-product","3":"status-publish","4":"has-post-thumbnail","6":"product_brand-ancient-wisdom","7":"product_cat-bad-und-korper","8":"product_cat-massageole","9":"pa_collection-massage-oils-bottles-100ml-de","10":"pa_made-in-vereinigtes-koenigreich","11":"pa_size-100ml","13":"first","14":"instock","15":"purchasable","16":"product-type-simple"},"supplier_id":null,"supplier_sku":"MOL-15","barcode":null,"atum_controlled":true,"out_stock_date":null,"out_stock_threshold":null,"inheritable":false,"inbound_stock":null,"stock_on_hold":0,"sold_today":0,"sales_last_days":0,"reserved_stock":null,"customer_returns":null,"warehouse_damage":null,"lost_in_post":null,"other_logs":null,"out_stock_days":15,"lost_sales":0,"has_location":null,"update_date":"2026-04-27T07:13:29","atum_locations":[],"atum_stock_status":"instock","restock_status":false,"low_stock_amount":"","sales_update_date":"2026-02-06T00:01:30","calc_backorders":null,"_links":{"self":[{"href":"https:\/\/aromasentia.com\/de\/wp-json\/wp\/v2\/product\/243129","targetHints":{"allow":["GET"]}}],"collection":[{"href":"https:\/\/aromasentia.com\/de\/wp-json\/wp\/v2\/product"}],"about":[{"href":"https:\/\/aromasentia.com\/de\/wp-json\/wp\/v2\/types\/product"}],"replies":[{"embeddable":true,"href":"https:\/\/aromasentia.com\/de\/wp-json\/wp\/v2\/comments?post=243129"}],"version-history":[{"count":0,"href":"https:\/\/aromasentia.com\/de\/wp-json\/wp\/v2\/product\/243129\/revisions"}],"wp:featuredmedia":[{"embeddable":true,"href":"https:\/\/aromasentia.com\/de\/wp-json\/wp\/v2\/media\/265681"}],"wp:attachment":[{"href":"https:\/\/aromasentia.com\/de\/wp-json\/wp\/v2\/media?parent=243129"}],"wp:term":[{"taxonomy":"product_brand","embeddable":true,"href":"https:\/\/aromasentia.com\/de\/wp-json\/wp\/v2\/product_brand?post=243129"},{"taxonomy":"product_cat","embeddable":true,"href":"https:\/\/aromasentia.com\/de\/wp-json\/wp\/v2\/product_cat?post=243129"},{"taxonomy":"product_tag","embeddable":true,"href":"https:\/\/aromasentia.com\/de\/wp-json\/wp\/v2\/product_tag?post=243129"}],"curies":[{"name":"wp","href":"https:\/\/api.w.org\/{rel}","templated":true}]}}