{"id":243125,"date":"2025-03-20T15:03:30","date_gmt":"2025-03-20T15:03:30","guid":{"rendered":"https:\/\/aromasentia.com\/product\/special-regeneration-a2-mix-massage-oil-100ml\/"},"modified":"2025-12-30T20:42:31","modified_gmt":"2025-12-30T20:42:31","slug":"special-a2-mix-massageoel-100ml","status":"publish","type":"product","link":"https:\/\/aromasentia.com\/de\/special-a2-mix-massageoel-100ml\/","title":{"rendered":"Special A2 Mix Massage\u00f6l &#8211; 100ml"},"content":{"rendered":"<p>Aus Sicht Ihrer Kunden sind Massage\u00f6le \u00e4u\u00dferst sinnvoll, da der Kauf einzelner \u00d6le zum Mischen teuer und zeitaufw\u00e4ndig ist.<\/p>\n<p>Diese Massage\u00f6le sind mit Traubenkern\u00f6l vermischt. Sie k\u00f6nnen sogar ein paar Tropfen ins Badewasser geben.<\/p>\n<p><strong>Das spezielle A2-Massage\u00f6l<\/strong> wird aus den weltweit bekannten \u00e4therischen \u00d6len Rosmarin, Ingwer, Lavendel und Myrrhe sowie reinem Traubenkern\u00f6l hergestellt.<\/p>\n","protected":false},"excerpt":{"rendered":"<p>Aus Sicht Ihrer Kunden sind Massage\u00f6le \u00e4u\u00dferst sinnvoll, da der Kauf einzelner \u00d6le zum Mischen teuer und zeitaufw\u00e4ndig ist. Diese Massage\u00f6le sind mit Traubenkern\u00f6l vermischt. Sie k\u00f6nnen sogar ein paar Tropfen ins Badewasser geben. Das spezielle A2-Massage\u00f6l wird aus den weltweit bekannten \u00e4therischen \u00d6len Rosmarin, Ingwer, Lavendel und Myrrhe sowie reinem Traubenkern\u00f6l hergestellt.<\/p>\n","protected":false},"featured_media":265656,"comment_status":"closed","ping_status":"open","template":"","meta":{"_angie_page":false},"product_brand":[27090],"product_cat":[19448,24045],"product_tag":[],"class_list":{"0":"post-243125","1":"product","2":"type-product","3":"status-publish","4":"has-post-thumbnail","6":"product_brand-ancient-wisdom","7":"product_cat-bad-und-korper","8":"product_cat-massageole","9":"pa_collection-massage-oils-bottles-100ml-de","10":"pa_made-in-vereinigtes-koenigreich","11":"pa_size-100ml","13":"first","14":"instock","15":"purchasable","16":"product-type-simple"},"supplier_id":null,"supplier_sku":"MOL-14","barcode":null,"atum_controlled":true,"out_stock_date":null,"out_stock_threshold":null,"inheritable":false,"inbound_stock":0,"stock_on_hold":0,"sold_today":0,"sales_last_days":0,"reserved_stock":0,"customer_returns":0,"warehouse_damage":0,"lost_in_post":0,"other_logs":0,"out_stock_days":0,"lost_sales":0,"has_location":false,"update_date":"2026-04-27T07:13:29","atum_locations":[],"atum_stock_status":"instock","restock_status":false,"low_stock_amount":"","sales_update_date":"2025-09-05T00:17:09","calc_backorders":null,"_links":{"self":[{"href":"https:\/\/aromasentia.com\/de\/wp-json\/wp\/v2\/product\/243125","targetHints":{"allow":["GET"]}}],"collection":[{"href":"https:\/\/aromasentia.com\/de\/wp-json\/wp\/v2\/product"}],"about":[{"href":"https:\/\/aromasentia.com\/de\/wp-json\/wp\/v2\/types\/product"}],"replies":[{"embeddable":true,"href":"https:\/\/aromasentia.com\/de\/wp-json\/wp\/v2\/comments?post=243125"}],"version-history":[{"count":0,"href":"https:\/\/aromasentia.com\/de\/wp-json\/wp\/v2\/product\/243125\/revisions"}],"wp:featuredmedia":[{"embeddable":true,"href":"https:\/\/aromasentia.com\/de\/wp-json\/wp\/v2\/media\/265656"}],"wp:attachment":[{"href":"https:\/\/aromasentia.com\/de\/wp-json\/wp\/v2\/media?parent=243125"}],"wp:term":[{"taxonomy":"product_brand","embeddable":true,"href":"https:\/\/aromasentia.com\/de\/wp-json\/wp\/v2\/product_brand?post=243125"},{"taxonomy":"product_cat","embeddable":true,"href":"https:\/\/aromasentia.com\/de\/wp-json\/wp\/v2\/product_cat?post=243125"},{"taxonomy":"product_tag","embeddable":true,"href":"https:\/\/aromasentia.com\/de\/wp-json\/wp\/v2\/product_tag?post=243125"}],"curies":[{"name":"wp","href":"https:\/\/api.w.org\/{rel}","templated":true}]}}