{"id":243053,"date":"2025-03-20T15:07:22","date_gmt":"2025-03-20T15:07:22","guid":{"rendered":"https:\/\/aromasentia.com\/product\/oil-burner-angel-cut-out-white\/"},"modified":"2025-12-30T20:42:16","modified_gmt":"2025-12-30T20:42:16","slug":"oelbrenner-engel-ausgeschnitten-weiss","status":"publish","type":"product","link":"https:\/\/aromasentia.com\/de\/oelbrenner-engel-ausgeschnitten-weiss\/","title":{"rendered":"\u00d6lbrenner-Engel ausgeschnitten &#8211; wei\u00df"},"content":{"rendered":"<p><span style=\"color: rgb(75, 80, 88);\">In unserer Simple and Classic Kollektion finden Sie eine umfangreiche Auswahl an Duftlampen in verschiedenen Formen, Materialien, Gr\u00f6\u00dfen und Farben. Diese Kollektion wird regelm\u00e4\u00dfig aktualisiert, daher sind einige Artikel nur erh\u00e4ltlich, solange der Vorrat reicht. Wenn Sie auf der Suche nach frischen, stilvollen Designs sind, sind Sie hier genau richtig.<\/span><\/p>\n<ul>\n<li><span style=\"color: rgb(75, 80, 88);\"><strong>Schlanke und minimalistische Designs.<\/strong><\/span><\/li>\n<li><span style=\"color: rgb(75, 80, 88);\">Stellen Sie die Duftlampe immer auf eine hitzebest\u00e4ndige Oberfl\u00e4che.<\/span><\/li>\n<li><span style=\"color: rgb(75, 80, 88);\">Stellen Sie sicher, dass sich in der Schale \u00fcber der Lampe gen\u00fcgend Wasser befindet.<\/span><\/li>\n<li><span style=\"color: rgb(75, 80, 88);\">Verwenden Sie f\u00fcr beste Ergebnisse hochwertige Teelichter.<\/span><\/li>\n<li><span style=\"color: rgb(75, 80, 88);\">Lassen Sie eine brennende Lampe niemals unbeaufsichtigt und halten Sie sie von brennbare Gegenst\u00e4nde wie Vorh\u00e4nge.<\/span><\/li>\n<li><span style=\"color: rgb(75, 80, 88);\">Wenn die Flamme gef\u00e4hrlich wird, l\u00f6schen Sie sie mit einem feuchten Tuch.<\/span><\/li>\n<li><span style=\"color: rgb(75, 80, 88);\">Au\u00dferhalb der Reichweite von Kindern aufbewahren.<\/span><\/li>\n<\/ul>\n<p><span style=\"color: rgb(141, 186, 216);\"><strong>Alles zu einem unschlagbaren Preis!<\/strong><\/span><\/p>\n","protected":false},"excerpt":{"rendered":"<p>In unserer Simple and Classic Kollektion finden Sie eine umfangreiche Auswahl an Duftlampen in verschiedenen Formen, Materialien, Gr\u00f6\u00dfen und Farben. Diese Kollektion wird regelm\u00e4\u00dfig aktualisiert, daher sind einige Artikel nur erh\u00e4ltlich, solange der Vorrat reicht. Wenn Sie auf der Suche nach frischen, stilvollen Designs sind, sind Sie hier genau richtig. Schlanke und minimalistische Designs. Stellen [&hellip;]<\/p>\n","protected":false},"featured_media":266340,"comment_status":"closed","ping_status":"open","template":"","meta":{"_angie_page":false},"product_brand":[],"product_cat":[16519,18408],"product_tag":[],"class_list":{"0":"post-243053","1":"product","2":"type-product","3":"status-publish","4":"has-post-thumbnail","6":"product_cat-aroma-diffuser-duftstabchen-und-olbrenner","7":"product_cat-duftlampen","8":"pa_collection-floral-cauldron-oil-burners-de","9":"pa_made-in-china","11":"first","12":"instock","13":"purchasable","14":"product-type-simple"},"supplier_id":null,"supplier_sku":"OB-319","barcode":null,"atum_controlled":true,"out_stock_date":null,"out_stock_threshold":null,"inheritable":false,"inbound_stock":null,"stock_on_hold":0,"sold_today":0,"sales_last_days":0,"reserved_stock":null,"customer_returns":null,"warehouse_damage":null,"lost_in_post":null,"other_logs":null,"out_stock_days":10,"lost_sales":0,"has_location":null,"update_date":"2026-04-27T07:16:12","atum_locations":[],"atum_stock_status":"instock","restock_status":false,"low_stock_amount":"","sales_update_date":"2026-02-06T00:02:18","calc_backorders":null,"_links":{"self":[{"href":"https:\/\/aromasentia.com\/de\/wp-json\/wp\/v2\/product\/243053","targetHints":{"allow":["GET"]}}],"collection":[{"href":"https:\/\/aromasentia.com\/de\/wp-json\/wp\/v2\/product"}],"about":[{"href":"https:\/\/aromasentia.com\/de\/wp-json\/wp\/v2\/types\/product"}],"replies":[{"embeddable":true,"href":"https:\/\/aromasentia.com\/de\/wp-json\/wp\/v2\/comments?post=243053"}],"version-history":[{"count":0,"href":"https:\/\/aromasentia.com\/de\/wp-json\/wp\/v2\/product\/243053\/revisions"}],"wp:featuredmedia":[{"embeddable":true,"href":"https:\/\/aromasentia.com\/de\/wp-json\/wp\/v2\/media\/266340"}],"wp:attachment":[{"href":"https:\/\/aromasentia.com\/de\/wp-json\/wp\/v2\/media?parent=243053"}],"wp:term":[{"taxonomy":"product_brand","embeddable":true,"href":"https:\/\/aromasentia.com\/de\/wp-json\/wp\/v2\/product_brand?post=243053"},{"taxonomy":"product_cat","embeddable":true,"href":"https:\/\/aromasentia.com\/de\/wp-json\/wp\/v2\/product_cat?post=243053"},{"taxonomy":"product_tag","embeddable":true,"href":"https:\/\/aromasentia.com\/de\/wp-json\/wp\/v2\/product_tag?post=243053"}],"curies":[{"name":"wp","href":"https:\/\/api.w.org\/{rel}","templated":true}]}}