{"id":243033,"date":"2025-03-20T15:09:02","date_gmt":"2025-03-20T15:09:02","guid":{"rendered":"https:\/\/aromasentia.com\/product\/classic-rustic-oil-burner-dragonfly-assorted\/"},"modified":"2025-12-30T20:42:09","modified_gmt":"2025-12-30T20:42:09","slug":"classic-rustic-oil-burner-dragonfly-assorted","status":"publish","type":"product","link":"https:\/\/aromasentia.com\/de\/classic-rustic-oil-burner-dragonfly-assorted\/","title":{"rendered":"Classic Rustic Oil Burner &#8211; Dragonfly (assorted)"},"content":{"rendered":"<p><strong>Klassischer Duftbrenner aus Keramik mit Libellenmotiv<\/strong> im rustikalen Terrakotta-Stil. Die angenehme Haptik passt perfekt zu unserem Siedegranulat oder unserer gro\u00dfen Auswahl an Duft\u00f6len.<\/p>\n<p>Duftbrenner sind in verschiedenen Farben erh\u00e4ltlich. Sch\u00f6ne, schlichte Designs \u2013 ideal f\u00fcr Geschenkk\u00f6rbe. Duftbrenner eignen sich auch hervorragend f\u00fcr Duft\u00f6le und Duftwachs.<\/p>\n<p>Stellen Sie den Duftbrenner immer auf eine hitzebest\u00e4ndige Unterlage. Stellen Sie sicher, dass sich im Beh\u00e4lter \u00fcber dem Brenner ausreichend Wasser befindet. Verwenden Sie hochwertige Teelichter. Brennende Teelichter niemals unbeaufsichtigt lassen und von Vorh\u00e4ngen fernhalten. Bei gef\u00e4hrlicher Flamme mit einem feuchten Tuch l\u00f6schen. Au\u00dferhalb der Reichweite von Kindern aufbewahren.<\/p>\n","protected":false},"excerpt":{"rendered":"<p>Klassischer Duftbrenner aus Keramik mit Libellenmotiv im rustikalen Terrakotta-Stil. Die angenehme Haptik passt perfekt zu unserem Siedegranulat oder unserer gro\u00dfen Auswahl an Duft\u00f6len. Duftbrenner sind in verschiedenen Farben erh\u00e4ltlich. Sch\u00f6ne, schlichte Designs \u2013 ideal f\u00fcr Geschenkk\u00f6rbe. Duftbrenner eignen sich auch hervorragend f\u00fcr Duft\u00f6le und Duftwachs. Stellen Sie den Duftbrenner immer auf eine hitzebest\u00e4ndige Unterlage. Stellen [&hellip;]<\/p>\n","protected":false},"featured_media":266646,"comment_status":"closed","ping_status":"open","template":"","meta":{"_angie_page":false},"product_brand":[],"product_cat":[16519,18408],"product_tag":[],"class_list":{"0":"post-243033","1":"product","2":"type-product","3":"status-publish","4":"has-post-thumbnail","6":"product_cat-aroma-diffuser-duftstabchen-und-olbrenner","7":"product_cat-duftlampen","8":"pa_collection-classic-rustic-oil-burners-de","9":"pa_made-in-china","11":"first","12":"outofstock","13":"purchasable","14":"product-type-simple"},"supplier_id":null,"supplier_sku":"OBCS-03DS","barcode":null,"atum_controlled":true,"out_stock_date":"2026-04-25 15:12:32","out_stock_threshold":null,"inheritable":false,"inbound_stock":null,"stock_on_hold":0,"sold_today":0,"sales_last_days":0,"reserved_stock":null,"customer_returns":null,"warehouse_damage":null,"lost_in_post":null,"other_logs":null,"out_stock_days":0,"lost_sales":0,"has_location":null,"update_date":"2026-04-27T07:16:18","atum_locations":[],"atum_stock_status":"outofstock","restock_status":false,"low_stock_amount":"","sales_update_date":"2026-02-06T00:01:48","calc_backorders":null,"_links":{"self":[{"href":"https:\/\/aromasentia.com\/de\/wp-json\/wp\/v2\/product\/243033","targetHints":{"allow":["GET"]}}],"collection":[{"href":"https:\/\/aromasentia.com\/de\/wp-json\/wp\/v2\/product"}],"about":[{"href":"https:\/\/aromasentia.com\/de\/wp-json\/wp\/v2\/types\/product"}],"replies":[{"embeddable":true,"href":"https:\/\/aromasentia.com\/de\/wp-json\/wp\/v2\/comments?post=243033"}],"version-history":[{"count":0,"href":"https:\/\/aromasentia.com\/de\/wp-json\/wp\/v2\/product\/243033\/revisions"}],"wp:featuredmedia":[{"embeddable":true,"href":"https:\/\/aromasentia.com\/de\/wp-json\/wp\/v2\/media\/266646"}],"wp:attachment":[{"href":"https:\/\/aromasentia.com\/de\/wp-json\/wp\/v2\/media?parent=243033"}],"wp:term":[{"taxonomy":"product_brand","embeddable":true,"href":"https:\/\/aromasentia.com\/de\/wp-json\/wp\/v2\/product_brand?post=243033"},{"taxonomy":"product_cat","embeddable":true,"href":"https:\/\/aromasentia.com\/de\/wp-json\/wp\/v2\/product_cat?post=243033"},{"taxonomy":"product_tag","embeddable":true,"href":"https:\/\/aromasentia.com\/de\/wp-json\/wp\/v2\/product_tag?post=243033"}],"curies":[{"name":"wp","href":"https:\/\/api.w.org\/{rel}","templated":true}]}}