{"id":243025,"date":"2025-03-20T15:09:02","date_gmt":"2025-03-20T15:09:02","guid":{"rendered":"https:\/\/aromasentia.com\/product\/classic-elephant-oil-burners-aast\/"},"modified":"2025-12-30T20:42:09","modified_gmt":"2025-12-30T20:42:09","slug":"classic-elephant-oil-burners-aast","status":"publish","type":"product","link":"https:\/\/aromasentia.com\/de\/classic-elephant-oil-burners-aast\/","title":{"rendered":"Classic Elephant Oil Burners (aast)"},"content":{"rendered":"<p><strong>Klassische Elefanten-Keramik-\u00d6lbrenner<\/strong> im rustikalen Terrakotta-Stil. Sie haben eine angenehme Haptik und eignen sich hervorragend f\u00fcr den Verkauf mit unserem Siedegranulat oder unserer gro\u00dfen Auswahl an Duft\u00f6len.<\/p>\n<p>\u00d6lbrenner sind in verschiedenen Farben erh\u00e4ltlich. Sch\u00f6ne, schlichte Designs \u2013 ideal f\u00fcr Geschenkk\u00f6rbe. \u00d6lbrenner eignen sich auch hervorragend f\u00fcr Duft\u00f6le und Duftwachs.<\/p>\n<p>Stellen Sie den \u00d6lbrenner immer auf eine hitzebest\u00e4ndige Unterlage. Stellen Sie sicher, dass sich im Beh\u00e4lter \u00fcber dem Brenner ausreichend Wasser befindet. Verwenden Sie hochwertige Teelichter. Brennende Teelichter niemals unbeaufsichtigt lassen und von Vorh\u00e4ngen fernhalten. Bei gef\u00e4hrlicher Flamme mit einem feuchten Tuch l\u00f6schen. Au\u00dferhalb der Reichweite von Kindern aufbewahren.<\/p>\n","protected":false},"excerpt":{"rendered":"<p>Klassische Elefanten-Keramik-\u00d6lbrenner im rustikalen Terrakotta-Stil. Sie haben eine angenehme Haptik und eignen sich hervorragend f\u00fcr den Verkauf mit unserem Siedegranulat oder unserer gro\u00dfen Auswahl an Duft\u00f6len. \u00d6lbrenner sind in verschiedenen Farben erh\u00e4ltlich. Sch\u00f6ne, schlichte Designs \u2013 ideal f\u00fcr Geschenkk\u00f6rbe. \u00d6lbrenner eignen sich auch hervorragend f\u00fcr Duft\u00f6le und Duftwachs. Stellen Sie den \u00d6lbrenner immer auf eine [&hellip;]<\/p>\n","protected":false},"featured_media":266524,"comment_status":"closed","ping_status":"open","template":"","meta":{"_angie_page":false},"product_brand":[],"product_cat":[16519,18408],"product_tag":[],"class_list":{"0":"post-243025","1":"product","2":"type-product","3":"status-publish","4":"has-post-thumbnail","6":"product_cat-aroma-diffuser-duftstabchen-und-olbrenner","7":"product_cat-duftlampen","8":"pa_collection-classic-rustic-oil-burners-de","9":"pa_made-in-china","11":"first","12":"outofstock","13":"purchasable","14":"product-type-simple"},"supplier_id":null,"supplier_sku":"OBCS-08DS","barcode":null,"atum_controlled":true,"out_stock_date":"2026-04-25 15:12:27","out_stock_threshold":null,"inheritable":false,"inbound_stock":null,"stock_on_hold":0,"sold_today":0,"sales_last_days":0,"reserved_stock":null,"customer_returns":null,"warehouse_damage":null,"lost_in_post":null,"other_logs":null,"out_stock_days":0,"lost_sales":0,"has_location":null,"update_date":"2026-04-27T07:16:18","atum_locations":[],"atum_stock_status":"outofstock","restock_status":false,"low_stock_amount":"","sales_update_date":"2026-02-06T00:01:28","calc_backorders":null,"_links":{"self":[{"href":"https:\/\/aromasentia.com\/de\/wp-json\/wp\/v2\/product\/243025","targetHints":{"allow":["GET"]}}],"collection":[{"href":"https:\/\/aromasentia.com\/de\/wp-json\/wp\/v2\/product"}],"about":[{"href":"https:\/\/aromasentia.com\/de\/wp-json\/wp\/v2\/types\/product"}],"replies":[{"embeddable":true,"href":"https:\/\/aromasentia.com\/de\/wp-json\/wp\/v2\/comments?post=243025"}],"version-history":[{"count":0,"href":"https:\/\/aromasentia.com\/de\/wp-json\/wp\/v2\/product\/243025\/revisions"}],"wp:featuredmedia":[{"embeddable":true,"href":"https:\/\/aromasentia.com\/de\/wp-json\/wp\/v2\/media\/266524"}],"wp:attachment":[{"href":"https:\/\/aromasentia.com\/de\/wp-json\/wp\/v2\/media?parent=243025"}],"wp:term":[{"taxonomy":"product_brand","embeddable":true,"href":"https:\/\/aromasentia.com\/de\/wp-json\/wp\/v2\/product_brand?post=243025"},{"taxonomy":"product_cat","embeddable":true,"href":"https:\/\/aromasentia.com\/de\/wp-json\/wp\/v2\/product_cat?post=243025"},{"taxonomy":"product_tag","embeddable":true,"href":"https:\/\/aromasentia.com\/de\/wp-json\/wp\/v2\/product_tag?post=243025"}],"curies":[{"name":"wp","href":"https:\/\/api.w.org\/{rel}","templated":true}]}}