{"id":243021,"date":"2025-03-20T15:09:02","date_gmt":"2025-03-20T15:09:02","guid":{"rendered":"https:\/\/aromasentia.com\/product\/classic-small-square-floral-oil-burners-aast\/"},"modified":"2025-12-30T20:42:09","modified_gmt":"2025-12-30T20:42:09","slug":"classic-small-square-floral-oil-burners-aast","status":"publish","type":"product","link":"https:\/\/aromasentia.com\/de\/classic-small-square-floral-oil-burners-aast\/","title":{"rendered":"Classic Small Square Floral Oil Burners (aast)"},"content":{"rendered":"<p><strong>Klassische kleine, quadratische Duftlampen aus Keramik mit floralem Motiv<\/strong> im rustikalen Terrakotta-Stil. Sie haben eine angenehme Haptik und eignen sich hervorragend f\u00fcr den Verkauf mit unserem Siedegranulat oder unserer gro\u00dfen Auswahl an Duft\u00f6len.<\/p>\n<p>Duftlampen sind in verschiedenen Farben erh\u00e4ltlich. Sch\u00f6ne, schlichte Designs \u2013 ideal f\u00fcr Geschenkk\u00f6rbe. Duftlampen eignen sich auch hervorragend f\u00fcr Duft\u00f6le und Duftwachs.<\/p>\n<p>Stellen Sie die Duftlampe immer auf eine hitzebest\u00e4ndige Unterlage. Stellen Sie sicher, dass sich im Beh\u00e4lter \u00fcber der Lampe ausreichend Wasser befindet. Verwenden Sie hochwertige Teelichter. Brennende Teelichter niemals unbeaufsichtigt lassen und von Vorh\u00e4ngen fernhalten. Bei gef\u00e4hrlicher Flamme mit einem feuchten Tuch l\u00f6schen. Au\u00dferhalb der Reichweite von Kindern aufbewahren.<\/p>\n","protected":false},"excerpt":{"rendered":"<p>Klassische kleine, quadratische Duftlampen aus Keramik mit floralem Motiv im rustikalen Terrakotta-Stil. Sie haben eine angenehme Haptik und eignen sich hervorragend f\u00fcr den Verkauf mit unserem Siedegranulat oder unserer gro\u00dfen Auswahl an Duft\u00f6len. Duftlampen sind in verschiedenen Farben erh\u00e4ltlich. Sch\u00f6ne, schlichte Designs \u2013 ideal f\u00fcr Geschenkk\u00f6rbe. Duftlampen eignen sich auch hervorragend f\u00fcr Duft\u00f6le und Duftwachs. [&hellip;]<\/p>\n","protected":false},"featured_media":266459,"comment_status":"closed","ping_status":"open","template":"","meta":{"_angie_page":false},"product_brand":[],"product_cat":[16519,18408],"product_tag":[],"class_list":{"0":"post-243021","1":"product","2":"type-product","3":"status-publish","4":"has-post-thumbnail","6":"product_cat-aroma-diffuser-duftstabchen-und-olbrenner","7":"product_cat-duftlampen","8":"pa_collection-classic-rustic-oil-burners-de","9":"pa_made-in-china","11":"first","12":"outofstock","13":"purchasable","14":"product-type-simple"},"supplier_id":null,"supplier_sku":"OBCS-06DS","barcode":null,"atum_controlled":true,"out_stock_date":"2026-04-25 15:12:26","out_stock_threshold":null,"inheritable":false,"inbound_stock":null,"stock_on_hold":0,"sold_today":0,"sales_last_days":0,"reserved_stock":null,"customer_returns":null,"warehouse_damage":null,"lost_in_post":null,"other_logs":null,"out_stock_days":0,"lost_sales":0,"has_location":null,"update_date":"2026-04-27T07:16:18","atum_locations":[],"atum_stock_status":"outofstock","restock_status":false,"low_stock_amount":"","sales_update_date":"2025-09-05T00:17:16","calc_backorders":null,"_links":{"self":[{"href":"https:\/\/aromasentia.com\/de\/wp-json\/wp\/v2\/product\/243021","targetHints":{"allow":["GET"]}}],"collection":[{"href":"https:\/\/aromasentia.com\/de\/wp-json\/wp\/v2\/product"}],"about":[{"href":"https:\/\/aromasentia.com\/de\/wp-json\/wp\/v2\/types\/product"}],"replies":[{"embeddable":true,"href":"https:\/\/aromasentia.com\/de\/wp-json\/wp\/v2\/comments?post=243021"}],"version-history":[{"count":0,"href":"https:\/\/aromasentia.com\/de\/wp-json\/wp\/v2\/product\/243021\/revisions"}],"wp:featuredmedia":[{"embeddable":true,"href":"https:\/\/aromasentia.com\/de\/wp-json\/wp\/v2\/media\/266459"}],"wp:attachment":[{"href":"https:\/\/aromasentia.com\/de\/wp-json\/wp\/v2\/media?parent=243021"}],"wp:term":[{"taxonomy":"product_brand","embeddable":true,"href":"https:\/\/aromasentia.com\/de\/wp-json\/wp\/v2\/product_brand?post=243021"},{"taxonomy":"product_cat","embeddable":true,"href":"https:\/\/aromasentia.com\/de\/wp-json\/wp\/v2\/product_cat?post=243021"},{"taxonomy":"product_tag","embeddable":true,"href":"https:\/\/aromasentia.com\/de\/wp-json\/wp\/v2\/product_tag?post=243021"}],"curies":[{"name":"wp","href":"https:\/\/api.w.org\/{rel}","templated":true}]}}