{"id":243009,"date":"2025-03-20T15:10:52","date_gmt":"2025-03-20T15:10:52","guid":{"rendered":"https:\/\/aromasentia.com\/product\/classic-white-oil-burner-floral-with-teal-well\/"},"modified":"2025-12-30T20:42:09","modified_gmt":"2025-12-30T20:42:09","slug":"klassische-weisse-duftlampe-blumen-mit-blaugruener-schale","status":"publish","type":"product","link":"https:\/\/aromasentia.com\/de\/klassische-weisse-duftlampe-blumen-mit-blaugruener-schale\/","title":{"rendered":"Klassische wei\u00dfe Duftlampe &#8211; Blumen mit blaugr\u00fcner Schale"},"content":{"rendered":"<p>Klassischer wei\u00dfer Keramik-\u00d6lbrenner. Dieser \u00d6lbrenner wurde aus der besten verf\u00fcgbaren Keramik gefertigt, um einen hohen Qualit\u00e4tsstandard zu gew\u00e4hrleisten. Dank ihrer Qualit\u00e4t und ihres Wertes sind diese \u00d6lbrenner eine tolle Geschenkidee f\u00fcr jeden besonderen Anlass. Wei\u00dfe Keramik-\u00d6lbrenner eignen sich hervorragend f\u00fcr Duft\u00f6le und Duftwachs. Dank der sch\u00f6nen wei\u00dfen Keramik sind sie auch eine attraktive Dekoration f\u00fcr jeden Raum. Jeder \u00d6lbrenner hat ein h\u00fcbsches Blumen-, Sternen- oder Libellenmuster, durch das das Kerzenlicht scheint und eine entspannende Atmosph\u00e4re schafft.<\/p>\n","protected":false},"excerpt":{"rendered":"<p>Klassischer wei\u00dfer Keramik-\u00d6lbrenner. Dieser \u00d6lbrenner wurde aus der besten verf\u00fcgbaren Keramik gefertigt, um einen hohen Qualit\u00e4tsstandard zu gew\u00e4hrleisten. Dank ihrer Qualit\u00e4t und ihres Wertes sind diese \u00d6lbrenner eine tolle Geschenkidee f\u00fcr jeden besonderen Anlass. Wei\u00dfe Keramik-\u00d6lbrenner eignen sich hervorragend f\u00fcr Duft\u00f6le und Duftwachs. Dank der sch\u00f6nen wei\u00dfen Keramik sind sie auch eine attraktive Dekoration f\u00fcr [&hellip;]<\/p>\n","protected":false},"featured_media":266985,"comment_status":"closed","ping_status":"open","template":"","meta":{"_angie_page":false},"product_brand":[],"product_cat":[16519,18408],"product_tag":[],"class_list":{"0":"post-243009","1":"product","2":"type-product","3":"status-publish","4":"has-post-thumbnail","6":"product_cat-aroma-diffuser-duftstabchen-und-olbrenner","7":"product_cat-duftlampen","8":"pa_collection-classic-white-oil-burner-de","9":"pa_made-in-china","11":"first","12":"instock","13":"purchasable","14":"product-type-simple"},"supplier_id":null,"supplier_sku":"OBCW-08","barcode":null,"atum_controlled":true,"out_stock_date":null,"out_stock_threshold":null,"inheritable":false,"inbound_stock":null,"stock_on_hold":0,"sold_today":0,"sales_last_days":0,"reserved_stock":null,"customer_returns":null,"warehouse_damage":null,"lost_in_post":null,"other_logs":null,"out_stock_days":10,"lost_sales":0,"has_location":null,"update_date":"2026-04-27T07:16:18","atum_locations":[],"atum_stock_status":"instock","restock_status":false,"low_stock_amount":"","sales_update_date":"2026-02-06T00:02:33","calc_backorders":null,"_links":{"self":[{"href":"https:\/\/aromasentia.com\/de\/wp-json\/wp\/v2\/product\/243009","targetHints":{"allow":["GET"]}}],"collection":[{"href":"https:\/\/aromasentia.com\/de\/wp-json\/wp\/v2\/product"}],"about":[{"href":"https:\/\/aromasentia.com\/de\/wp-json\/wp\/v2\/types\/product"}],"replies":[{"embeddable":true,"href":"https:\/\/aromasentia.com\/de\/wp-json\/wp\/v2\/comments?post=243009"}],"version-history":[{"count":0,"href":"https:\/\/aromasentia.com\/de\/wp-json\/wp\/v2\/product\/243009\/revisions"}],"wp:featuredmedia":[{"embeddable":true,"href":"https:\/\/aromasentia.com\/de\/wp-json\/wp\/v2\/media\/266985"}],"wp:attachment":[{"href":"https:\/\/aromasentia.com\/de\/wp-json\/wp\/v2\/media?parent=243009"}],"wp:term":[{"taxonomy":"product_brand","embeddable":true,"href":"https:\/\/aromasentia.com\/de\/wp-json\/wp\/v2\/product_brand?post=243009"},{"taxonomy":"product_cat","embeddable":true,"href":"https:\/\/aromasentia.com\/de\/wp-json\/wp\/v2\/product_cat?post=243009"},{"taxonomy":"product_tag","embeddable":true,"href":"https:\/\/aromasentia.com\/de\/wp-json\/wp\/v2\/product_tag?post=243009"}],"curies":[{"name":"wp","href":"https:\/\/api.w.org\/{rel}","templated":true}]}}