{"id":242961,"date":"2025-03-20T15:12:34","date_gmt":"2025-03-20T15:12:34","guid":{"rendered":"https:\/\/aromasentia.com\/product\/evening-primrose-organic-base-oil-100ml\/"},"modified":"2025-12-30T20:41:54","modified_gmt":"2025-12-30T20:41:54","slug":"biologische-basisoele-nachtkerzenoel-100ml","status":"publish","type":"product","link":"https:\/\/aromasentia.com\/de\/biologische-basisoele-nachtkerzenoel-100ml\/","title":{"rendered":"Biologische Basis\u00f6le Nachtkerzen\u00f6l &#8211; 100ml"},"content":{"rendered":"<p><strong>Wissenschaftlicher Name:&nbsp;<\/strong>Oenothera Biennis<\/p>\n<p><strong>Herkunft:<\/strong> Vereinigtes K\u00f6nigreich<\/p>\n<p><strong>Bio-Nachtkerzen-Basis\u00f6l<\/strong> ist reich an Omega-6-Fetts\u00e4uren und hat entz\u00fcndungshemmende und schmerzlindernde Eigenschaften. Es f\u00f6rdert den Heilungsprozess und kann helfen, das Erscheinungsbild von Narben zu reduzieren und Entz\u00fcndungen zu lindern. Wird oft in Kosmetika verwendet, um Haut, Kopfhaut und Haar zu beruhigen und mit Feuchtigkeit zu versorgen.<\/p>\n<p><strong>Farbe und Geruch:<\/strong> Hat eine hellgoldene Farbe und einen milden nussigen Duft.<\/p>\n<p><strong>Textur:<\/strong> Feine Textur.<\/p>\n<p>Dieses Nachtkerzen\u00f6l stammt aus dem Vereinigten K\u00f6nigreich und wird durch Kaltpressung hergestellt.<\/p>\n","protected":false},"excerpt":{"rendered":"<p>Wissenschaftlicher Name:&nbsp;Oenothera Biennis Herkunft: Vereinigtes K\u00f6nigreich Bio-Nachtkerzen-Basis\u00f6l ist reich an Omega-6-Fetts\u00e4uren und hat entz\u00fcndungshemmende und schmerzlindernde Eigenschaften. Es f\u00f6rdert den Heilungsprozess und kann helfen, das Erscheinungsbild von Narben zu reduzieren und Entz\u00fcndungen zu lindern. Wird oft in Kosmetika verwendet, um Haut, Kopfhaut und Haar zu beruhigen und mit Feuchtigkeit zu versorgen. Farbe und Geruch: Hat [&hellip;]<\/p>\n","protected":false},"featured_media":267135,"comment_status":"closed","ping_status":"open","template":"","meta":{"_angie_page":false},"product_brand":[],"product_cat":[16455,23929,26833,25841,26370],"product_tag":[],"class_list":{"0":"post-242961","1":"product","2":"type-product","3":"status-publish","4":"has-post-thumbnail","6":"product_cat-aromatherapie-und-raumdufte","7":"product_cat-basisole","8":"product_cat-blumig","9":"product_cat-dufte-aromen","10":"product_cat-rosen","11":"pa_collection-organic-base-oils-100ml-de","12":"pa_made-in-china","13":"pa_size-100ml","15":"first","16":"instock","17":"purchasable","18":"product-type-simple"},"supplier_id":null,"supplier_sku":"OrgBO-09","barcode":null,"atum_controlled":true,"out_stock_date":null,"out_stock_threshold":null,"inheritable":false,"inbound_stock":null,"stock_on_hold":0,"sold_today":0,"sales_last_days":0,"reserved_stock":null,"customer_returns":null,"warehouse_damage":null,"lost_in_post":null,"other_logs":null,"out_stock_days":0,"lost_sales":0,"has_location":null,"update_date":"2026-04-27T07:16:42","atum_locations":[],"atum_stock_status":"instock","restock_status":false,"low_stock_amount":"","sales_update_date":"2026-02-06T00:02:24","calc_backorders":null,"_links":{"self":[{"href":"https:\/\/aromasentia.com\/de\/wp-json\/wp\/v2\/product\/242961","targetHints":{"allow":["GET"]}}],"collection":[{"href":"https:\/\/aromasentia.com\/de\/wp-json\/wp\/v2\/product"}],"about":[{"href":"https:\/\/aromasentia.com\/de\/wp-json\/wp\/v2\/types\/product"}],"replies":[{"embeddable":true,"href":"https:\/\/aromasentia.com\/de\/wp-json\/wp\/v2\/comments?post=242961"}],"version-history":[{"count":0,"href":"https:\/\/aromasentia.com\/de\/wp-json\/wp\/v2\/product\/242961\/revisions"}],"wp:featuredmedia":[{"embeddable":true,"href":"https:\/\/aromasentia.com\/de\/wp-json\/wp\/v2\/media\/267135"}],"wp:attachment":[{"href":"https:\/\/aromasentia.com\/de\/wp-json\/wp\/v2\/media?parent=242961"}],"wp:term":[{"taxonomy":"product_brand","embeddable":true,"href":"https:\/\/aromasentia.com\/de\/wp-json\/wp\/v2\/product_brand?post=242961"},{"taxonomy":"product_cat","embeddable":true,"href":"https:\/\/aromasentia.com\/de\/wp-json\/wp\/v2\/product_cat?post=242961"},{"taxonomy":"product_tag","embeddable":true,"href":"https:\/\/aromasentia.com\/de\/wp-json\/wp\/v2\/product_tag?post=242961"}],"curies":[{"name":"wp","href":"https:\/\/api.w.org\/{rel}","templated":true}]}}