{"id":242953,"date":"2025-03-20T15:12:34","date_gmt":"2025-03-20T15:12:34","guid":{"rendered":"https:\/\/aromasentia.com\/product\/calendula-organic-base-oil-100ml\/"},"modified":"2025-12-30T20:41:54","modified_gmt":"2025-12-30T20:41:54","slug":"biologische-basisoele-ringelblumenoel-100ml","status":"publish","type":"product","link":"https:\/\/aromasentia.com\/de\/biologische-basisoele-ringelblumenoel-100ml\/","title":{"rendered":"Biologische Basis\u00f6le Ringelblumen\u00f6l &#8211; 100ml"},"content":{"rendered":"<p><strong>Botanischer Name:<\/strong>&nbsp; Calendula Officinalis<\/p>\n<p>Herkunft: Vereinigtes K\u00f6nigreich<\/p>\n<p><strong>Calendula Bio-Basis\u00f6l<\/strong> selbst ist vielseitig einsetzbar. Es soll dank seiner entz\u00fcndungshemmenden und antibakteriellen Eigenschaften bei Hautbeschwerden helfen. Es wird in der Kosmetikindustrie h\u00e4ufig pur oder zur Herstellung von Salben, Cremes oder Balsamen verwendet.&nbsp;<\/p>\n<p><strong>Farbe und Geruch:<\/strong> Gelb bis bernsteinfarben mit &nbsp;mild w\u00fcrzig-s\u00fc\u00dfem Aroma<\/p>\n<p><strong>Textur:&nbsp;<\/strong>Leichte Textur<\/p>\n<p>Dieses Calendula\u00f6l stammt aus aller Welt, kommt aus dem Vereinigten K\u00f6nigreich und wird durch L\u00f6sungsmittelextraktion hergestellt.<\/p>\n<p><strong>CALENDULA\u00d6L SOLLTE UNTER KEINEN UMST\u00c4NDEN VON PERSONEN VERWENDET WERDEN, DIE EINE ALLERGIE GEGEN AMORGANISMUS HABEN.<\/strong><\/p>\n","protected":false},"excerpt":{"rendered":"<p>Botanischer Name:&nbsp; Calendula Officinalis Herkunft: Vereinigtes K\u00f6nigreich Calendula Bio-Basis\u00f6l selbst ist vielseitig einsetzbar. Es soll dank seiner entz\u00fcndungshemmenden und antibakteriellen Eigenschaften bei Hautbeschwerden helfen. Es wird in der Kosmetikindustrie h\u00e4ufig pur oder zur Herstellung von Salben, Cremes oder Balsamen verwendet.&nbsp; Farbe und Geruch: Gelb bis bernsteinfarben mit &nbsp;mild w\u00fcrzig-s\u00fc\u00dfem Aroma Textur:&nbsp;Leichte Textur Dieses Calendula\u00f6l stammt [&hellip;]<\/p>\n","protected":false},"featured_media":267117,"comment_status":"closed","ping_status":"open","template":"","meta":{"_angie_page":false},"product_brand":[],"product_cat":[16455,23929],"product_tag":[],"class_list":{"0":"post-242953","1":"product","2":"type-product","3":"status-publish","4":"has-post-thumbnail","6":"product_cat-aromatherapie-und-raumdufte","7":"product_cat-basisole","8":"pa_collection-organic-base-oils-100ml-de","9":"pa_made-in-vereinigtes-koenigreich","10":"pa_size-100ml","12":"first","13":"instock","14":"purchasable","15":"product-type-simple"},"supplier_id":null,"supplier_sku":"OrgBO-07","barcode":null,"atum_controlled":true,"out_stock_date":null,"out_stock_threshold":null,"inheritable":false,"inbound_stock":null,"stock_on_hold":0,"sold_today":0,"sales_last_days":0,"reserved_stock":null,"customer_returns":null,"warehouse_damage":null,"lost_in_post":null,"other_logs":null,"out_stock_days":0,"lost_sales":0,"has_location":null,"update_date":"2026-04-29T06:53:35","atum_locations":[],"atum_stock_status":"instock","restock_status":false,"low_stock_amount":"","sales_update_date":"2026-02-06T00:00:47","calc_backorders":null,"_links":{"self":[{"href":"https:\/\/aromasentia.com\/de\/wp-json\/wp\/v2\/product\/242953","targetHints":{"allow":["GET"]}}],"collection":[{"href":"https:\/\/aromasentia.com\/de\/wp-json\/wp\/v2\/product"}],"about":[{"href":"https:\/\/aromasentia.com\/de\/wp-json\/wp\/v2\/types\/product"}],"replies":[{"embeddable":true,"href":"https:\/\/aromasentia.com\/de\/wp-json\/wp\/v2\/comments?post=242953"}],"version-history":[{"count":0,"href":"https:\/\/aromasentia.com\/de\/wp-json\/wp\/v2\/product\/242953\/revisions"}],"wp:featuredmedia":[{"embeddable":true,"href":"https:\/\/aromasentia.com\/de\/wp-json\/wp\/v2\/media\/267117"}],"wp:attachment":[{"href":"https:\/\/aromasentia.com\/de\/wp-json\/wp\/v2\/media?parent=242953"}],"wp:term":[{"taxonomy":"product_brand","embeddable":true,"href":"https:\/\/aromasentia.com\/de\/wp-json\/wp\/v2\/product_brand?post=242953"},{"taxonomy":"product_cat","embeddable":true,"href":"https:\/\/aromasentia.com\/de\/wp-json\/wp\/v2\/product_cat?post=242953"},{"taxonomy":"product_tag","embeddable":true,"href":"https:\/\/aromasentia.com\/de\/wp-json\/wp\/v2\/product_tag?post=242953"}],"curies":[{"name":"wp","href":"https:\/\/api.w.org\/{rel}","templated":true}]}}