{"id":242949,"date":"2025-03-20T15:12:34","date_gmt":"2025-03-20T15:12:34","guid":{"rendered":"https:\/\/aromasentia.com\/product\/coconut-organic-base-oil-100ml\/"},"modified":"2025-12-30T20:41:54","modified_gmt":"2025-12-30T20:41:54","slug":"biologische-basisoele-kokosnussoel-100ml","status":"publish","type":"product","link":"https:\/\/aromasentia.com\/de\/biologische-basisoele-kokosnussoel-100ml\/","title":{"rendered":"Biologische Basis\u00f6le Kokosnuss\u00f6l &#8211; 100ml"},"content":{"rendered":"<p><strong>Botanischer Name:<\/strong>Cocos Nucifera<\/p>\n<p><strong>Herkunft:<\/strong> Indonesien<\/p>\n<p><strong>Bio-Kokosnuss-Basis\u00f6l<\/strong> wird h\u00e4ufig als Tr\u00e4ger\u00f6l f\u00fcr \u00e4therische \u00d6le in der Aromatherapie oder bei Massagebehandlungen verwendet. Es hat ausgezeichnete beruhigende, heilende und feuchtigkeitsspendende Eigenschaften, die bei der Linderung vieler Hautirritationen helfen k\u00f6nnen.<\/p>\n<p><strong>Farbe und Geruch:<\/strong> Hat eine klare bis gelbe Farbe und einen geruchlosen Duft.<\/p>\n<p><strong>Textur:<\/strong> Leichte Textur, zieht schnell ein.<\/p>\n<p>Unser Kokosnuss-Basis\u00f6l stammt aus Indonesien und wird durch Kaltpressung hergestellt.<\/p>\n<p><\/p>\n","protected":false},"excerpt":{"rendered":"<p>Botanischer Name:Cocos Nucifera Herkunft: Indonesien Bio-Kokosnuss-Basis\u00f6l wird h\u00e4ufig als Tr\u00e4ger\u00f6l f\u00fcr \u00e4therische \u00d6le in der Aromatherapie oder bei Massagebehandlungen verwendet. Es hat ausgezeichnete beruhigende, heilende und feuchtigkeitsspendende Eigenschaften, die bei der Linderung vieler Hautirritationen helfen k\u00f6nnen. Farbe und Geruch: Hat eine klare bis gelbe Farbe und einen geruchlosen Duft. Textur: Leichte Textur, zieht schnell ein. [&hellip;]<\/p>\n","protected":false},"featured_media":267108,"comment_status":"closed","ping_status":"open","template":"","meta":{"_angie_page":false},"product_brand":[],"product_cat":[16455,23649,23929],"product_tag":[],"class_list":{"0":"post-242949","1":"product","2":"type-product","3":"status-publish","4":"has-post-thumbnail","6":"product_cat-aromatherapie-und-raumdufte","7":"product_cat-atherische-ole","8":"product_cat-basisole","9":"pa_collection-organic-base-oils-100ml-de","10":"pa_made-in-indonesien","11":"pa_size-100ml","13":"first","14":"instock","15":"purchasable","16":"product-type-simple"},"supplier_id":null,"supplier_sku":"OrgBO-06","barcode":null,"atum_controlled":true,"out_stock_date":null,"out_stock_threshold":null,"inheritable":false,"inbound_stock":null,"stock_on_hold":0,"sold_today":0,"sales_last_days":0,"reserved_stock":null,"customer_returns":null,"warehouse_damage":null,"lost_in_post":null,"other_logs":null,"out_stock_days":0,"lost_sales":0,"has_location":null,"update_date":"2026-04-28T18:50:19","atum_locations":[],"atum_stock_status":"instock","restock_status":false,"low_stock_amount":"","sales_update_date":"2026-01-20T05:14:00","calc_backorders":null,"_links":{"self":[{"href":"https:\/\/aromasentia.com\/de\/wp-json\/wp\/v2\/product\/242949","targetHints":{"allow":["GET"]}}],"collection":[{"href":"https:\/\/aromasentia.com\/de\/wp-json\/wp\/v2\/product"}],"about":[{"href":"https:\/\/aromasentia.com\/de\/wp-json\/wp\/v2\/types\/product"}],"replies":[{"embeddable":true,"href":"https:\/\/aromasentia.com\/de\/wp-json\/wp\/v2\/comments?post=242949"}],"version-history":[{"count":0,"href":"https:\/\/aromasentia.com\/de\/wp-json\/wp\/v2\/product\/242949\/revisions"}],"wp:featuredmedia":[{"embeddable":true,"href":"https:\/\/aromasentia.com\/de\/wp-json\/wp\/v2\/media\/267108"}],"wp:attachment":[{"href":"https:\/\/aromasentia.com\/de\/wp-json\/wp\/v2\/media?parent=242949"}],"wp:term":[{"taxonomy":"product_brand","embeddable":true,"href":"https:\/\/aromasentia.com\/de\/wp-json\/wp\/v2\/product_brand?post=242949"},{"taxonomy":"product_cat","embeddable":true,"href":"https:\/\/aromasentia.com\/de\/wp-json\/wp\/v2\/product_cat?post=242949"},{"taxonomy":"product_tag","embeddable":true,"href":"https:\/\/aromasentia.com\/de\/wp-json\/wp\/v2\/product_tag?post=242949"}],"curies":[{"name":"wp","href":"https:\/\/api.w.org\/{rel}","templated":true}]}}