{"id":242913,"date":"2025-03-20T15:12:55","date_gmt":"2025-03-20T15:12:55","guid":{"rendered":"https:\/\/aromasentia.com\/product\/tea-tree-organic-essential-oil-10ml\/"},"modified":"2025-12-30T20:41:46","modified_gmt":"2025-12-30T20:41:46","slug":"bio-aetherisches-teebaumoel","status":"publish","type":"product","link":"https:\/\/aromasentia.com\/de\/bio-aetherisches-teebaumoel\/","title":{"rendered":"Bio \u00e4therisches Teebaum\u00f6l"},"content":{"rendered":"<p><strong>Lateinischer Name:<\/strong> Melaleuca Alternifolia.<br \/><strong>Verwendeter Pflanzenteil:<\/strong> Bl\u00e4tter und Zweige &nbsp;<br \/><strong>Herkunft:<\/strong> Australien<br \/><strong>Extraktionsmethode:<\/strong> Wasserdampfdestillation<\/p>\n<p>Fr\u00fcher wurden die Bl\u00e4tter dieses Baums anscheinend zur Herstellung von Tee aufgegossen, daher der Name. Das \u00e4therische Teebaum\u00f6l ist die konzentrierte Fl\u00fcssigkeit, die aus den Bl\u00e4ttern des Baums Melaleuca alternifolia, der an der Nordostk\u00fcste von New South Wales in Australien heimisch ist, durch Wasserdampfdestillation gewonnen wird. Dem \u00d6l werden aufgrund von Bestandteilen namens Terpenoide wertvolle antiseptische und antimykotische Eigenschaften zugeschrieben, und es wird heute in vielen K\u00f6rperpflegeprodukten und Medikamenten verwendet.<\/p>\n<p><strong>\u00c4therisches Bio-Teebaum\u00f6l<\/strong> soll gut zur Linderung von Verschleimung, Erk\u00e4ltung, Husten und Grippe sein. Es wird verwendet, um Akne, Pilzinfektionen, Schuppen, Vaginalinfektionen, H\u00e4morrhoiden und Fu\u00dfpilz zu heilen und soll Muskelschmerzen und Gelenkverletzungen lindern. Als Zusatz zum Badewasser hilft es, Bakterien unter Kontrolle zu halten. Teebaum\u00f6l darf nicht innerlich eingenommen werden. Es wird normalerweise nur bei Erwachsenen angewendet und muss von Kindern und Haustieren ferngehalten werden. Verwenden Sie es nicht, wenn Sie schwanger sind oder stillen.<\/p>\n<p>Der Teebaum ist im Osten Australiens seit der Antike f\u00fcr seine medizinischen Eigenschaften bekannt. Die australischen Ureinwohner verwenden die zersto\u00dfenen Bl\u00e4tter seit Hunderten von Jahren zur Heilung von Schnitten, Verbrennungen, Wunden und Infektionen. Sie inhalierten die \u00d6le aus den zersto\u00dfenen Bl\u00e4ttern, um Husten und Erk\u00e4ltungen zu lindern. Sie Dieses \u00d6l wurde auf Wunden gestreut und als Umschlag darauf aufgetragen. Aus den Bl\u00e4ttern wurde Tee zubereitet, um Halsschmerzen zu lindern. Zwischen 1920 und 1930 wurde das \u00e4therische \u00d6l dieses Baumes in Europa aufgrund seiner antimikrobiellen Eigenschaften bekannt und verwendet.<\/p>\n","protected":false},"excerpt":{"rendered":"<p>Lateinischer Name: Melaleuca Alternifolia.Verwendeter Pflanzenteil: Bl\u00e4tter und Zweige &nbsp;Herkunft: AustralienExtraktionsmethode: Wasserdampfdestillation Fr\u00fcher wurden die Bl\u00e4tter dieses Baums anscheinend zur Herstellung von Tee aufgegossen, daher der Name. Das \u00e4therische Teebaum\u00f6l ist die konzentrierte Fl\u00fcssigkeit, die aus den Bl\u00e4ttern des Baums Melaleuca alternifolia, der an der Nordostk\u00fcste von New South Wales in Australien heimisch ist, durch Wasserdampfdestillation [&hellip;]<\/p>\n","protected":false},"featured_media":267261,"comment_status":"closed","ping_status":"open","template":"","meta":{"_angie_page":false},"product_brand":[27090],"product_cat":[16455,23649,25841,26868,26658,26408],"product_tag":[],"class_list":{"0":"post-242913","1":"product","2":"type-product","3":"status-publish","4":"has-post-thumbnail","6":"product_brand-ancient-wisdom","7":"product_cat-aromatherapie-und-raumdufte","8":"product_cat-atherische-ole","9":"product_cat-dufte-aromen","10":"product_cat-medizinisch-kampferartig","11":"product_cat-oekologische-aetherische-oele","12":"product_cat-teebaum","13":"pa_collection-10ml-organic-essential-oils-de","14":"pa_made-in-australien","15":"pa_size-10ml","17":"first","18":"instock","19":"purchasable","20":"product-type-simple"},"supplier_id":null,"supplier_sku":"OrgEO-02","barcode":null,"atum_controlled":true,"out_stock_date":null,"out_stock_threshold":null,"inheritable":false,"inbound_stock":null,"stock_on_hold":0,"sold_today":0,"sales_last_days":0,"reserved_stock":null,"customer_returns":null,"warehouse_damage":null,"lost_in_post":null,"other_logs":null,"out_stock_days":0,"lost_sales":0,"has_location":null,"update_date":"2026-05-08T05:15:42","atum_locations":[],"atum_stock_status":"instock","restock_status":false,"low_stock_amount":"","sales_update_date":"2025-09-05T00:17:29","calc_backorders":null,"_links":{"self":[{"href":"https:\/\/aromasentia.com\/de\/wp-json\/wp\/v2\/product\/242913","targetHints":{"allow":["GET"]}}],"collection":[{"href":"https:\/\/aromasentia.com\/de\/wp-json\/wp\/v2\/product"}],"about":[{"href":"https:\/\/aromasentia.com\/de\/wp-json\/wp\/v2\/types\/product"}],"replies":[{"embeddable":true,"href":"https:\/\/aromasentia.com\/de\/wp-json\/wp\/v2\/comments?post=242913"}],"version-history":[{"count":0,"href":"https:\/\/aromasentia.com\/de\/wp-json\/wp\/v2\/product\/242913\/revisions"}],"wp:featuredmedia":[{"embeddable":true,"href":"https:\/\/aromasentia.com\/de\/wp-json\/wp\/v2\/media\/267261"}],"wp:attachment":[{"href":"https:\/\/aromasentia.com\/de\/wp-json\/wp\/v2\/media?parent=242913"}],"wp:term":[{"taxonomy":"product_brand","embeddable":true,"href":"https:\/\/aromasentia.com\/de\/wp-json\/wp\/v2\/product_brand?post=242913"},{"taxonomy":"product_cat","embeddable":true,"href":"https:\/\/aromasentia.com\/de\/wp-json\/wp\/v2\/product_cat?post=242913"},{"taxonomy":"product_tag","embeddable":true,"href":"https:\/\/aromasentia.com\/de\/wp-json\/wp\/v2\/product_tag?post=242913"}],"curies":[{"name":"wp","href":"https:\/\/api.w.org\/{rel}","templated":true}]}}